{"id":5524,"date":"2025-09-26T10:18:38","date_gmt":"2025-09-26T10:18:38","guid":{"rendered":"https:\/\/kraftiapet.com\/?post_type=product&#038;p=5524"},"modified":"2026-04-16T12:28:01","modified_gmt":"2026-04-16T12:28:01","slug":"finest-from-the-sky-pour-chats-sterilises","status":"publish","type":"product","link":"https:\/\/kraftiapet.com\/fr\/produit\/finest-from-the-sky-pour-chats-sterilises\/","title":{"rendered":"Finest From the Sky &#8211; for Sterilised Cats"},"content":{"rendered":"","protected":false},"excerpt":{"rendered":"<p>Finest From the Sky \u2013 Rawival est un aliment haut de gamme pour chats adultes st\u00e9rilis\u00e9s, au canard et \u00e0 la dinde. Le canard cru d\u00e9soss\u00e9 et la dinde crue d\u00e9soss\u00e9e constituent une combinaison savoureuse et \u00e9quilibr\u00e9e : tous deux fournissent des prot\u00e9ines essentielles n\u00e9cessaires au maintien de la masse musculaire. Un taux de mati\u00e8res grasses contr\u00f4l\u00e9 et faible, ainsi que la L-carnitine favorisant la combustion des graisses, aident \u00e0 maintenir un poids sain chez les chats st\u00e9rilis\u00e9s.  <\/p>\n","protected":false},"featured_media":5526,"comment_status":"open","ping_status":"closed","template":"","meta":{"_acf_changed":false},"pwb-brand":[],"product_brand":[399],"product_cat":[400,419],"product_tag":[],"class_list":{"0":"post-5524","1":"product","2":"type-product","3":"status-publish","4":"has-post-thumbnail","6":"product_brand-rawival","7":"product_cat-cat-food","8":"product_cat-adult-cat","10":"first","11":"instock","12":"taxable","13":"shipping-taxable","14":"product-type-variable"},"acf":[],"brands":[],"_links":{"self":[{"href":"https:\/\/kraftiapet.com\/fr\/wp-json\/wp\/v2\/product\/5524","targetHints":{"allow":["GET"]}}],"collection":[{"href":"https:\/\/kraftiapet.com\/fr\/wp-json\/wp\/v2\/product"}],"about":[{"href":"https:\/\/kraftiapet.com\/fr\/wp-json\/wp\/v2\/types\/product"}],"replies":[{"embeddable":true,"href":"https:\/\/kraftiapet.com\/fr\/wp-json\/wp\/v2\/comments?post=5524"}],"wp:featuredmedia":[{"embeddable":true,"href":"https:\/\/kraftiapet.com\/fr\/wp-json\/wp\/v2\/media\/5526"}],"wp:attachment":[{"href":"https:\/\/kraftiapet.com\/fr\/wp-json\/wp\/v2\/media?parent=5524"}],"wp:term":[{"taxonomy":"pwb-brand","embeddable":true,"href":"https:\/\/kraftiapet.com\/fr\/wp-json\/wp\/v2\/pwb-brand?post=5524"},{"taxonomy":"product_brand","embeddable":true,"href":"https:\/\/kraftiapet.com\/fr\/wp-json\/wp\/v2\/product_brand?post=5524"},{"taxonomy":"product_cat","embeddable":true,"href":"https:\/\/kraftiapet.com\/fr\/wp-json\/wp\/v2\/product_cat?post=5524"},{"taxonomy":"product_tag","embeddable":true,"href":"https:\/\/kraftiapet.com\/fr\/wp-json\/wp\/v2\/product_tag?post=5524"}],"curies":[{"name":"wp","href":"https:\/\/api.w.org\/{rel}","templated":true}]}}