{"id":5534,"date":"2025-09-26T10:45:37","date_gmt":"2025-09-26T10:45:37","guid":{"rendered":"https:\/\/kraftiapet.com\/?post_type=product&#038;p=5534"},"modified":"2026-04-16T10:33:09","modified_gmt":"2026-04-16T10:33:09","slug":"les-meilleurs-de-la-mer-du-nord-5","status":"publish","type":"product","link":"https:\/\/kraftiapet.com\/fr\/produit\/les-meilleurs-de-la-mer-du-nord-5\/","title":{"rendered":"Les meilleurs de la mer du Nord"},"content":{"rendered":"","protected":false},"excerpt":{"rendered":"<p>North Sea&rsquo;s Finest \u2013 Rawival est un aliment haut de gamme pour chats adultes, au saumon et au hareng. Le saumon et le hareng fra\u00eechement congel\u00e9s constituent un m\u00e9lange savoureux et d\u00e9sirable de prot\u00e9ines de haute qualit\u00e9, contribuant \u00e0 la sant\u00e9 globale des chats. Associ\u00e9es \u00e0 l&rsquo;huile de saumon, ces prot\u00e9ines aident \u00e0 maintenir une peau saine et un pelage brillant, et leur haute digestibilit\u00e9 contribue au maintien de muscles forts et agiles.  <\/p>\n","protected":false},"featured_media":5536,"comment_status":"open","ping_status":"closed","template":"","meta":{"_acf_changed":false},"pwb-brand":[],"product_brand":[399],"product_cat":[400,419],"product_tag":[],"class_list":{"0":"post-5534","1":"product","2":"type-product","3":"status-publish","4":"has-post-thumbnail","6":"product_brand-rawival","7":"product_cat-cat-food","8":"product_cat-adult-cat","10":"first","11":"instock","12":"taxable","13":"shipping-taxable","14":"product-type-variable"},"acf":[],"brands":[],"_links":{"self":[{"href":"https:\/\/kraftiapet.com\/fr\/wp-json\/wp\/v2\/product\/5534","targetHints":{"allow":["GET"]}}],"collection":[{"href":"https:\/\/kraftiapet.com\/fr\/wp-json\/wp\/v2\/product"}],"about":[{"href":"https:\/\/kraftiapet.com\/fr\/wp-json\/wp\/v2\/types\/product"}],"replies":[{"embeddable":true,"href":"https:\/\/kraftiapet.com\/fr\/wp-json\/wp\/v2\/comments?post=5534"}],"wp:featuredmedia":[{"embeddable":true,"href":"https:\/\/kraftiapet.com\/fr\/wp-json\/wp\/v2\/media\/5536"}],"wp:attachment":[{"href":"https:\/\/kraftiapet.com\/fr\/wp-json\/wp\/v2\/media?parent=5534"}],"wp:term":[{"taxonomy":"pwb-brand","embeddable":true,"href":"https:\/\/kraftiapet.com\/fr\/wp-json\/wp\/v2\/pwb-brand?post=5534"},{"taxonomy":"product_brand","embeddable":true,"href":"https:\/\/kraftiapet.com\/fr\/wp-json\/wp\/v2\/product_brand?post=5534"},{"taxonomy":"product_cat","embeddable":true,"href":"https:\/\/kraftiapet.com\/fr\/wp-json\/wp\/v2\/product_cat?post=5534"},{"taxonomy":"product_tag","embeddable":true,"href":"https:\/\/kraftiapet.com\/fr\/wp-json\/wp\/v2\/product_tag?post=5534"}],"curies":[{"name":"wp","href":"https:\/\/api.w.org\/{rel}","templated":true}]}}