{"id":5543,"date":"2025-09-28T21:58:27","date_gmt":"2025-09-28T21:58:27","guid":{"rendered":"https:\/\/kraftiapet.com\/?post_type=product&#038;p=5543"},"modified":"2026-04-16T10:33:05","modified_gmt":"2026-04-16T10:33:05","slug":"dons-de-champs-et-de-branches","status":"publish","type":"product","link":"https:\/\/kraftiapet.com\/fr\/produit\/dons-de-champs-et-de-branches\/","title":{"rendered":"Dons des champs et de la nature"},"content":{"rendered":"","protected":false},"excerpt":{"rendered":"<p>Gifts of Fields &amp; Branches \u2013 Rawival est un aliment haut de gamme pour chiots de tr\u00e8s petites et petites races, \u00e0 l\u2019agneau et \u00e0 la caille. L\u2019agneau cru d\u00e9soss\u00e9 nourri \u00e0 l\u2019herbe et la caille crue d\u00e9soss\u00e9e offrent un m\u00e9lange parfait de prot\u00e9ines naturelles, apportant les nutriments essentiels n\u00e9cessaires \u00e0 une croissance et \u00e0 un d\u00e9veloppement sains. Un m\u00e9lange de c\u00e9r\u00e9ales saines, y compris des c\u00e9r\u00e9ales anciennes, fournit une \u00e9nergie constante pour la croissance. Cette recette convient \u00e9galement aux femelles gestantes ou allaitantes.  <\/p>\n","protected":false},"featured_media":5544,"comment_status":"open","ping_status":"closed","template":"","meta":{"_acf_changed":false},"pwb-brand":[],"product_brand":[399],"product_cat":[408,416],"product_tag":[],"class_list":{"0":"post-5543","1":"product","2":"type-product","3":"status-publish","4":"has-post-thumbnail","6":"product_brand-rawival","7":"product_cat-dog-food","8":"product_cat-puppy","10":"first","11":"instock","12":"taxable","13":"shipping-taxable","14":"product-type-variable"},"acf":[],"brands":[],"_links":{"self":[{"href":"https:\/\/kraftiapet.com\/fr\/wp-json\/wp\/v2\/product\/5543","targetHints":{"allow":["GET"]}}],"collection":[{"href":"https:\/\/kraftiapet.com\/fr\/wp-json\/wp\/v2\/product"}],"about":[{"href":"https:\/\/kraftiapet.com\/fr\/wp-json\/wp\/v2\/types\/product"}],"replies":[{"embeddable":true,"href":"https:\/\/kraftiapet.com\/fr\/wp-json\/wp\/v2\/comments?post=5543"}],"wp:featuredmedia":[{"embeddable":true,"href":"https:\/\/kraftiapet.com\/fr\/wp-json\/wp\/v2\/media\/5544"}],"wp:attachment":[{"href":"https:\/\/kraftiapet.com\/fr\/wp-json\/wp\/v2\/media?parent=5543"}],"wp:term":[{"taxonomy":"pwb-brand","embeddable":true,"href":"https:\/\/kraftiapet.com\/fr\/wp-json\/wp\/v2\/pwb-brand?post=5543"},{"taxonomy":"product_brand","embeddable":true,"href":"https:\/\/kraftiapet.com\/fr\/wp-json\/wp\/v2\/product_brand?post=5543"},{"taxonomy":"product_cat","embeddable":true,"href":"https:\/\/kraftiapet.com\/fr\/wp-json\/wp\/v2\/product_cat?post=5543"},{"taxonomy":"product_tag","embeddable":true,"href":"https:\/\/kraftiapet.com\/fr\/wp-json\/wp\/v2\/product_tag?post=5543"}],"curies":[{"name":"wp","href":"https:\/\/api.w.org\/{rel}","templated":true}]}}