{"id":5553,"date":"2025-09-29T08:46:19","date_gmt":"2025-09-29T08:46:19","guid":{"rendered":"https:\/\/kraftiapet.com\/?post_type=product&#038;p=5553"},"modified":"2026-04-16T12:15:28","modified_gmt":"2026-04-16T12:15:28","slug":"les-meilleurs-de-la-mer-du-nord-3","status":"publish","type":"product","link":"https:\/\/kraftiapet.com\/fr\/produit\/les-meilleurs-de-la-mer-du-nord-3\/","title":{"rendered":"North Sea\u2019s Finest"},"content":{"rendered":"","protected":false},"excerpt":{"rendered":"<p>North Sea\u2019s Finest \u2013 Rawival est un aliment haut de gamme pour chiens adultes de tr\u00e8s petites et petites races, au saumon et au hareng. Le saumon et le hareng fra\u00eechement congel\u00e9s offrent un m\u00e9lange savoureux, apportant toutes les prot\u00e9ines de qualit\u00e9 n\u00e9cessaires \u00e0 un chien actif. Un m\u00e9lange de c\u00e9r\u00e9ales saines, y compris des c\u00e9r\u00e9ales anciennes, fournit l\u2019\u00e9nergie n\u00e9cessaire \u00e0 l\u2019activit\u00e9 et au jeu. Un ingr\u00e9dient sp\u00e9cifique \u00e0 base d\u2019algues brunes aide \u00e0 soutenir la sant\u00e9 des dents et des gencives.  <\/p>\n","protected":false},"featured_media":5554,"comment_status":"open","ping_status":"closed","template":"","meta":{"_acf_changed":false},"pwb-brand":[],"product_brand":[399],"product_cat":[408,409],"product_tag":[],"class_list":{"0":"post-5553","1":"product","2":"type-product","3":"status-publish","4":"has-post-thumbnail","6":"product_brand-rawival","7":"product_cat-dog-food","8":"product_cat-adult-dog","10":"first","11":"instock","12":"taxable","13":"shipping-taxable","14":"product-type-variable"},"acf":[],"brands":[],"_links":{"self":[{"href":"https:\/\/kraftiapet.com\/fr\/wp-json\/wp\/v2\/product\/5553","targetHints":{"allow":["GET"]}}],"collection":[{"href":"https:\/\/kraftiapet.com\/fr\/wp-json\/wp\/v2\/product"}],"about":[{"href":"https:\/\/kraftiapet.com\/fr\/wp-json\/wp\/v2\/types\/product"}],"replies":[{"embeddable":true,"href":"https:\/\/kraftiapet.com\/fr\/wp-json\/wp\/v2\/comments?post=5553"}],"wp:featuredmedia":[{"embeddable":true,"href":"https:\/\/kraftiapet.com\/fr\/wp-json\/wp\/v2\/media\/5554"}],"wp:attachment":[{"href":"https:\/\/kraftiapet.com\/fr\/wp-json\/wp\/v2\/media?parent=5553"}],"wp:term":[{"taxonomy":"pwb-brand","embeddable":true,"href":"https:\/\/kraftiapet.com\/fr\/wp-json\/wp\/v2\/pwb-brand?post=5553"},{"taxonomy":"product_brand","embeddable":true,"href":"https:\/\/kraftiapet.com\/fr\/wp-json\/wp\/v2\/product_brand?post=5553"},{"taxonomy":"product_cat","embeddable":true,"href":"https:\/\/kraftiapet.com\/fr\/wp-json\/wp\/v2\/product_cat?post=5553"},{"taxonomy":"product_tag","embeddable":true,"href":"https:\/\/kraftiapet.com\/fr\/wp-json\/wp\/v2\/product_tag?post=5553"}],"curies":[{"name":"wp","href":"https:\/\/api.w.org\/{rel}","templated":true}]}}