{"id":5713,"date":"2025-10-07T06:57:56","date_gmt":"2025-10-07T06:57:56","guid":{"rendered":"https:\/\/kraftiapet.com\/?post_type=product&#038;p=5713"},"modified":"2026-04-20T12:09:02","modified_gmt":"2026-04-20T12:09:02","slug":"ur-urinary-care","status":"publish","type":"product","link":"https:\/\/kraftiapet.com\/fr\/produit\/ur-urinary-care\/","title":{"rendered":"UR Urinary Care"},"content":{"rendered":"","protected":false},"excerpt":{"rendered":"<p>UR Urinary Care \u2013 Craftia Galena Veterinary est un aliment di\u00e9t\u00e9tique complet pour chats, d\u00e9velopp\u00e9 comme un aliment v\u00e9t\u00e9rinaire destin\u00e9 aux chats pour le soutien urinaire et la pr\u00e9vention des calculs de struvite. Il est formul\u00e9 pour la dissolution des calculs de struvite, la r\u00e9duction de leur r\u00e9currence et la gestion de la maladie du bas appareil urinaire f\u00e9lin (FLUTD). Cette alimentation pr\u00e9sente des propri\u00e9t\u00e9s d\u2019acidification de l\u2019urine et une faible teneur en magn\u00e9sium, contribuant \u00e0 maintenir la sant\u00e9 urinaire, \u00e0 pr\u00e9venir la formation de cristaux et \u00e0 soutenir le fonctionnement urinaire global.  <\/p>\n<p><strong>QUAND GALENA URINARY CARE ?<\/strong><\/p>\n<ul>\n<li>Pour la dissolution des calculs de struvite<\/li>\n<li>R\u00e9duit la r\u00e9currence des calculs urinaires<\/li>\n<li>Favorise la prise en charge de la maladie des voies urinaires inf\u00e9rieures f\u00e9lines (FLUTD)<\/li>\n<li>Les propri\u00e9t\u00e9s acidifiantes de l&rsquo;urine favorisent un \u00e9quilibre optimal du pH.<\/li>\n<li>La faible teneur en magn\u00e9sium aide \u00e0 pr\u00e9venir la formation de cristaux<\/li>\n<li>Recommand\u00e9 pour les chats sujets aux troubles urinaires ou aux cystites r\u00e9currentes<\/li>\n<\/ul>\n","protected":false},"featured_media":5716,"comment_status":"open","ping_status":"closed","template":"","meta":{"_acf_changed":false},"pwb-brand":[],"product_brand":[432],"product_cat":[400,419],"product_tag":[],"class_list":{"0":"post-5713","1":"product","2":"type-product","3":"status-publish","4":"has-post-thumbnail","6":"product_brand-craftia-galena","7":"product_cat-cat-food","8":"product_cat-adult-cat","10":"first","11":"instock","12":"taxable","13":"shipping-taxable","14":"product-type-variable"},"acf":[],"brands":[],"_links":{"self":[{"href":"https:\/\/kraftiapet.com\/fr\/wp-json\/wp\/v2\/product\/5713","targetHints":{"allow":["GET"]}}],"collection":[{"href":"https:\/\/kraftiapet.com\/fr\/wp-json\/wp\/v2\/product"}],"about":[{"href":"https:\/\/kraftiapet.com\/fr\/wp-json\/wp\/v2\/types\/product"}],"replies":[{"embeddable":true,"href":"https:\/\/kraftiapet.com\/fr\/wp-json\/wp\/v2\/comments?post=5713"}],"wp:featuredmedia":[{"embeddable":true,"href":"https:\/\/kraftiapet.com\/fr\/wp-json\/wp\/v2\/media\/5716"}],"wp:attachment":[{"href":"https:\/\/kraftiapet.com\/fr\/wp-json\/wp\/v2\/media?parent=5713"}],"wp:term":[{"taxonomy":"pwb-brand","embeddable":true,"href":"https:\/\/kraftiapet.com\/fr\/wp-json\/wp\/v2\/pwb-brand?post=5713"},{"taxonomy":"product_brand","embeddable":true,"href":"https:\/\/kraftiapet.com\/fr\/wp-json\/wp\/v2\/product_brand?post=5713"},{"taxonomy":"product_cat","embeddable":true,"href":"https:\/\/kraftiapet.com\/fr\/wp-json\/wp\/v2\/product_cat?post=5713"},{"taxonomy":"product_tag","embeddable":true,"href":"https:\/\/kraftiapet.com\/fr\/wp-json\/wp\/v2\/product_tag?post=5713"}],"curies":[{"name":"wp","href":"https:\/\/api.w.org\/{rel}","templated":true}]}}