{"id":5714,"date":"2025-10-06T11:58:33","date_gmt":"2025-10-06T11:58:33","guid":{"rendered":"https:\/\/kraftiapet.com\/?post_type=product&#038;p=5714"},"modified":"2026-04-20T12:09:04","modified_gmt":"2026-04-20T12:09:04","slug":"gc-gastrointestinal-care-2","status":"publish","type":"product","link":"https:\/\/kraftiapet.com\/fr\/produit\/gc-gastrointestinal-care-2\/","title":{"rendered":"GC Gastrointestinal Care"},"content":{"rendered":"","protected":false},"excerpt":{"rendered":"<p>&lt;p&gt;GC Gastrointestinal Care &#8211; Craftia Galena Veterinary est un aliment di\u00e9t\u00e9tique complet pour chats, formul\u00e9 comme aliment v\u00e9t\u00e9rinaire pour chats pour le soutien digestif et les soins gastro-intestinaux. Il est con\u00e7u pour r\u00e9duire les troubles de l&rsquo;absorption intestinale et pour compenser la maldigestion et l&rsquo;insuffisance pancr\u00e9atique exocrine. L&rsquo;alimentation comprend des ingr\u00e9dients hautement digestibles avec des niveaux \u00e9lev\u00e9s de sodium et de potassium pour stabiliser l&rsquo;\u00e9quilibre \u00e9lectrolytique, soutenir la r\u00e9cup\u00e9ration intestinale et am\u00e9liorer l&rsquo;assimilation des nutriments.  &lt;\/p&gt;<br \/>\n&lt;p&gt;&lt;strong&gt;QUAND LES SOINS GASTROINTESTINAUX DE GALENA ?&lt;\/strong&gt;&lt;\/p&gt;<br \/>\n&lt;ul&gt;<br \/>\n&lt;li&gt;Pour la r\u00e9duction des troubles de l&rsquo;absorption intestinale&lt;\/li&gt;<br \/>\n&lt;li&gt;En compensation d&rsquo;une mauvaise digestion ou d&rsquo;une insuffisance pancr\u00e9atique&lt;\/li&gt;<br \/>\n&lt;li&gt;Favorise la performance digestive et l&rsquo;absorption des nutriments&lt;\/li&gt;<br \/>\n&lt;li&gt;Augmente la stabilit\u00e9 des \u00e9lectrolytes avec le sodium et le potassium&lt;\/li&gt;<br \/>\n&lt;li&gt;Recommand\u00e9 pour les chats souffrant de probl\u00e8mes gastro-intestinaux chroniques ou aigus&lt;\/li&gt;<br \/>\n&lt;\/ul&gt;<\/p>\n","protected":false},"featured_media":5715,"comment_status":"open","ping_status":"closed","template":"","meta":{"_acf_changed":false},"pwb-brand":[],"product_brand":[432],"product_cat":[400,419],"product_tag":[],"class_list":{"0":"post-5714","1":"product","2":"type-product","3":"status-publish","4":"has-post-thumbnail","6":"product_brand-craftia-galena","7":"product_cat-cat-food","8":"product_cat-adult-cat","10":"first","11":"instock","12":"taxable","13":"shipping-taxable","14":"product-type-variable"},"acf":[],"brands":[],"_links":{"self":[{"href":"https:\/\/kraftiapet.com\/fr\/wp-json\/wp\/v2\/product\/5714","targetHints":{"allow":["GET"]}}],"collection":[{"href":"https:\/\/kraftiapet.com\/fr\/wp-json\/wp\/v2\/product"}],"about":[{"href":"https:\/\/kraftiapet.com\/fr\/wp-json\/wp\/v2\/types\/product"}],"replies":[{"embeddable":true,"href":"https:\/\/kraftiapet.com\/fr\/wp-json\/wp\/v2\/comments?post=5714"}],"wp:featuredmedia":[{"embeddable":true,"href":"https:\/\/kraftiapet.com\/fr\/wp-json\/wp\/v2\/media\/5715"}],"wp:attachment":[{"href":"https:\/\/kraftiapet.com\/fr\/wp-json\/wp\/v2\/media?parent=5714"}],"wp:term":[{"taxonomy":"pwb-brand","embeddable":true,"href":"https:\/\/kraftiapet.com\/fr\/wp-json\/wp\/v2\/pwb-brand?post=5714"},{"taxonomy":"product_brand","embeddable":true,"href":"https:\/\/kraftiapet.com\/fr\/wp-json\/wp\/v2\/product_brand?post=5714"},{"taxonomy":"product_cat","embeddable":true,"href":"https:\/\/kraftiapet.com\/fr\/wp-json\/wp\/v2\/product_cat?post=5714"},{"taxonomy":"product_tag","embeddable":true,"href":"https:\/\/kraftiapet.com\/fr\/wp-json\/wp\/v2\/product_tag?post=5714"}],"curies":[{"name":"wp","href":"https:\/\/api.w.org\/{rel}","templated":true}]}}