{"id":5721,"date":"2025-10-06T12:07:59","date_gmt":"2025-10-06T12:07:59","guid":{"rendered":"https:\/\/kraftiapet.com\/?post_type=product&#038;p=5721"},"modified":"2026-04-20T12:09:04","modified_gmt":"2026-04-20T12:09:04","slug":"rc-renal-care-2","status":"publish","type":"product","link":"https:\/\/kraftiapet.com\/fr\/produit\/rc-renal-care-2\/","title":{"rendered":"RC Renal Care"},"content":{"rendered":"","protected":false},"excerpt":{"rendered":"<p>RC Renal Care \u2013 Craftia Galena Veterinary est un aliment di\u00e9t\u00e9tique complet pour chats, formul\u00e9 comme un aliment v\u00e9t\u00e9rinaire destin\u00e9 aux chats pour le soutien r\u00e9nal. Il est con\u00e7u pour soutenir la fonction r\u00e9nale en cas d\u2019insuffisance r\u00e9nale chronique ou temporaire. La formule aide \u00e0 r\u00e9duire la charge r\u00e9nale, \u00e0 maintenir des niveaux de min\u00e9raux \u00e9quilibr\u00e9s et \u00e0 soutenir l\u2019app\u00e9tit et la vitalit\u00e9 des chats atteints d\u2019insuffisance r\u00e9nale.  <\/p>\n<p><strong>QUAND GALENA RENAL CARE ?<\/strong><\/p>\n<ul>\n<li>En cas d&rsquo;insuffisance r\u00e9nale chronique ou temporaire<\/li>\n<li>Favorise la fonction r\u00e9nale et la d\u00e9sintoxication<\/li>\n<li>Aide \u00e0 \u00e9quilibrer les niveaux de phosphore et de sodium<\/li>\n<li>Favorise l&rsquo;hydratation et l&rsquo;app\u00e9tit<\/li>\n<li>Recommand\u00e9 pour les chats souffrant de troubles r\u00e9naux ou li\u00e9s \u00e0 l&rsquo;\u00e2ge.<\/li>\n<\/ul>\n","protected":false},"featured_media":5723,"comment_status":"open","ping_status":"closed","template":"","meta":{"_acf_changed":false},"pwb-brand":[],"product_brand":[432],"product_cat":[400,419],"product_tag":[],"class_list":{"0":"post-5721","1":"product","2":"type-product","3":"status-publish","4":"has-post-thumbnail","6":"product_brand-craftia-galena","7":"product_cat-cat-food","8":"product_cat-adult-cat","10":"first","11":"instock","12":"taxable","13":"shipping-taxable","14":"product-type-variable"},"acf":[],"brands":[],"_links":{"self":[{"href":"https:\/\/kraftiapet.com\/fr\/wp-json\/wp\/v2\/product\/5721","targetHints":{"allow":["GET"]}}],"collection":[{"href":"https:\/\/kraftiapet.com\/fr\/wp-json\/wp\/v2\/product"}],"about":[{"href":"https:\/\/kraftiapet.com\/fr\/wp-json\/wp\/v2\/types\/product"}],"replies":[{"embeddable":true,"href":"https:\/\/kraftiapet.com\/fr\/wp-json\/wp\/v2\/comments?post=5721"}],"wp:featuredmedia":[{"embeddable":true,"href":"https:\/\/kraftiapet.com\/fr\/wp-json\/wp\/v2\/media\/5723"}],"wp:attachment":[{"href":"https:\/\/kraftiapet.com\/fr\/wp-json\/wp\/v2\/media?parent=5721"}],"wp:term":[{"taxonomy":"pwb-brand","embeddable":true,"href":"https:\/\/kraftiapet.com\/fr\/wp-json\/wp\/v2\/pwb-brand?post=5721"},{"taxonomy":"product_brand","embeddable":true,"href":"https:\/\/kraftiapet.com\/fr\/wp-json\/wp\/v2\/product_brand?post=5721"},{"taxonomy":"product_cat","embeddable":true,"href":"https:\/\/kraftiapet.com\/fr\/wp-json\/wp\/v2\/product_cat?post=5721"},{"taxonomy":"product_tag","embeddable":true,"href":"https:\/\/kraftiapet.com\/fr\/wp-json\/wp\/v2\/product_tag?post=5721"}],"curies":[{"name":"wp","href":"https:\/\/api.w.org\/{rel}","templated":true}]}}