{"id":5729,"date":"2025-10-06T12:22:23","date_gmt":"2025-10-06T12:22:23","guid":{"rendered":"https:\/\/kraftiapet.com\/?post_type=product&#038;p=5729"},"modified":"2026-04-20T12:09:03","modified_gmt":"2026-04-20T12:09:03","slug":"rcc-soins-de-recuperation-et-de-convalescence","status":"publish","type":"product","link":"https:\/\/kraftiapet.com\/fr\/produit\/rcc-soins-de-recuperation-et-de-convalescence\/","title":{"rendered":"RCC Soins de r\u00e9cup\u00e9ration et de convalescence"},"content":{"rendered":"","protected":false},"excerpt":{"rendered":"<p>RCC Recovery &amp; Convalescence Care &#8211; Craftia Galena Veterinary est un aliment di\u00e9t\u00e9tique complet pour chats, formul\u00e9 comme un aliment v\u00e9t\u00e9rinaire pour chats en convalescence. Il favorise le r\u00e9tablissement nutritionnel pendant la maladie, la chirurgie ou les p\u00e9riodes de convalescence en fournissant une densit\u00e9 \u00e9nerg\u00e9tique \u00e9lev\u00e9e, des nutriments essentiels et des ingr\u00e9dients faciles \u00e0 dig\u00e9rer. La formule aide \u00e0 restaurer l&rsquo;app\u00e9tit, \u00e0 favoriser la r\u00e9g\u00e9n\u00e9ration des tissus et \u00e0 soutenir la r\u00e9cup\u00e9ration m\u00e9tabolique chez les chats affaiblis ou sous-aliment\u00e9s.  <\/p>\n<p><strong>QUAND GALENA RECOVERY &amp; CONVALESCENCE CARE ?<\/strong><\/p>\n<ul>\n<li>Pour le r\u00e9tablissement de la nutrition apr\u00e8s une maladie ou une intervention chirurgicale<\/li>\n<li>Favorise la convalescence et la r\u00e9cup\u00e9ration d&rsquo;\u00e9nergie<\/li>\n<li>Formule \u00e0 haute teneur en \u00e9nergie et en nutriments<\/li>\n<li>Stimule l&rsquo;app\u00e9tit et la vitalit\u00e9<\/li>\n<li>Recommand\u00e9 pour les chats affaiblis ou en sous-poids<\/li>\n<\/ul>\n","protected":false},"featured_media":5731,"comment_status":"open","ping_status":"closed","template":"","meta":{"_acf_changed":false},"pwb-brand":[],"product_brand":[432],"product_cat":[400,419],"product_tag":[],"class_list":{"0":"post-5729","1":"product","2":"type-product","3":"status-publish","4":"has-post-thumbnail","6":"product_brand-craftia-galena","7":"product_cat-cat-food","8":"product_cat-adult-cat","10":"first","11":"instock","12":"taxable","13":"shipping-taxable","14":"product-type-variable"},"acf":[],"brands":[],"_links":{"self":[{"href":"https:\/\/kraftiapet.com\/fr\/wp-json\/wp\/v2\/product\/5729","targetHints":{"allow":["GET"]}}],"collection":[{"href":"https:\/\/kraftiapet.com\/fr\/wp-json\/wp\/v2\/product"}],"about":[{"href":"https:\/\/kraftiapet.com\/fr\/wp-json\/wp\/v2\/types\/product"}],"replies":[{"embeddable":true,"href":"https:\/\/kraftiapet.com\/fr\/wp-json\/wp\/v2\/comments?post=5729"}],"wp:featuredmedia":[{"embeddable":true,"href":"https:\/\/kraftiapet.com\/fr\/wp-json\/wp\/v2\/media\/5731"}],"wp:attachment":[{"href":"https:\/\/kraftiapet.com\/fr\/wp-json\/wp\/v2\/media?parent=5729"}],"wp:term":[{"taxonomy":"pwb-brand","embeddable":true,"href":"https:\/\/kraftiapet.com\/fr\/wp-json\/wp\/v2\/pwb-brand?post=5729"},{"taxonomy":"product_brand","embeddable":true,"href":"https:\/\/kraftiapet.com\/fr\/wp-json\/wp\/v2\/product_brand?post=5729"},{"taxonomy":"product_cat","embeddable":true,"href":"https:\/\/kraftiapet.com\/fr\/wp-json\/wp\/v2\/product_cat?post=5729"},{"taxonomy":"product_tag","embeddable":true,"href":"https:\/\/kraftiapet.com\/fr\/wp-json\/wp\/v2\/product_tag?post=5729"}],"curies":[{"name":"wp","href":"https:\/\/api.w.org\/{rel}","templated":true}]}}