{"id":5730,"date":"2025-10-07T08:35:22","date_gmt":"2025-10-07T08:35:22","guid":{"rendered":"https:\/\/kraftiapet.com\/?post_type=product&#038;p=5730"},"modified":"2026-04-20T12:09:02","modified_gmt":"2026-04-20T12:09:02","slug":"wm-weight-management","status":"publish","type":"product","link":"https:\/\/kraftiapet.com\/fr\/produit\/wm-weight-management\/","title":{"rendered":"WM Weight Management"},"content":{"rendered":"","protected":false},"excerpt":{"rendered":"<p>WM Weight Management \u2013 Craftia Galena Veterinary est un aliment di\u00e9t\u00e9tique complet pour chiens, formul\u00e9 comme un aliment v\u00e9t\u00e9rinaire destin\u00e9 aux chiens pour la gestion du poids et le contr\u00f4le de l\u2019ob\u00e9sit\u00e9. Il est con\u00e7u pour aider \u00e0 r\u00e9duire l\u2019exc\u00e8s de poids corporel gr\u00e2ce \u00e0 une teneur calorique contr\u00f4l\u00e9e, des nutriments \u00e9quilibr\u00e9s et des niveaux de prot\u00e9ines optimaux qui pr\u00e9servent la masse musculaire maigre. Cette alimentation v\u00e9t\u00e9rinaire favorise un m\u00e9tabolisme sain et le maintien du poids \u00e0 long terme.  <\/p>\n<p><strong>QUAND GALENA GESTION DU POIDS ?<\/strong><\/p>\n<ul>\n<li>Pour la r\u00e9duction et le contr\u00f4le d&rsquo;un poids corporel excessif<\/li>\n<li>Favorise le m\u00e9tabolisme des graisses et pr\u00e9serve la masse musculaire<\/li>\n<li>Favorise un bon \u00e9quilibre \u00e9nerg\u00e9tique<\/li>\n<li>Recommand\u00e9 pour les chiens en surpoids ou ob\u00e8ses<\/li>\n<li>Aide \u00e0 maintenir le poids id\u00e9al apr\u00e8s une perte de poids<\/li>\n<\/ul>\n","protected":false},"featured_media":5732,"comment_status":"open","ping_status":"closed","template":"","meta":{"_acf_changed":false},"pwb-brand":[],"product_brand":[432],"product_cat":[408,409],"product_tag":[],"class_list":{"0":"post-5730","1":"product","2":"type-product","3":"status-publish","4":"has-post-thumbnail","6":"product_brand-craftia-galena","7":"product_cat-dog-food","8":"product_cat-adult-dog","10":"first","11":"instock","12":"taxable","13":"shipping-taxable","14":"product-type-variable"},"acf":[],"brands":[],"_links":{"self":[{"href":"https:\/\/kraftiapet.com\/fr\/wp-json\/wp\/v2\/product\/5730","targetHints":{"allow":["GET"]}}],"collection":[{"href":"https:\/\/kraftiapet.com\/fr\/wp-json\/wp\/v2\/product"}],"about":[{"href":"https:\/\/kraftiapet.com\/fr\/wp-json\/wp\/v2\/types\/product"}],"replies":[{"embeddable":true,"href":"https:\/\/kraftiapet.com\/fr\/wp-json\/wp\/v2\/comments?post=5730"}],"wp:featuredmedia":[{"embeddable":true,"href":"https:\/\/kraftiapet.com\/fr\/wp-json\/wp\/v2\/media\/5732"}],"wp:attachment":[{"href":"https:\/\/kraftiapet.com\/fr\/wp-json\/wp\/v2\/media?parent=5730"}],"wp:term":[{"taxonomy":"pwb-brand","embeddable":true,"href":"https:\/\/kraftiapet.com\/fr\/wp-json\/wp\/v2\/pwb-brand?post=5730"},{"taxonomy":"product_brand","embeddable":true,"href":"https:\/\/kraftiapet.com\/fr\/wp-json\/wp\/v2\/product_brand?post=5730"},{"taxonomy":"product_cat","embeddable":true,"href":"https:\/\/kraftiapet.com\/fr\/wp-json\/wp\/v2\/product_cat?post=5730"},{"taxonomy":"product_tag","embeddable":true,"href":"https:\/\/kraftiapet.com\/fr\/wp-json\/wp\/v2\/product_tag?post=5730"}],"curies":[{"name":"wp","href":"https:\/\/api.w.org\/{rel}","templated":true}]}}