{"id":5738,"date":"2025-10-07T08:55:42","date_gmt":"2025-10-07T08:55:42","guid":{"rendered":"https:\/\/kraftiapet.com\/?post_type=product&#038;p=5738"},"modified":"2026-04-20T12:09:01","modified_gmt":"2026-04-20T12:09:01","slug":"gc-gastrointestinal-care","status":"publish","type":"product","link":"https:\/\/kraftiapet.com\/fr\/produit\/gc-gastrointestinal-care\/","title":{"rendered":"GC Gastrointestinal Care"},"content":{"rendered":"","protected":false},"excerpt":{"rendered":"<p>GC Gastrointestinal Care \u2013 Craftia Galena Veterinary est un aliment di\u00e9t\u00e9tique complet pour chiens, formul\u00e9 comme un aliment v\u00e9t\u00e9rinaire destin\u00e9 aux chiens pour le soutien digestif. Il est con\u00e7u pour r\u00e9duire les troubles de l\u2019absorption intestinale et pour compenser la maldigestion ainsi que l\u2019insuffisance pancr\u00e9atique exocrine. Cette alimentation hautement digestible fournit des niveaux accrus de sodium et de potassium afin de soutenir l\u2019\u00e9quilibre \u00e9lectrolytique, de restaurer l\u2019absorption des nutriments et de favoriser une digestion saine.  <\/p>\n<p><strong>QUAND GALENA GASTROINTESTINAL CARE ?<\/strong><\/p>\n<ul>\n<li>Pour les troubles de l&rsquo;absorption intestinale et la maldigestion<\/li>\n<li>Soutient les chiens souffrant d&rsquo;insuffisance pancr\u00e9atique exocrine<\/li>\n<li>Hautement digestible avec des \u00e9lectrolytes \u00e9quilibr\u00e9s<\/li>\n<li>Am\u00e9liore l&rsquo;absorption des nutriments et la qualit\u00e9 des selles<\/li>\n<li>Recommand\u00e9 pour les chiens ayant une digestion sensible ou perturb\u00e9e<\/li>\n<\/ul>\n","protected":false},"featured_media":5742,"comment_status":"open","ping_status":"closed","template":"","meta":{"_acf_changed":false},"pwb-brand":[],"product_brand":[432],"product_cat":[408,409],"product_tag":[],"class_list":{"0":"post-5738","1":"product","2":"type-product","3":"status-publish","4":"has-post-thumbnail","6":"product_brand-craftia-galena","7":"product_cat-dog-food","8":"product_cat-adult-dog","10":"first","11":"instock","12":"taxable","13":"shipping-taxable","14":"product-type-variable"},"acf":[],"brands":[],"_links":{"self":[{"href":"https:\/\/kraftiapet.com\/fr\/wp-json\/wp\/v2\/product\/5738","targetHints":{"allow":["GET"]}}],"collection":[{"href":"https:\/\/kraftiapet.com\/fr\/wp-json\/wp\/v2\/product"}],"about":[{"href":"https:\/\/kraftiapet.com\/fr\/wp-json\/wp\/v2\/types\/product"}],"replies":[{"embeddable":true,"href":"https:\/\/kraftiapet.com\/fr\/wp-json\/wp\/v2\/comments?post=5738"}],"wp:featuredmedia":[{"embeddable":true,"href":"https:\/\/kraftiapet.com\/fr\/wp-json\/wp\/v2\/media\/5742"}],"wp:attachment":[{"href":"https:\/\/kraftiapet.com\/fr\/wp-json\/wp\/v2\/media?parent=5738"}],"wp:term":[{"taxonomy":"pwb-brand","embeddable":true,"href":"https:\/\/kraftiapet.com\/fr\/wp-json\/wp\/v2\/pwb-brand?post=5738"},{"taxonomy":"product_brand","embeddable":true,"href":"https:\/\/kraftiapet.com\/fr\/wp-json\/wp\/v2\/product_brand?post=5738"},{"taxonomy":"product_cat","embeddable":true,"href":"https:\/\/kraftiapet.com\/fr\/wp-json\/wp\/v2\/product_cat?post=5738"},{"taxonomy":"product_tag","embeddable":true,"href":"https:\/\/kraftiapet.com\/fr\/wp-json\/wp\/v2\/product_tag?post=5738"}],"curies":[{"name":"wp","href":"https:\/\/api.w.org\/{rel}","templated":true}]}}