{"id":5745,"date":"2025-10-07T09:18:46","date_gmt":"2025-10-07T09:18:46","guid":{"rendered":"https:\/\/kraftiapet.com\/?post_type=product&#038;p=5745"},"modified":"2026-04-20T12:09:01","modified_gmt":"2026-04-20T12:09:01","slug":"rc-renal-care","status":"publish","type":"product","link":"https:\/\/kraftiapet.com\/fr\/produit\/rc-renal-care\/","title":{"rendered":"RC Renal Care"},"content":{"rendered":"","protected":false},"excerpt":{"rendered":"<p>RC Renal Care \u2013 Craftia Galena Veterinary est un aliment di\u00e9t\u00e9tique complet pour chiens, d\u00e9velopp\u00e9 comme un aliment v\u00e9t\u00e9rinaire destin\u00e9 aux chiens pour le soutien r\u00e9nal. Il est formul\u00e9 pour soutenir la fonction r\u00e9nale en cas d\u2019insuffisance r\u00e9nale chronique ou temporaire. Cette alimentation sp\u00e9cialis\u00e9e aide \u00e0 r\u00e9duire la charge r\u00e9nale, \u00e0 maintenir des niveaux de min\u00e9raux \u00e9quilibr\u00e9s et contribue \u00e0 soutenir la vitalit\u00e9 g\u00e9n\u00e9rale des chiens dont la fonction r\u00e9nale est compromise.  <\/p>\n<p><strong>QUAND GALENA RENAL CARE ?<\/strong><\/p>\n<ul>\n<li>En cas d&rsquo;insuffisance r\u00e9nale chronique ou temporaire<\/li>\n<li>Favorise la fonction r\u00e9nale et la d\u00e9sintoxication<\/li>\n<li>Aide \u00e0 \u00e9quilibrer les niveaux de phosphore et de sodium<\/li>\n<li>Favorise l&rsquo;app\u00e9tit et l&rsquo;hydratation<\/li>\n<li>Recommand\u00e9 pour les chiens souffrant d&rsquo;affections r\u00e9nales ou de probl\u00e8mes r\u00e9naux li\u00e9s au vieillissement.<\/li>\n<\/ul>\n","protected":false},"featured_media":5747,"comment_status":"open","ping_status":"closed","template":"","meta":{"_acf_changed":false},"pwb-brand":[],"product_brand":[432],"product_cat":[408,409],"product_tag":[],"class_list":{"0":"post-5745","1":"product","2":"type-product","3":"status-publish","4":"has-post-thumbnail","6":"product_brand-craftia-galena","7":"product_cat-dog-food","8":"product_cat-adult-dog","10":"first","11":"instock","12":"taxable","13":"shipping-taxable","14":"product-type-variable"},"acf":[],"brands":[],"_links":{"self":[{"href":"https:\/\/kraftiapet.com\/fr\/wp-json\/wp\/v2\/product\/5745","targetHints":{"allow":["GET"]}}],"collection":[{"href":"https:\/\/kraftiapet.com\/fr\/wp-json\/wp\/v2\/product"}],"about":[{"href":"https:\/\/kraftiapet.com\/fr\/wp-json\/wp\/v2\/types\/product"}],"replies":[{"embeddable":true,"href":"https:\/\/kraftiapet.com\/fr\/wp-json\/wp\/v2\/comments?post=5745"}],"wp:featuredmedia":[{"embeddable":true,"href":"https:\/\/kraftiapet.com\/fr\/wp-json\/wp\/v2\/media\/5747"}],"wp:attachment":[{"href":"https:\/\/kraftiapet.com\/fr\/wp-json\/wp\/v2\/media?parent=5745"}],"wp:term":[{"taxonomy":"pwb-brand","embeddable":true,"href":"https:\/\/kraftiapet.com\/fr\/wp-json\/wp\/v2\/pwb-brand?post=5745"},{"taxonomy":"product_brand","embeddable":true,"href":"https:\/\/kraftiapet.com\/fr\/wp-json\/wp\/v2\/product_brand?post=5745"},{"taxonomy":"product_cat","embeddable":true,"href":"https:\/\/kraftiapet.com\/fr\/wp-json\/wp\/v2\/product_cat?post=5745"},{"taxonomy":"product_tag","embeddable":true,"href":"https:\/\/kraftiapet.com\/fr\/wp-json\/wp\/v2\/product_tag?post=5745"}],"curies":[{"name":"wp","href":"https:\/\/api.w.org\/{rel}","templated":true}]}}