{"id":5746,"date":"2025-10-07T05:48:17","date_gmt":"2025-10-07T05:48:17","guid":{"rendered":"https:\/\/kraftiapet.com\/?post_type=product&#038;p=5746"},"modified":"2026-04-20T12:09:03","modified_gmt":"2026-04-20T12:09:03","slug":"wjmc-weight-joint-mobility-care-2","status":"publish","type":"product","link":"https:\/\/kraftiapet.com\/fr\/produit\/wjmc-weight-joint-mobility-care-2\/","title":{"rendered":"WJMC Weight &amp; Joint Mobility Care"},"content":{"rendered":"","protected":false},"excerpt":{"rendered":"<p>WJMC Weight &amp; Joint Mobility Care \u2013 Craftia Galena Veterinary est un aliment di\u00e9t\u00e9tique complet pour chats, formul\u00e9 comme un aliment v\u00e9t\u00e9rinaire destin\u00e9 aux chats pour la gestion du poids et le soutien articulaire. Il aide \u00e0 r\u00e9duire l\u2019exc\u00e8s de poids corporel et soutient le m\u00e9tabolisme articulaire en cas d\u2019ost\u00e9oarthrose. Cette recette \u00e9quilibr\u00e9e comprend des niveaux d\u2019\u00e9nergie contr\u00f4l\u00e9s et des nutriments essentiels afin de pr\u00e9server la masse musculaire, maintenir la flexibilit\u00e9 et contribuer au confort des chats en surpoids ou \u00e2g\u00e9s.  <\/p>\n<p><strong>QUAND GALENA WEIGHT &amp; JOINT MOBILITY CARE ?<\/strong><\/p>\n<ul>\n<li>Pour la r\u00e9duction et le contr\u00f4le d&rsquo;un poids corporel excessif<\/li>\n<li>Favorise le m\u00e9tabolisme des articulations en cas d&rsquo;arthrose<\/li>\n<li>Am\u00e9liore la mobilit\u00e9 et la flexibilit\u00e9<\/li>\n<li>Aide \u00e0 maintenir la masse musculaire maigre pendant la perte de poids<\/li>\n<li>Recommand\u00e9 pour les chats en surpoids, \u00e2g\u00e9s ou peu actifs.<\/li>\n<\/ul>\n","protected":false},"featured_media":5748,"comment_status":"open","ping_status":"closed","template":"","meta":{"_acf_changed":false},"pwb-brand":[],"product_brand":[432],"product_cat":[400,419],"product_tag":[],"class_list":{"0":"post-5746","1":"product","2":"type-product","3":"status-publish","4":"has-post-thumbnail","6":"product_brand-craftia-galena","7":"product_cat-cat-food","8":"product_cat-adult-cat","10":"first","11":"instock","12":"taxable","13":"shipping-taxable","14":"product-type-variable"},"acf":[],"brands":[],"_links":{"self":[{"href":"https:\/\/kraftiapet.com\/fr\/wp-json\/wp\/v2\/product\/5746","targetHints":{"allow":["GET"]}}],"collection":[{"href":"https:\/\/kraftiapet.com\/fr\/wp-json\/wp\/v2\/product"}],"about":[{"href":"https:\/\/kraftiapet.com\/fr\/wp-json\/wp\/v2\/types\/product"}],"replies":[{"embeddable":true,"href":"https:\/\/kraftiapet.com\/fr\/wp-json\/wp\/v2\/comments?post=5746"}],"wp:featuredmedia":[{"embeddable":true,"href":"https:\/\/kraftiapet.com\/fr\/wp-json\/wp\/v2\/media\/5748"}],"wp:attachment":[{"href":"https:\/\/kraftiapet.com\/fr\/wp-json\/wp\/v2\/media?parent=5746"}],"wp:term":[{"taxonomy":"pwb-brand","embeddable":true,"href":"https:\/\/kraftiapet.com\/fr\/wp-json\/wp\/v2\/pwb-brand?post=5746"},{"taxonomy":"product_brand","embeddable":true,"href":"https:\/\/kraftiapet.com\/fr\/wp-json\/wp\/v2\/product_brand?post=5746"},{"taxonomy":"product_cat","embeddable":true,"href":"https:\/\/kraftiapet.com\/fr\/wp-json\/wp\/v2\/product_cat?post=5746"},{"taxonomy":"product_tag","embeddable":true,"href":"https:\/\/kraftiapet.com\/fr\/wp-json\/wp\/v2\/product_tag?post=5746"}],"curies":[{"name":"wp","href":"https:\/\/api.w.org\/{rel}","templated":true}]}}