{"id":5753,"date":"2025-10-07T11:43:47","date_gmt":"2025-10-07T11:43:47","guid":{"rendered":"https:\/\/kraftiapet.com\/?post_type=product&#038;p=5753"},"modified":"2026-04-20T12:08:59","modified_gmt":"2026-04-20T12:08:59","slug":"wjmc-weight-joint-mobility-care","status":"publish","type":"product","link":"https:\/\/kraftiapet.com\/fr\/produit\/wjmc-weight-joint-mobility-care\/","title":{"rendered":"WJMC Weight &amp; Joint Mobility Care"},"content":{"rendered":"","protected":false},"excerpt":{"rendered":"<p>WJMC Weight &amp; Joint Mobility Care &#8211; Craftia Galena Veterinary est un aliment di\u00e9t\u00e9tique complet pour chiens, formul\u00e9 comme un aliment v\u00e9t\u00e9rinaire pour chiens pour le contr\u00f4le du poids et le soutien des articulations. Il est destin\u00e9 \u00e0 la r\u00e9duction du poids corporel excessif et au soutien du m\u00e9tabolisme articulaire en cas d&rsquo;arthrose. L&rsquo;alimentation se caract\u00e9rise par une teneur en \u00e9nergie contr\u00f4l\u00e9e, des niveaux de prot\u00e9ines optimaux et des nutriments cibl\u00e9s pour maintenir la masse musculaire maigre, soutenir l&rsquo;int\u00e9grit\u00e9 du cartilage et favoriser la mobilit\u00e9.  <\/p>\n<p><strong>QUAND GALENA WEIGHT &amp; JOINT MOBILITY CARE ?<\/strong><\/p>\n<ul>\n<li>Pour la gestion du poids et le contr\u00f4le de l&rsquo;ob\u00e9sit\u00e9<\/li>\n<li>Favorise le m\u00e9tabolisme des articulations en cas d&rsquo;arthrose<\/li>\n<li>Am\u00e9liore la mobilit\u00e9 et la flexibilit\u00e9<\/li>\n<li>Aide \u00e0 maintenir la masse musculaire pendant la perte de poids<\/li>\n<li>Recommand\u00e9 pour les chiens en surpoids ou \u00e2g\u00e9s souffrant de probl\u00e8mes articulaires.<\/li>\n<\/ul>\n","protected":false},"featured_media":5755,"comment_status":"open","ping_status":"closed","template":"","meta":{"_acf_changed":false},"pwb-brand":[],"product_brand":[432],"product_cat":[408,409],"product_tag":[],"class_list":{"0":"post-5753","1":"product","2":"type-product","3":"status-publish","4":"has-post-thumbnail","6":"product_brand-craftia-galena","7":"product_cat-dog-food","8":"product_cat-adult-dog","10":"first","11":"instock","12":"taxable","13":"shipping-taxable","14":"product-type-variable"},"acf":[],"brands":[],"_links":{"self":[{"href":"https:\/\/kraftiapet.com\/fr\/wp-json\/wp\/v2\/product\/5753","targetHints":{"allow":["GET"]}}],"collection":[{"href":"https:\/\/kraftiapet.com\/fr\/wp-json\/wp\/v2\/product"}],"about":[{"href":"https:\/\/kraftiapet.com\/fr\/wp-json\/wp\/v2\/types\/product"}],"replies":[{"embeddable":true,"href":"https:\/\/kraftiapet.com\/fr\/wp-json\/wp\/v2\/comments?post=5753"}],"wp:featuredmedia":[{"embeddable":true,"href":"https:\/\/kraftiapet.com\/fr\/wp-json\/wp\/v2\/media\/5755"}],"wp:attachment":[{"href":"https:\/\/kraftiapet.com\/fr\/wp-json\/wp\/v2\/media?parent=5753"}],"wp:term":[{"taxonomy":"pwb-brand","embeddable":true,"href":"https:\/\/kraftiapet.com\/fr\/wp-json\/wp\/v2\/pwb-brand?post=5753"},{"taxonomy":"product_brand","embeddable":true,"href":"https:\/\/kraftiapet.com\/fr\/wp-json\/wp\/v2\/product_brand?post=5753"},{"taxonomy":"product_cat","embeddable":true,"href":"https:\/\/kraftiapet.com\/fr\/wp-json\/wp\/v2\/product_cat?post=5753"},{"taxonomy":"product_tag","embeddable":true,"href":"https:\/\/kraftiapet.com\/fr\/wp-json\/wp\/v2\/product_tag?post=5753"}],"curies":[{"name":"wp","href":"https:\/\/api.w.org\/{rel}","templated":true}]}}