{"id":5754,"date":"2025-10-07T10:32:58","date_gmt":"2025-10-07T10:32:58","guid":{"rendered":"https:\/\/kraftiapet.com\/?post_type=product&#038;p=5754"},"modified":"2026-04-20T12:09:01","modified_gmt":"2026-04-20T12:09:01","slug":"jc-joint-mobility-care","status":"publish","type":"product","link":"https:\/\/kraftiapet.com\/fr\/produit\/jc-joint-mobility-care\/","title":{"rendered":"JC Joint &amp; Mobility Care"},"content":{"rendered":"","protected":false},"excerpt":{"rendered":"<p>JC Joint &amp; Mobility Care \u2013 Galena Veterinary est un aliment di\u00e9t\u00e9tique complet pour chiens adultes, formul\u00e9 comme un aliment v\u00e9t\u00e9rinaire destin\u00e9 aux chiens pour le soutien articulaire et la mobilit\u00e9. Il aide \u00e0 maintenir le m\u00e9tabolisme articulaire en cas d\u2019ost\u00e9oarthrose et favorise la souplesse, la r\u00e9g\u00e9n\u00e9ration du cartilage et le confort articulaire global. Id\u00e9al pour les chiens adultes et seniors pr\u00e9sentant des raideurs ou une mobilit\u00e9 r\u00e9duite li\u00e9es \u00e0 l\u2019\u00e2ge ou \u00e0 des contraintes articulaires.  <\/p>\n<p><strong>QUAND GALENA JOINT &amp; MOBILITY CARE ?<\/strong><\/p>\n<ul>\n<li>Favorise le m\u00e9tabolisme des articulations en cas d&rsquo;arthrose<\/li>\n<li>Favorise la r\u00e9g\u00e9n\u00e9ration du cartilage et la flexibilit\u00e9<\/li>\n<li>Am\u00e9liore la mobilit\u00e9 et le confort des chiens adultes<\/li>\n<li>Recommand\u00e9 pour les chiens souffrant de raideurs ou de douleurs articulaires<\/li>\n<li>Aide \u00e0 maintenir la sant\u00e9 et la mobilit\u00e9 des articulations \u00e0 long terme<\/li>\n<\/ul>\n","protected":false},"featured_media":5756,"comment_status":"open","ping_status":"closed","template":"","meta":{"_acf_changed":false},"pwb-brand":[],"product_brand":[432],"product_cat":[408,409],"product_tag":[],"class_list":{"0":"post-5754","1":"product","2":"type-product","3":"status-publish","4":"has-post-thumbnail","6":"product_brand-craftia-galena","7":"product_cat-dog-food","8":"product_cat-adult-dog","10":"first","11":"instock","12":"taxable","13":"shipping-taxable","14":"product-type-variable"},"acf":[],"brands":[],"_links":{"self":[{"href":"https:\/\/kraftiapet.com\/fr\/wp-json\/wp\/v2\/product\/5754","targetHints":{"allow":["GET"]}}],"collection":[{"href":"https:\/\/kraftiapet.com\/fr\/wp-json\/wp\/v2\/product"}],"about":[{"href":"https:\/\/kraftiapet.com\/fr\/wp-json\/wp\/v2\/types\/product"}],"replies":[{"embeddable":true,"href":"https:\/\/kraftiapet.com\/fr\/wp-json\/wp\/v2\/comments?post=5754"}],"wp:featuredmedia":[{"embeddable":true,"href":"https:\/\/kraftiapet.com\/fr\/wp-json\/wp\/v2\/media\/5756"}],"wp:attachment":[{"href":"https:\/\/kraftiapet.com\/fr\/wp-json\/wp\/v2\/media?parent=5754"}],"wp:term":[{"taxonomy":"pwb-brand","embeddable":true,"href":"https:\/\/kraftiapet.com\/fr\/wp-json\/wp\/v2\/pwb-brand?post=5754"},{"taxonomy":"product_brand","embeddable":true,"href":"https:\/\/kraftiapet.com\/fr\/wp-json\/wp\/v2\/product_brand?post=5754"},{"taxonomy":"product_cat","embeddable":true,"href":"https:\/\/kraftiapet.com\/fr\/wp-json\/wp\/v2\/product_cat?post=5754"},{"taxonomy":"product_tag","embeddable":true,"href":"https:\/\/kraftiapet.com\/fr\/wp-json\/wp\/v2\/product_tag?post=5754"}],"curies":[{"name":"wp","href":"https:\/\/api.w.org\/{rel}","templated":true}]}}