{"id":5761,"date":"2025-10-07T11:03:31","date_gmt":"2025-10-07T11:03:31","guid":{"rendered":"https:\/\/kraftiapet.com\/?post_type=product&#038;p=5761"},"modified":"2026-04-20T12:09:01","modified_gmt":"2026-04-20T12:09:01","slug":"rcc-recovery-convalescence-care","status":"publish","type":"product","link":"https:\/\/kraftiapet.com\/fr\/produit\/rcc-recovery-convalescence-care\/","title":{"rendered":"RCC Recovery &amp; Convalescence Care"},"content":{"rendered":"","protected":false},"excerpt":{"rendered":"<p>RCC Recovery &amp; Convalescence Care &#8211; Galena Veterinary est un aliment di\u00e9t\u00e9tique complet pour chiens, formul\u00e9 comme un aliment v\u00e9t\u00e9rinaire pour chiens en convalescence. Con\u00e7ue pour favoriser le r\u00e9tablissement nutritionnel, cette formule offre une densit\u00e9 \u00e9nerg\u00e9tique \u00e9lev\u00e9e, des concentrations importantes de nutriments essentiels et des ingr\u00e9dients faciles \u00e0 dig\u00e9rer. Elle aide les chiens \u00e0 retrouver force, app\u00e9tit et vitalit\u00e9 pendant leur convalescence apr\u00e8s une maladie, une intervention chirurgicale ou une p\u00e9riode de faiblesse.  <\/p>\n<p><strong>QUAND GALENA RECOVERY &amp; CONVALESCENCE CARE ?<\/strong><\/p>\n<ul>\n<li>Pour une restauration nutritionnelle pendant la convalescence<\/li>\n<li>Favorise la r\u00e9cup\u00e9ration post-op\u00e9ratoire et post-maladie<\/li>\n<li>Formule riche en \u00e9nergie et en nutriments<\/li>\n<li>Aide \u00e0 am\u00e9liorer l&rsquo;app\u00e9tit et la vitalit\u00e9<\/li>\n<li>Id\u00e9al pour les chiens en convalescence ou en sous-poids<\/li>\n<\/ul>\n","protected":false},"featured_media":5762,"comment_status":"open","ping_status":"closed","template":"","meta":{"_acf_changed":false},"pwb-brand":[],"product_brand":[432],"product_cat":[408,409],"product_tag":[],"class_list":{"0":"post-5761","1":"product","2":"type-product","3":"status-publish","4":"has-post-thumbnail","6":"product_brand-craftia-galena","7":"product_cat-dog-food","8":"product_cat-adult-dog","10":"first","11":"instock","12":"taxable","13":"shipping-taxable","14":"product-type-variable"},"acf":[],"brands":[],"_links":{"self":[{"href":"https:\/\/kraftiapet.com\/fr\/wp-json\/wp\/v2\/product\/5761","targetHints":{"allow":["GET"]}}],"collection":[{"href":"https:\/\/kraftiapet.com\/fr\/wp-json\/wp\/v2\/product"}],"about":[{"href":"https:\/\/kraftiapet.com\/fr\/wp-json\/wp\/v2\/types\/product"}],"replies":[{"embeddable":true,"href":"https:\/\/kraftiapet.com\/fr\/wp-json\/wp\/v2\/comments?post=5761"}],"wp:featuredmedia":[{"embeddable":true,"href":"https:\/\/kraftiapet.com\/fr\/wp-json\/wp\/v2\/media\/5762"}],"wp:attachment":[{"href":"https:\/\/kraftiapet.com\/fr\/wp-json\/wp\/v2\/media?parent=5761"}],"wp:term":[{"taxonomy":"pwb-brand","embeddable":true,"href":"https:\/\/kraftiapet.com\/fr\/wp-json\/wp\/v2\/pwb-brand?post=5761"},{"taxonomy":"product_brand","embeddable":true,"href":"https:\/\/kraftiapet.com\/fr\/wp-json\/wp\/v2\/product_brand?post=5761"},{"taxonomy":"product_cat","embeddable":true,"href":"https:\/\/kraftiapet.com\/fr\/wp-json\/wp\/v2\/product_cat?post=5761"},{"taxonomy":"product_tag","embeddable":true,"href":"https:\/\/kraftiapet.com\/fr\/wp-json\/wp\/v2\/product_tag?post=5761"}],"curies":[{"name":"wp","href":"https:\/\/api.w.org\/{rel}","templated":true}]}}