{"id":5777,"date":"2025-10-06T11:30:25","date_gmt":"2025-10-06T11:30:25","guid":{"rendered":"https:\/\/kraftiapet.com\/?post_type=product&#038;p=5777"},"modified":"2026-04-20T12:09:04","modified_gmt":"2026-04-20T12:09:04","slug":"wm-weight-management-2","status":"publish","type":"product","link":"https:\/\/kraftiapet.com\/fr\/produit\/wm-weight-management-2\/","title":{"rendered":"WM Weight Management"},"content":{"rendered":"","protected":false},"excerpt":{"rendered":"<p>WM Weight Management \u2013 Craftia Galena Veterinary est un aliment di\u00e9t\u00e9tique complet pour chats, d\u00e9velopp\u00e9 comme un aliment v\u00e9t\u00e9rinaire destin\u00e9 aux chats pour la gestion du poids et le contr\u00f4le de l\u2019ob\u00e9sit\u00e9. Il est formul\u00e9 pour favoriser une r\u00e9duction s\u00fbre et efficace du poids gr\u00e2ce \u00e0 une teneur calorique pr\u00e9cis\u00e9ment contr\u00f4l\u00e9e et \u00e0 un \u00e9quilibre optimal des nutriments. Cette alimentation v\u00e9t\u00e9rinaire favorise le m\u00e9tabolisme des graisses, aide \u00e0 maintenir la masse musculaire maigre et contribue \u00e0 l\u2019\u00e9quilibre m\u00e9tabolique global.  <\/p>\n<p><strong>QUAND GALENA GESTION DU POIDS ?<\/strong><\/p>\n<ul>\n<li>Pour la r\u00e9duction et la gestion d&rsquo;un poids corporel excessif<\/li>\n<li>Favorise le m\u00e9tabolisme des graisses et la pr\u00e9servation des muscles maigres<\/li>\n<li>Favorise un bon \u00e9quilibre \u00e9nerg\u00e9tique et la sati\u00e9t\u00e9<\/li>\n<li>Recommand\u00e9 pour les chats en surpoids et ob\u00e8ses<\/li>\n<li>Aide \u00e0 maintenir une condition physique id\u00e9ale apr\u00e8s une perte de poids<\/li>\n<\/ul>\n","protected":false},"featured_media":5778,"comment_status":"open","ping_status":"closed","template":"","meta":{"_acf_changed":false},"pwb-brand":[],"product_brand":[432],"product_cat":[400,419],"product_tag":[],"class_list":{"0":"post-5777","1":"product","2":"type-product","3":"status-publish","4":"has-post-thumbnail","6":"product_brand-craftia-galena","7":"product_cat-cat-food","8":"product_cat-adult-cat","10":"first","11":"instock","12":"taxable","13":"shipping-taxable","14":"product-type-variable"},"acf":[],"brands":[],"_links":{"self":[{"href":"https:\/\/kraftiapet.com\/fr\/wp-json\/wp\/v2\/product\/5777","targetHints":{"allow":["GET"]}}],"collection":[{"href":"https:\/\/kraftiapet.com\/fr\/wp-json\/wp\/v2\/product"}],"about":[{"href":"https:\/\/kraftiapet.com\/fr\/wp-json\/wp\/v2\/types\/product"}],"replies":[{"embeddable":true,"href":"https:\/\/kraftiapet.com\/fr\/wp-json\/wp\/v2\/comments?post=5777"}],"wp:featuredmedia":[{"embeddable":true,"href":"https:\/\/kraftiapet.com\/fr\/wp-json\/wp\/v2\/media\/5778"}],"wp:attachment":[{"href":"https:\/\/kraftiapet.com\/fr\/wp-json\/wp\/v2\/media?parent=5777"}],"wp:term":[{"taxonomy":"pwb-brand","embeddable":true,"href":"https:\/\/kraftiapet.com\/fr\/wp-json\/wp\/v2\/pwb-brand?post=5777"},{"taxonomy":"product_brand","embeddable":true,"href":"https:\/\/kraftiapet.com\/fr\/wp-json\/wp\/v2\/product_brand?post=5777"},{"taxonomy":"product_cat","embeddable":true,"href":"https:\/\/kraftiapet.com\/fr\/wp-json\/wp\/v2\/product_cat?post=5777"},{"taxonomy":"product_tag","embeddable":true,"href":"https:\/\/kraftiapet.com\/fr\/wp-json\/wp\/v2\/product_tag?post=5777"}],"curies":[{"name":"wp","href":"https:\/\/api.w.org\/{rel}","templated":true}]}}