{"id":5800,"date":"2025-10-02T11:11:05","date_gmt":"2025-10-02T11:11:05","guid":{"rendered":"https:\/\/kraftiapet.com\/?post_type=product&#038;p=5800"},"modified":"2026-04-20T12:11:09","modified_gmt":"2026-04-20T12:11:09","slug":"rich-in-fish-with-rice","status":"publish","type":"product","link":"https:\/\/kraftiapet.com\/fr\/produit\/rich-in-fish-with-rice\/","title":{"rendered":"Rich in Fish With Rice"},"content":{"rendered":"","protected":false},"excerpt":{"rendered":"<p>Mysticat Fish &amp; Rice est un aliment pour chats au poisson et au riz. Cette recette l\u00e9g\u00e8re et nutritive est riche en acides gras om\u00e9ga-3, contribuant \u00e0 un pelage brillant et \u00e0 une peau en bonne sant\u00e9. Associ\u00e9e \u00e0 du riz hautement digestible, elle est id\u00e9ale pour maintenir votre chat heureux, actif et en pleine vitalit\u00e9. Les myrtilles constituent un ingr\u00e9dient savoureux et b\u00e9n\u00e9fique, riches en antioxydants et en fibres, contribuant \u00e0 la sant\u00e9 globale et \u00e0 la digestion tout en soutenant le m\u00e9tabolisme.   <\/p>\n","protected":false},"featured_media":5802,"comment_status":"open","ping_status":"closed","template":"","meta":{"_acf_changed":false},"pwb-brand":[],"product_brand":[440],"product_cat":[400,419],"product_tag":[],"class_list":{"0":"post-5800","1":"product","2":"type-product","3":"status-publish","4":"has-post-thumbnail","6":"product_brand-mysticat","7":"product_cat-cat-food","8":"product_cat-adult-cat","10":"first","11":"instock","12":"taxable","13":"shipping-taxable","14":"product-type-variable"},"acf":[],"brands":[],"_links":{"self":[{"href":"https:\/\/kraftiapet.com\/fr\/wp-json\/wp\/v2\/product\/5800","targetHints":{"allow":["GET"]}}],"collection":[{"href":"https:\/\/kraftiapet.com\/fr\/wp-json\/wp\/v2\/product"}],"about":[{"href":"https:\/\/kraftiapet.com\/fr\/wp-json\/wp\/v2\/types\/product"}],"replies":[{"embeddable":true,"href":"https:\/\/kraftiapet.com\/fr\/wp-json\/wp\/v2\/comments?post=5800"}],"wp:featuredmedia":[{"embeddable":true,"href":"https:\/\/kraftiapet.com\/fr\/wp-json\/wp\/v2\/media\/5802"}],"wp:attachment":[{"href":"https:\/\/kraftiapet.com\/fr\/wp-json\/wp\/v2\/media?parent=5800"}],"wp:term":[{"taxonomy":"pwb-brand","embeddable":true,"href":"https:\/\/kraftiapet.com\/fr\/wp-json\/wp\/v2\/pwb-brand?post=5800"},{"taxonomy":"product_brand","embeddable":true,"href":"https:\/\/kraftiapet.com\/fr\/wp-json\/wp\/v2\/product_brand?post=5800"},{"taxonomy":"product_cat","embeddable":true,"href":"https:\/\/kraftiapet.com\/fr\/wp-json\/wp\/v2\/product_cat?post=5800"},{"taxonomy":"product_tag","embeddable":true,"href":"https:\/\/kraftiapet.com\/fr\/wp-json\/wp\/v2\/product_tag?post=5800"}],"curies":[{"name":"wp","href":"https:\/\/api.w.org\/{rel}","templated":true}]}}