{"id":5801,"date":"2025-10-02T10:57:46","date_gmt":"2025-10-02T10:57:46","guid":{"rendered":"https:\/\/kraftiapet.com\/?post_type=product&#038;p=5801"},"modified":"2026-04-20T12:11:10","modified_gmt":"2026-04-20T12:11:10","slug":"rich-in-chicken-with-rice","status":"publish","type":"product","link":"https:\/\/kraftiapet.com\/fr\/produit\/rich-in-chicken-with-rice\/","title":{"rendered":"Rich in Chicken With Rice"},"content":{"rendered":"","protected":false},"excerpt":{"rendered":"<p>Mysticat Chicken &amp; Rice est un aliment pour chats au poulet et au riz. Le poulet associ\u00e9 au riz et aux myrtilles riches en antioxydants offre une recette douce et savoureuse, facile \u00e0 dig\u00e9rer. Riche en prot\u00e9ines de haute qualit\u00e9 et en nutriments essentiels, elle favorise le maintien de la masse musculaire maigre et la vitalit\u00e9 au quotidien : parfaite pour les moments de ronronnement, de jeu et de repos.  <\/p>\n","protected":false},"featured_media":5803,"comment_status":"open","ping_status":"closed","template":"","meta":{"_acf_changed":false},"pwb-brand":[],"product_brand":[440],"product_cat":[400,419],"product_tag":[],"class_list":{"0":"post-5801","1":"product","2":"type-product","3":"status-publish","4":"has-post-thumbnail","6":"product_brand-mysticat","7":"product_cat-cat-food","8":"product_cat-adult-cat","10":"first","11":"instock","12":"taxable","13":"shipping-taxable","14":"product-type-variable"},"acf":[],"brands":[],"_links":{"self":[{"href":"https:\/\/kraftiapet.com\/fr\/wp-json\/wp\/v2\/product\/5801","targetHints":{"allow":["GET"]}}],"collection":[{"href":"https:\/\/kraftiapet.com\/fr\/wp-json\/wp\/v2\/product"}],"about":[{"href":"https:\/\/kraftiapet.com\/fr\/wp-json\/wp\/v2\/types\/product"}],"replies":[{"embeddable":true,"href":"https:\/\/kraftiapet.com\/fr\/wp-json\/wp\/v2\/comments?post=5801"}],"wp:featuredmedia":[{"embeddable":true,"href":"https:\/\/kraftiapet.com\/fr\/wp-json\/wp\/v2\/media\/5803"}],"wp:attachment":[{"href":"https:\/\/kraftiapet.com\/fr\/wp-json\/wp\/v2\/media?parent=5801"}],"wp:term":[{"taxonomy":"pwb-brand","embeddable":true,"href":"https:\/\/kraftiapet.com\/fr\/wp-json\/wp\/v2\/pwb-brand?post=5801"},{"taxonomy":"product_brand","embeddable":true,"href":"https:\/\/kraftiapet.com\/fr\/wp-json\/wp\/v2\/product_brand?post=5801"},{"taxonomy":"product_cat","embeddable":true,"href":"https:\/\/kraftiapet.com\/fr\/wp-json\/wp\/v2\/product_cat?post=5801"},{"taxonomy":"product_tag","embeddable":true,"href":"https:\/\/kraftiapet.com\/fr\/wp-json\/wp\/v2\/product_tag?post=5801"}],"curies":[{"name":"wp","href":"https:\/\/api.w.org\/{rel}","templated":true}]}}