{"id":5808,"date":"2025-10-02T11:27:38","date_gmt":"2025-10-02T11:27:38","guid":{"rendered":"https:\/\/kraftiapet.com\/?post_type=product&#038;p=5808"},"modified":"2026-04-20T12:12:13","modified_gmt":"2026-04-20T12:12:13","slug":"rich-in-chicken-with-carrot-rice","status":"publish","type":"product","link":"https:\/\/kraftiapet.com\/fr\/produit\/rich-in-chicken-with-carrot-rice\/","title":{"rendered":"Rich in Chicken With Carrot &amp; Rice"},"content":{"rendered":"","protected":false},"excerpt":{"rendered":"<p>Dogsy Chicken, Carrot &amp; Rice est un aliment pour chiens au poulet, \u00e0 la carotte et au riz. Cette recette \u00e9quilibr\u00e9e associe poulet, carotte et riz pour offrir une alimentation facile \u00e0 dig\u00e9rer et riche en nutriments essentiels. Riche en prot\u00e9ines, en fibres et en vitamines, elle favorise une digestion saine et un pelage brillant. Les carottes apportent du b\u00eata-carot\u00e8ne, contribuant \u00e0 la sant\u00e9 des yeux, tandis que leur texture croquante aide \u00e0 maintenir des dents propres et un transit r\u00e9gulier. Ce repas \u00e9quilibr\u00e9 et hypocalorique soutient la vitalit\u00e9 et le bien-\u00eatre de votre chien au quotidien.    <\/p>\n","protected":false},"featured_media":5809,"comment_status":"open","ping_status":"closed","template":"","meta":{"_acf_changed":false},"pwb-brand":[],"product_brand":[443],"product_cat":[408,409],"product_tag":[],"class_list":{"0":"post-5808","1":"product","2":"type-product","3":"status-publish","4":"has-post-thumbnail","6":"product_brand-chien","7":"product_cat-dog-food","8":"product_cat-adult-dog","10":"first","11":"instock","12":"taxable","13":"shipping-taxable","14":"product-type-variable"},"acf":[],"brands":[],"_links":{"self":[{"href":"https:\/\/kraftiapet.com\/fr\/wp-json\/wp\/v2\/product\/5808","targetHints":{"allow":["GET"]}}],"collection":[{"href":"https:\/\/kraftiapet.com\/fr\/wp-json\/wp\/v2\/product"}],"about":[{"href":"https:\/\/kraftiapet.com\/fr\/wp-json\/wp\/v2\/types\/product"}],"replies":[{"embeddable":true,"href":"https:\/\/kraftiapet.com\/fr\/wp-json\/wp\/v2\/comments?post=5808"}],"wp:featuredmedia":[{"embeddable":true,"href":"https:\/\/kraftiapet.com\/fr\/wp-json\/wp\/v2\/media\/5809"}],"wp:attachment":[{"href":"https:\/\/kraftiapet.com\/fr\/wp-json\/wp\/v2\/media?parent=5808"}],"wp:term":[{"taxonomy":"pwb-brand","embeddable":true,"href":"https:\/\/kraftiapet.com\/fr\/wp-json\/wp\/v2\/pwb-brand?post=5808"},{"taxonomy":"product_brand","embeddable":true,"href":"https:\/\/kraftiapet.com\/fr\/wp-json\/wp\/v2\/product_brand?post=5808"},{"taxonomy":"product_cat","embeddable":true,"href":"https:\/\/kraftiapet.com\/fr\/wp-json\/wp\/v2\/product_cat?post=5808"},{"taxonomy":"product_tag","embeddable":true,"href":"https:\/\/kraftiapet.com\/fr\/wp-json\/wp\/v2\/product_tag?post=5808"}],"curies":[{"name":"wp","href":"https:\/\/api.w.org\/{rel}","templated":true}]}}