{"id":5812,"date":"2025-10-02T11:19:24","date_gmt":"2025-10-02T11:19:24","guid":{"rendered":"https:\/\/kraftiapet.com\/?post_type=product&#038;p=5812"},"modified":"2026-04-20T12:12:13","modified_gmt":"2026-04-20T12:12:13","slug":"chicken-with-rice","status":"publish","type":"product","link":"https:\/\/kraftiapet.com\/fr\/produit\/chicken-with-rice\/","title":{"rendered":"Chicken With Rice"},"content":{"rendered":"","protected":false},"excerpt":{"rendered":"<p>Dogsy Chicken &amp; Rice est un aliment pour chiens au poulet et au riz. Le poulet associ\u00e9 au riz constitue une combinaison classique, facile \u00e0 dig\u00e9rer et riche en bienfaits. Riche en prot\u00e9ines maigres et en glucides faciles \u00e0 dig\u00e9rer, il contribue au maintien de la masse musculaire et \u00e0 une \u00e9nergie durable \u2014 id\u00e9al pour la vitalit\u00e9 au quotidien ! Les myrtilles viennent compl\u00e9ter la recette, apportant des antioxydants naturels et des fibres, contribuant \u00e0 la sant\u00e9 globale et au bon fonctionnement du m\u00e9tabolisme.   <\/p>\n","protected":false},"featured_media":5813,"comment_status":"open","ping_status":"closed","template":"","meta":{"_acf_changed":false},"pwb-brand":[],"product_brand":[443],"product_cat":[408,409],"product_tag":[],"class_list":{"0":"post-5812","1":"product","2":"type-product","3":"status-publish","4":"has-post-thumbnail","6":"product_brand-chien","7":"product_cat-dog-food","8":"product_cat-adult-dog","10":"first","11":"instock","12":"taxable","13":"shipping-taxable","14":"product-type-variable"},"acf":[],"brands":[],"_links":{"self":[{"href":"https:\/\/kraftiapet.com\/fr\/wp-json\/wp\/v2\/product\/5812","targetHints":{"allow":["GET"]}}],"collection":[{"href":"https:\/\/kraftiapet.com\/fr\/wp-json\/wp\/v2\/product"}],"about":[{"href":"https:\/\/kraftiapet.com\/fr\/wp-json\/wp\/v2\/types\/product"}],"replies":[{"embeddable":true,"href":"https:\/\/kraftiapet.com\/fr\/wp-json\/wp\/v2\/comments?post=5812"}],"wp:featuredmedia":[{"embeddable":true,"href":"https:\/\/kraftiapet.com\/fr\/wp-json\/wp\/v2\/media\/5813"}],"wp:attachment":[{"href":"https:\/\/kraftiapet.com\/fr\/wp-json\/wp\/v2\/media?parent=5812"}],"wp:term":[{"taxonomy":"pwb-brand","embeddable":true,"href":"https:\/\/kraftiapet.com\/fr\/wp-json\/wp\/v2\/pwb-brand?post=5812"},{"taxonomy":"product_brand","embeddable":true,"href":"https:\/\/kraftiapet.com\/fr\/wp-json\/wp\/v2\/product_brand?post=5812"},{"taxonomy":"product_cat","embeddable":true,"href":"https:\/\/kraftiapet.com\/fr\/wp-json\/wp\/v2\/product_cat?post=5812"},{"taxonomy":"product_tag","embeddable":true,"href":"https:\/\/kraftiapet.com\/fr\/wp-json\/wp\/v2\/product_tag?post=5812"}],"curies":[{"name":"wp","href":"https:\/\/api.w.org\/{rel}","templated":true}]}}