{"id":5816,"date":"2025-10-02T09:33:47","date_gmt":"2025-10-02T09:33:47","guid":{"rendered":"https:\/\/kraftiapet.com\/?post_type=product&#038;p=5816"},"modified":"2026-04-20T12:13:40","modified_gmt":"2026-04-20T12:13:40","slug":"chicken-with-lamb-super-veggies","status":"publish","type":"product","link":"https:\/\/kraftiapet.com\/fr\/produit\/chicken-with-lamb-super-veggies\/","title":{"rendered":"Chicken With Lamb &amp; Super Veggies<br>"},"content":{"rendered":"","protected":false},"excerpt":{"rendered":"<p>VVida Super Chicken, Lamb &amp; Veggies est un aliment haut de gamme pour chiots de moyennes et grandes races, au poulet, \u00e0 l&rsquo;agneau et aux l\u00e9gumes. Le poulet et l&rsquo;agneau forment une combinaison d\u00e9licieuse et saine. Ce m\u00e9lange est une excellente source de prot\u00e9ines, essentielles pour des os solides et des articulations saines, tandis que les super-aliments comme les l\u00e9gumes apportent des fibres et des antioxydants, contribuant \u00e0 renforcer le syst\u00e8me immunitaire.  <\/p>\n","protected":false},"featured_media":5818,"comment_status":"open","ping_status":"closed","template":"","meta":{"_acf_changed":false},"pwb-brand":[],"product_brand":[447],"product_cat":[408,416],"product_tag":[],"class_list":{"0":"post-5816","1":"product","2":"type-product","3":"status-publish","4":"has-post-thumbnail","6":"product_brand-vida-super","7":"product_cat-dog-food","8":"product_cat-puppy","10":"first","11":"instock","12":"taxable","13":"shipping-taxable","14":"product-type-variable"},"acf":[],"brands":[],"_links":{"self":[{"href":"https:\/\/kraftiapet.com\/fr\/wp-json\/wp\/v2\/product\/5816","targetHints":{"allow":["GET"]}}],"collection":[{"href":"https:\/\/kraftiapet.com\/fr\/wp-json\/wp\/v2\/product"}],"about":[{"href":"https:\/\/kraftiapet.com\/fr\/wp-json\/wp\/v2\/types\/product"}],"replies":[{"embeddable":true,"href":"https:\/\/kraftiapet.com\/fr\/wp-json\/wp\/v2\/comments?post=5816"}],"wp:featuredmedia":[{"embeddable":true,"href":"https:\/\/kraftiapet.com\/fr\/wp-json\/wp\/v2\/media\/5818"}],"wp:attachment":[{"href":"https:\/\/kraftiapet.com\/fr\/wp-json\/wp\/v2\/media?parent=5816"}],"wp:term":[{"taxonomy":"pwb-brand","embeddable":true,"href":"https:\/\/kraftiapet.com\/fr\/wp-json\/wp\/v2\/pwb-brand?post=5816"},{"taxonomy":"product_brand","embeddable":true,"href":"https:\/\/kraftiapet.com\/fr\/wp-json\/wp\/v2\/product_brand?post=5816"},{"taxonomy":"product_cat","embeddable":true,"href":"https:\/\/kraftiapet.com\/fr\/wp-json\/wp\/v2\/product_cat?post=5816"},{"taxonomy":"product_tag","embeddable":true,"href":"https:\/\/kraftiapet.com\/fr\/wp-json\/wp\/v2\/product_tag?post=5816"}],"curies":[{"name":"wp","href":"https:\/\/api.w.org\/{rel}","templated":true}]}}