{"id":5817,"date":"2025-10-02T10:37:20","date_gmt":"2025-10-02T10:37:20","guid":{"rendered":"https:\/\/kraftiapet.com\/?post_type=product&#038;p=5817"},"modified":"2026-04-20T12:13:39","modified_gmt":"2026-04-20T12:13:39","slug":"with-chicken-lamb-super-veggies-hunting","status":"publish","type":"product","link":"https:\/\/kraftiapet.com\/fr\/produit\/with-chicken-lamb-super-veggies-hunting\/","title":{"rendered":"With Chicken, Lamb &amp; Super Veggies (Hunting)"},"content":{"rendered":"","protected":false},"excerpt":{"rendered":"<p>Vida Super Chicken, Lamb &amp; Veggies est un aliment haut de gamme pour chiens de moyennes et grandes races, au poulet, \u00e0 l\u2019agneau et aux l\u00e9gumes. Le poulet et l\u2019agneau offrent un \u00e9quilibre parfait pour des chiens heureux et pleins d\u2019\u00e9nergie. Riche en prot\u00e9ines essentielles, cette recette contribue au maintien d\u2019os solides et en bonne sant\u00e9. Les \u00e9pinards et les myrtilles compl\u00e8tent la formule en apportant des vitamines, des min\u00e9raux et des antioxydants b\u00e9n\u00e9fiques pour la vitalit\u00e9 g\u00e9n\u00e9rale.  <\/p>\n","protected":false},"featured_media":5823,"comment_status":"open","ping_status":"closed","template":"","meta":{"_acf_changed":false},"pwb-brand":[],"product_brand":[447],"product_cat":[408,409],"product_tag":[],"class_list":{"0":"post-5817","1":"product","2":"type-product","3":"status-publish","4":"has-post-thumbnail","6":"product_brand-vida-super","7":"product_cat-dog-food","8":"product_cat-adult-dog","10":"first","11":"instock","12":"taxable","13":"shipping-taxable","14":"product-type-variable"},"acf":[],"brands":[],"_links":{"self":[{"href":"https:\/\/kraftiapet.com\/fr\/wp-json\/wp\/v2\/product\/5817","targetHints":{"allow":["GET"]}}],"collection":[{"href":"https:\/\/kraftiapet.com\/fr\/wp-json\/wp\/v2\/product"}],"about":[{"href":"https:\/\/kraftiapet.com\/fr\/wp-json\/wp\/v2\/types\/product"}],"replies":[{"embeddable":true,"href":"https:\/\/kraftiapet.com\/fr\/wp-json\/wp\/v2\/comments?post=5817"}],"wp:featuredmedia":[{"embeddable":true,"href":"https:\/\/kraftiapet.com\/fr\/wp-json\/wp\/v2\/media\/5823"}],"wp:attachment":[{"href":"https:\/\/kraftiapet.com\/fr\/wp-json\/wp\/v2\/media?parent=5817"}],"wp:term":[{"taxonomy":"pwb-brand","embeddable":true,"href":"https:\/\/kraftiapet.com\/fr\/wp-json\/wp\/v2\/pwb-brand?post=5817"},{"taxonomy":"product_brand","embeddable":true,"href":"https:\/\/kraftiapet.com\/fr\/wp-json\/wp\/v2\/product_brand?post=5817"},{"taxonomy":"product_cat","embeddable":true,"href":"https:\/\/kraftiapet.com\/fr\/wp-json\/wp\/v2\/product_cat?post=5817"},{"taxonomy":"product_tag","embeddable":true,"href":"https:\/\/kraftiapet.com\/fr\/wp-json\/wp\/v2\/product_tag?post=5817"}],"curies":[{"name":"wp","href":"https:\/\/api.w.org\/{rel}","templated":true}]}}