{"id":5822,"date":"2025-10-02T10:13:48","date_gmt":"2025-10-02T10:13:48","guid":{"rendered":"https:\/\/kraftiapet.com\/?post_type=product&#038;p=5822"},"modified":"2026-04-20T12:13:39","modified_gmt":"2026-04-20T12:13:39","slug":"with-salmon-fish-super-veggies","status":"publish","type":"product","link":"https:\/\/kraftiapet.com\/fr\/produit\/with-salmon-fish-super-veggies\/","title":{"rendered":"With Salmon, Fish &amp; Super Veggies"},"content":{"rendered":"","protected":false},"excerpt":{"rendered":"<p>Vida Super Salmon, Fish &amp; Veggies est un aliment haut de gamme pour chiens de moyennes et grandes races, au saumon, au poisson et aux l\u00e9gumes. Le saumon et le poisson sont riches en nutriments de qualit\u00e9, excellents pour les muscles, les os, la peau et un pelage brillant. Les d\u00e9lices de la mer sont compl\u00e9t\u00e9s par des ingr\u00e9dients comme les \u00e9pinards et les carottes, qui apportent les vitamines n\u00e9cessaires.  <\/p>\n","protected":false},"featured_media":5830,"comment_status":"open","ping_status":"closed","template":"","meta":{"_acf_changed":false},"pwb-brand":[],"product_brand":[447],"product_cat":[408,409],"product_tag":[],"class_list":{"0":"post-5822","1":"product","2":"type-product","3":"status-publish","4":"has-post-thumbnail","6":"product_brand-vida-super","7":"product_cat-dog-food","8":"product_cat-adult-dog","10":"first","11":"instock","12":"taxable","13":"shipping-taxable","14":"product-type-variable"},"acf":[],"brands":[],"_links":{"self":[{"href":"https:\/\/kraftiapet.com\/fr\/wp-json\/wp\/v2\/product\/5822","targetHints":{"allow":["GET"]}}],"collection":[{"href":"https:\/\/kraftiapet.com\/fr\/wp-json\/wp\/v2\/product"}],"about":[{"href":"https:\/\/kraftiapet.com\/fr\/wp-json\/wp\/v2\/types\/product"}],"replies":[{"embeddable":true,"href":"https:\/\/kraftiapet.com\/fr\/wp-json\/wp\/v2\/comments?post=5822"}],"wp:featuredmedia":[{"embeddable":true,"href":"https:\/\/kraftiapet.com\/fr\/wp-json\/wp\/v2\/media\/5830"}],"wp:attachment":[{"href":"https:\/\/kraftiapet.com\/fr\/wp-json\/wp\/v2\/media?parent=5822"}],"wp:term":[{"taxonomy":"pwb-brand","embeddable":true,"href":"https:\/\/kraftiapet.com\/fr\/wp-json\/wp\/v2\/pwb-brand?post=5822"},{"taxonomy":"product_brand","embeddable":true,"href":"https:\/\/kraftiapet.com\/fr\/wp-json\/wp\/v2\/product_brand?post=5822"},{"taxonomy":"product_cat","embeddable":true,"href":"https:\/\/kraftiapet.com\/fr\/wp-json\/wp\/v2\/product_cat?post=5822"},{"taxonomy":"product_tag","embeddable":true,"href":"https:\/\/kraftiapet.com\/fr\/wp-json\/wp\/v2\/product_tag?post=5822"}],"curies":[{"name":"wp","href":"https:\/\/api.w.org\/{rel}","templated":true}]}}