{"id":5833,"date":"2025-10-02T10:03:40","date_gmt":"2025-10-02T10:03:40","guid":{"rendered":"https:\/\/kraftiapet.com\/?post_type=product&#038;p=5833"},"modified":"2026-04-20T12:13:39","modified_gmt":"2026-04-20T12:13:39","slug":"with-lamb-chicken-super-veggies","status":"publish","type":"product","link":"https:\/\/kraftiapet.com\/fr\/produit\/with-lamb-chicken-super-veggies\/","title":{"rendered":"With Lamb, Chicken &amp; Super Veggies"},"content":{"rendered":"","protected":false},"excerpt":{"rendered":"<p>Vida Super Lamb, Chicken &amp; Veggies est un aliment haut de gamme pour chiens de moyennes et grandes races, \u00e0 l&rsquo;agneau, au poulet et aux l\u00e9gumes. Riche en agneau et en poulet, d&rsquo;excellentes sources de prot\u00e9ines. Les l\u00e9gumes comme les carottes et les pommes sont de riches sources d&rsquo;antioxydants et de vitamines qui contribuent \u00e0 un syst\u00e8me digestif sain.  <\/p>\n","protected":false},"featured_media":5835,"comment_status":"open","ping_status":"closed","template":"","meta":{"_acf_changed":false},"pwb-brand":[],"product_brand":[447],"product_cat":[408,409],"product_tag":[],"class_list":{"0":"post-5833","1":"product","2":"type-product","3":"status-publish","4":"has-post-thumbnail","6":"product_brand-vida-super","7":"product_cat-dog-food","8":"product_cat-adult-dog","10":"first","11":"instock","12":"taxable","13":"shipping-taxable","14":"product-type-variable"},"acf":[],"brands":[],"_links":{"self":[{"href":"https:\/\/kraftiapet.com\/fr\/wp-json\/wp\/v2\/product\/5833","targetHints":{"allow":["GET"]}}],"collection":[{"href":"https:\/\/kraftiapet.com\/fr\/wp-json\/wp\/v2\/product"}],"about":[{"href":"https:\/\/kraftiapet.com\/fr\/wp-json\/wp\/v2\/types\/product"}],"replies":[{"embeddable":true,"href":"https:\/\/kraftiapet.com\/fr\/wp-json\/wp\/v2\/comments?post=5833"}],"wp:featuredmedia":[{"embeddable":true,"href":"https:\/\/kraftiapet.com\/fr\/wp-json\/wp\/v2\/media\/5835"}],"wp:attachment":[{"href":"https:\/\/kraftiapet.com\/fr\/wp-json\/wp\/v2\/media?parent=5833"}],"wp:term":[{"taxonomy":"pwb-brand","embeddable":true,"href":"https:\/\/kraftiapet.com\/fr\/wp-json\/wp\/v2\/pwb-brand?post=5833"},{"taxonomy":"product_brand","embeddable":true,"href":"https:\/\/kraftiapet.com\/fr\/wp-json\/wp\/v2\/product_brand?post=5833"},{"taxonomy":"product_cat","embeddable":true,"href":"https:\/\/kraftiapet.com\/fr\/wp-json\/wp\/v2\/product_cat?post=5833"},{"taxonomy":"product_tag","embeddable":true,"href":"https:\/\/kraftiapet.com\/fr\/wp-json\/wp\/v2\/product_tag?post=5833"}],"curies":[{"name":"wp","href":"https:\/\/api.w.org\/{rel}","templated":true}]}}