{"id":5834,"date":"2025-10-02T09:51:24","date_gmt":"2025-10-02T09:51:24","guid":{"rendered":"https:\/\/kraftiapet.com\/?post_type=product&#038;p=5834"},"modified":"2026-04-20T12:13:39","modified_gmt":"2026-04-20T12:13:39","slug":"chicken-with-turkey-super-veggies","status":"publish","type":"product","link":"https:\/\/kraftiapet.com\/fr\/produit\/chicken-with-turkey-super-veggies\/","title":{"rendered":"Chicken With Turkey &amp; Super Veggies"},"content":{"rendered":"","protected":false},"excerpt":{"rendered":"<p>Vida Super Chicken, Turkey &amp; Veggies est un aliment haut de gamme pour chiens de moyennes et grandes races, au poulet, \u00e0 la dinde et aux l\u00e9gumes. Le poulet et la dinde forment une combinaison d\u00e9licieuse et saine. Ce m\u00e9lange est une excellente source de prot\u00e9ines, essentielles pour des os solides et des articulations saines, tandis que les super-aliments comme les l\u00e9gumes apportent des fibres et des antioxydants, contribuant \u00e0 renforcer le syst\u00e8me immunitaire.  <\/p>\n","protected":false},"featured_media":5838,"comment_status":"open","ping_status":"closed","template":"","meta":{"_acf_changed":false},"pwb-brand":[],"product_brand":[447],"product_cat":[408,409],"product_tag":[],"class_list":{"0":"post-5834","1":"product","2":"type-product","3":"status-publish","4":"has-post-thumbnail","6":"product_brand-vida-super","7":"product_cat-dog-food","8":"product_cat-adult-dog","10":"first","11":"instock","12":"taxable","13":"shipping-taxable","14":"product-type-variable"},"acf":[],"brands":[],"_links":{"self":[{"href":"https:\/\/kraftiapet.com\/fr\/wp-json\/wp\/v2\/product\/5834","targetHints":{"allow":["GET"]}}],"collection":[{"href":"https:\/\/kraftiapet.com\/fr\/wp-json\/wp\/v2\/product"}],"about":[{"href":"https:\/\/kraftiapet.com\/fr\/wp-json\/wp\/v2\/types\/product"}],"replies":[{"embeddable":true,"href":"https:\/\/kraftiapet.com\/fr\/wp-json\/wp\/v2\/comments?post=5834"}],"wp:featuredmedia":[{"embeddable":true,"href":"https:\/\/kraftiapet.com\/fr\/wp-json\/wp\/v2\/media\/5838"}],"wp:attachment":[{"href":"https:\/\/kraftiapet.com\/fr\/wp-json\/wp\/v2\/media?parent=5834"}],"wp:term":[{"taxonomy":"pwb-brand","embeddable":true,"href":"https:\/\/kraftiapet.com\/fr\/wp-json\/wp\/v2\/pwb-brand?post=5834"},{"taxonomy":"product_brand","embeddable":true,"href":"https:\/\/kraftiapet.com\/fr\/wp-json\/wp\/v2\/product_brand?post=5834"},{"taxonomy":"product_cat","embeddable":true,"href":"https:\/\/kraftiapet.com\/fr\/wp-json\/wp\/v2\/product_cat?post=5834"},{"taxonomy":"product_tag","embeddable":true,"href":"https:\/\/kraftiapet.com\/fr\/wp-json\/wp\/v2\/product_tag?post=5834"}],"curies":[{"name":"wp","href":"https:\/\/api.w.org\/{rel}","templated":true}]}}