{"id":5888,"date":"2025-10-04T21:00:09","date_gmt":"2025-10-04T21:00:09","guid":{"rendered":"https:\/\/kraftiapet.com\/?post_type=product&#038;p=5888"},"modified":"2026-04-20T12:04:07","modified_gmt":"2026-04-20T12:04:07","slug":"chicken-with-blueberry-3","status":"publish","type":"product","link":"https:\/\/kraftiapet.com\/fr\/produit\/chicken-with-blueberry-3\/","title":{"rendered":"Chicken with Blueberry"},"content":{"rendered":"","protected":false},"excerpt":{"rendered":"<p>Vida Nativa Chicken &amp; Blueberry est un aliment naturel haut de gamme pour chiens de petites races, au poulet et aux myrtilles. Le poulet et les myrtilles offrent une combinaison savoureuse et b\u00e9n\u00e9fique. Cette recette constitue une excellente source de prot\u00e9ines, essentielles au maintien d\u2019os solides et d\u2019articulations saines, tandis que les superaliments comme les myrtilles apportent des fibres et des antioxydants, contribuant \u00e0 renforcer le syst\u00e8me immunitaire.  <\/p>\n","protected":false},"featured_media":5890,"comment_status":"open","ping_status":"closed","template":"","meta":{"_acf_changed":false},"pwb-brand":[],"product_brand":[449],"product_cat":[408,409],"product_tag":[],"class_list":{"0":"post-5888","1":"product","2":"type-product","3":"status-publish","4":"has-post-thumbnail","6":"product_brand-vida-nativa","7":"product_cat-dog-food","8":"product_cat-adult-dog","10":"first","11":"instock","12":"taxable","13":"shipping-taxable","14":"product-type-variable"},"acf":[],"brands":[],"_links":{"self":[{"href":"https:\/\/kraftiapet.com\/fr\/wp-json\/wp\/v2\/product\/5888","targetHints":{"allow":["GET"]}}],"collection":[{"href":"https:\/\/kraftiapet.com\/fr\/wp-json\/wp\/v2\/product"}],"about":[{"href":"https:\/\/kraftiapet.com\/fr\/wp-json\/wp\/v2\/types\/product"}],"replies":[{"embeddable":true,"href":"https:\/\/kraftiapet.com\/fr\/wp-json\/wp\/v2\/comments?post=5888"}],"wp:featuredmedia":[{"embeddable":true,"href":"https:\/\/kraftiapet.com\/fr\/wp-json\/wp\/v2\/media\/5890"}],"wp:attachment":[{"href":"https:\/\/kraftiapet.com\/fr\/wp-json\/wp\/v2\/media?parent=5888"}],"wp:term":[{"taxonomy":"pwb-brand","embeddable":true,"href":"https:\/\/kraftiapet.com\/fr\/wp-json\/wp\/v2\/pwb-brand?post=5888"},{"taxonomy":"product_brand","embeddable":true,"href":"https:\/\/kraftiapet.com\/fr\/wp-json\/wp\/v2\/product_brand?post=5888"},{"taxonomy":"product_cat","embeddable":true,"href":"https:\/\/kraftiapet.com\/fr\/wp-json\/wp\/v2\/product_cat?post=5888"},{"taxonomy":"product_tag","embeddable":true,"href":"https:\/\/kraftiapet.com\/fr\/wp-json\/wp\/v2\/product_tag?post=5888"}],"curies":[{"name":"wp","href":"https:\/\/api.w.org\/{rel}","templated":true}]}}