{"id":5907,"date":"2025-10-02T08:02:35","date_gmt":"2025-10-02T08:02:35","guid":{"rendered":"https:\/\/kraftiapet.com\/?post_type=product&#038;p=5907"},"modified":"2026-04-20T12:04:08","modified_gmt":"2026-04-20T12:04:08","slug":"salmon-with-butternut-squash-4","status":"publish","type":"product","link":"https:\/\/kraftiapet.com\/fr\/produit\/salmon-with-butternut-squash-4\/","title":{"rendered":"Salmon with Butternut Squash"},"content":{"rendered":"","protected":false},"excerpt":{"rendered":"<p>Vida Nativa Salmon &amp; Butternut est un aliment naturel haut de gamme pour chatons, au saumon et \u00e0 la courge butternut. Le saumon est une source de prot\u00e9ines hautement digestibles et contribue \u00e0 la sant\u00e9 de la peau ainsi qu\u2019\u00e0 un pelage brillant. La courge butternut et la pomme offrent une combinaison savoureuse et contribuent \u00e0 la sant\u00e9 g\u00e9n\u00e9rale et au bon fonctionnement du syst\u00e8me digestif.  <\/p>\n","protected":false},"featured_media":5909,"comment_status":"open","ping_status":"closed","template":"","meta":{"_acf_changed":false},"pwb-brand":[],"product_brand":[449],"product_cat":[400,401],"product_tag":[],"class_list":{"0":"post-5907","1":"product","2":"type-product","3":"status-publish","4":"has-post-thumbnail","6":"product_brand-vida-nativa","7":"product_cat-cat-food","8":"product_cat-kitten","10":"first","11":"instock","12":"taxable","13":"shipping-taxable","14":"product-type-variable"},"acf":[],"brands":[],"_links":{"self":[{"href":"https:\/\/kraftiapet.com\/fr\/wp-json\/wp\/v2\/product\/5907","targetHints":{"allow":["GET"]}}],"collection":[{"href":"https:\/\/kraftiapet.com\/fr\/wp-json\/wp\/v2\/product"}],"about":[{"href":"https:\/\/kraftiapet.com\/fr\/wp-json\/wp\/v2\/types\/product"}],"replies":[{"embeddable":true,"href":"https:\/\/kraftiapet.com\/fr\/wp-json\/wp\/v2\/comments?post=5907"}],"wp:featuredmedia":[{"embeddable":true,"href":"https:\/\/kraftiapet.com\/fr\/wp-json\/wp\/v2\/media\/5909"}],"wp:attachment":[{"href":"https:\/\/kraftiapet.com\/fr\/wp-json\/wp\/v2\/media?parent=5907"}],"wp:term":[{"taxonomy":"pwb-brand","embeddable":true,"href":"https:\/\/kraftiapet.com\/fr\/wp-json\/wp\/v2\/pwb-brand?post=5907"},{"taxonomy":"product_brand","embeddable":true,"href":"https:\/\/kraftiapet.com\/fr\/wp-json\/wp\/v2\/product_brand?post=5907"},{"taxonomy":"product_cat","embeddable":true,"href":"https:\/\/kraftiapet.com\/fr\/wp-json\/wp\/v2\/product_cat?post=5907"},{"taxonomy":"product_tag","embeddable":true,"href":"https:\/\/kraftiapet.com\/fr\/wp-json\/wp\/v2\/product_tag?post=5907"}],"curies":[{"name":"wp","href":"https:\/\/api.w.org\/{rel}","templated":true}]}}