{"id":5923,"date":"2025-10-13T06:30:04","date_gmt":"2025-10-13T06:30:04","guid":{"rendered":"https:\/\/kraftiapet.com\/?post_type=product&#038;p=5923"},"modified":"2026-04-20T12:08:30","modified_gmt":"2026-04-20T12:08:30","slug":"strong-bone-ca-mg-p","status":"publish","type":"product","link":"https:\/\/kraftiapet.com\/fr\/produit\/strong-bone-ca-mg-p\/","title":{"rendered":"Strong Bone Ca-Mg-P"},"content":{"rendered":"<p data-start=\"249\" data-end=\"352\"><strong>Mode d&#8217;emploi<\/strong>: 1 distributeur (2,7 gr) ou 1 comprim\u00e9 par 15 kg de masse corporelle par jour.<\/p>\n<p data-start=\"249\" data-end=\"352\">Administrer le(s) comprim\u00e9(s) \u00e0 croquer <strong data-start=\"280\" data-end=\"294\">une fois par jour<\/strong> selon la posologie recommand\u00e9e. Le comprim\u00e9 peut \u00eatre : <\/p>\n<ul data-start=\"353\" data-end=\"529\">\n<li data-start=\"353\" data-end=\"398\">\n<p data-start=\"355\" data-end=\"398\"><strong data-start=\"355\" data-end=\"373\">Donner directement<\/strong> au chien en guise de friandise.<\/p>\n<\/li>\n<li data-start=\"399\" data-end=\"448\">\n<p data-start=\"401\" data-end=\"448\"><strong data-start=\"401\" data-end=\"420\">M\u00e9lang\u00e9 \u00e0 la nourriture<\/strong> pour faciliter l&rsquo;acceptation.<\/p>\n<\/li>\n<li data-start=\"449\" data-end=\"529\">\n<p data-start=\"451\" data-end=\"529\"><strong data-start=\"451\" data-end=\"487\">Plac\u00e9 \u00e0 la base de la langue<\/strong> pour assurer une ingestion compl\u00e8te, si n\u00e9cessaire.<\/p>\n<\/li>\n<\/ul>\n<p data-start=\"531\" data-end=\"682\">Veillez \u00e0 ce que le chien ait toujours acc\u00e8s \u00e0 de l&rsquo;eau potable fra\u00eeche. Suivez les recommandations de votre v\u00e9t\u00e9rinaire en ce qui concerne le dosage optimal et la dur\u00e9e d&rsquo;utilisation. <\/p>\n","protected":false},"excerpt":{"rendered":"<p>Tout comme chez l\u2019humain, le calcium est un compl\u00e9ment essentiel d\u00e8s les premiers stades de vie, car il s\u2019agit de la p\u00e9riode de croissance et de d\u00e9veloppement la plus rapide, durant laquelle l\u2019organisme a besoin d\u2019un apport en calcium plus \u00e9lev\u00e9. Notre compl\u00e9ment en calcium pour chiens aide \u00e0 maintenir des os et des dents solides, ainsi qu\u2019un bon fonctionnement musculaire et nerveux. Chez les chiens, cette p\u00e9riode s\u2019\u00e9tend de 3 \u00e0 12 mois et concerne particuli\u00e8rement les chiens de moyennes et grandes races, qui connaissent une croissance rapide.  <\/p>\n<p><strong>QUAND L&rsquo;OS EST-IL SOLIDE ?<\/strong><\/p>\n<ul>\n<li>Pour les chiots et les jeunes chiens \u00e2g\u00e9s de 12 semaines \u00e0 1 an, pour maintenir un syst\u00e8me osseux sain, des fonctions musculaires et nerveuses r\u00e9guli\u00e8res.<\/li>\n<li>Chez les chiennes en gestation et pendant la p\u00e9riode de lactation<\/li>\n<li>Dans les phases de croissance intensive des grands chiens<\/li>\n<li>Pour soutenir l&rsquo;int\u00e9grit\u00e9 des os et des dents<\/li>\n<li>Le fait de l\u00e9cher et de mordre les parois est un signe courant de carence en calcium.<\/li>\n<\/ul>\n","protected":false},"featured_media":5925,"comment_status":"open","ping_status":"closed","template":"","meta":{"_acf_changed":false},"pwb-brand":[],"product_brand":[453],"product_cat":[408,454],"product_tag":[],"class_list":{"0":"post-5923","1":"product","2":"type-product","3":"status-publish","4":"has-post-thumbnail","6":"product_brand-regalena","7":"product_cat-dog-food","8":"product_cat-dog-supplements","10":"first","11":"instock","12":"taxable","13":"shipping-taxable","14":"product-type-variable"},"acf":[],"brands":[],"_links":{"self":[{"href":"https:\/\/kraftiapet.com\/fr\/wp-json\/wp\/v2\/product\/5923","targetHints":{"allow":["GET"]}}],"collection":[{"href":"https:\/\/kraftiapet.com\/fr\/wp-json\/wp\/v2\/product"}],"about":[{"href":"https:\/\/kraftiapet.com\/fr\/wp-json\/wp\/v2\/types\/product"}],"replies":[{"embeddable":true,"href":"https:\/\/kraftiapet.com\/fr\/wp-json\/wp\/v2\/comments?post=5923"}],"wp:featuredmedia":[{"embeddable":true,"href":"https:\/\/kraftiapet.com\/fr\/wp-json\/wp\/v2\/media\/5925"}],"wp:attachment":[{"href":"https:\/\/kraftiapet.com\/fr\/wp-json\/wp\/v2\/media?parent=5923"}],"wp:term":[{"taxonomy":"pwb-brand","embeddable":true,"href":"https:\/\/kraftiapet.com\/fr\/wp-json\/wp\/v2\/pwb-brand?post=5923"},{"taxonomy":"product_brand","embeddable":true,"href":"https:\/\/kraftiapet.com\/fr\/wp-json\/wp\/v2\/product_brand?post=5923"},{"taxonomy":"product_cat","embeddable":true,"href":"https:\/\/kraftiapet.com\/fr\/wp-json\/wp\/v2\/product_cat?post=5923"},{"taxonomy":"product_tag","embeddable":true,"href":"https:\/\/kraftiapet.com\/fr\/wp-json\/wp\/v2\/product_tag?post=5923"}],"curies":[{"name":"wp","href":"https:\/\/api.w.org\/{rel}","templated":true}]}}