{"id":5924,"date":"2025-10-10T10:05:34","date_gmt":"2025-10-10T10:05:34","guid":{"rendered":"https:\/\/kraftiapet.com\/?post_type=product&#038;p=5924"},"modified":"2026-04-20T12:08:31","modified_gmt":"2026-04-20T12:08:31","slug":"multivitamine","status":"publish","type":"product","link":"https:\/\/kraftiapet.com\/fr\/produit\/multivitamine\/","title":{"rendered":"Multivitamine"},"content":{"rendered":"<p data-start=\"249\" data-end=\"352\">Mode d&#8217;emploi: 1 distributeur (2,7 gr) ou 1 comprim\u00e9 par 15 kg de masse corporelle par jour.<\/p>\n<p data-start=\"249\" data-end=\"352\">Administrer le(s) comprim\u00e9(s) \u00e0 croquer <strong data-start=\"280\" data-end=\"294\">une fois par jour<\/strong> selon la posologie recommand\u00e9e. Le comprim\u00e9 peut \u00eatre : <\/p>\n<ul data-start=\"353\" data-end=\"529\">\n<li data-start=\"353\" data-end=\"398\">\n<p data-start=\"355\" data-end=\"398\"><strong data-start=\"355\" data-end=\"373\">Donner directement<\/strong> au chien en guise de friandise.<\/p>\n<\/li>\n<li data-start=\"399\" data-end=\"448\">\n<p data-start=\"401\" data-end=\"448\"><strong data-start=\"401\" data-end=\"420\">M\u00e9lang\u00e9 \u00e0 la nourriture<\/strong> pour faciliter l&rsquo;acceptation.<\/p>\n<\/li>\n<li data-start=\"449\" data-end=\"529\">\n<p data-start=\"451\" data-end=\"529\"><strong data-start=\"451\" data-end=\"487\">Plac\u00e9 \u00e0 la base de la langue<\/strong> pour assurer une ingestion compl\u00e8te, si n\u00e9cessaire.<\/p>\n<\/li>\n<\/ul>\n<p data-start=\"531\" data-end=\"682\">Veillez \u00e0 ce que le chien ait toujours acc\u00e8s \u00e0 de l&rsquo;eau potable fra\u00eeche. Suivez les recommandations de votre v\u00e9t\u00e9rinaire en ce qui concerne le dosage optimal et la dur\u00e9e d&rsquo;utilisation. <\/p>\n","protected":false},"excerpt":{"rendered":"<p>Une alimentation \u00e9quilibr\u00e9e devrait apporter tous les nutriments n\u00e9cessaires aux chiens, mais l\u2019organisme a parfois besoin de vitamines et de min\u00e9raux suppl\u00e9mentaires pour aider \u00e0 faire face aux changements de saison, aux baisses d\u2019immunit\u00e9 et aux agressions ext\u00e9rieures. Notre compl\u00e9ment multivitamin\u00e9 pour chiens contribue \u00e0 un \u00e9quilibre nutritionnel optimal, renforce le syst\u00e8me immunitaire et aide \u00e0 maintenir \u00e9nergie et vitalit\u00e9 tout au long de l\u2019ann\u00e9e. <\/p>\n<p><strong>QUAND UNE MULTIVITAMINE ?<\/strong><\/p>\n<ul>\n<li>Pour une croissance et un d\u00e9veloppement corrects de toutes les races<\/li>\n<li>Pendant la grossesse et l&rsquo;allaitement<\/li>\n<li>Soutien pendant le traitement et le r\u00e9tablissement<\/li>\n<li>Soutien aux syst\u00e8mes nerveux et cardiovasculaire<\/li>\n<li>Pr\u00e9serve et renforce l&rsquo;immunit\u00e9<\/li>\n<\/ul>\n","protected":false},"featured_media":5928,"comment_status":"open","ping_status":"closed","template":"","meta":{"_acf_changed":false},"pwb-brand":[],"product_brand":[453],"product_cat":[408,454],"product_tag":[],"class_list":{"0":"post-5924","1":"product","2":"type-product","3":"status-publish","4":"has-post-thumbnail","6":"product_brand-regalena","7":"product_cat-dog-food","8":"product_cat-dog-supplements","10":"first","11":"instock","12":"taxable","13":"shipping-taxable","14":"product-type-variable"},"acf":[],"brands":[],"_links":{"self":[{"href":"https:\/\/kraftiapet.com\/fr\/wp-json\/wp\/v2\/product\/5924","targetHints":{"allow":["GET"]}}],"collection":[{"href":"https:\/\/kraftiapet.com\/fr\/wp-json\/wp\/v2\/product"}],"about":[{"href":"https:\/\/kraftiapet.com\/fr\/wp-json\/wp\/v2\/types\/product"}],"replies":[{"embeddable":true,"href":"https:\/\/kraftiapet.com\/fr\/wp-json\/wp\/v2\/comments?post=5924"}],"wp:featuredmedia":[{"embeddable":true,"href":"https:\/\/kraftiapet.com\/fr\/wp-json\/wp\/v2\/media\/5928"}],"wp:attachment":[{"href":"https:\/\/kraftiapet.com\/fr\/wp-json\/wp\/v2\/media?parent=5924"}],"wp:term":[{"taxonomy":"pwb-brand","embeddable":true,"href":"https:\/\/kraftiapet.com\/fr\/wp-json\/wp\/v2\/pwb-brand?post=5924"},{"taxonomy":"product_brand","embeddable":true,"href":"https:\/\/kraftiapet.com\/fr\/wp-json\/wp\/v2\/product_brand?post=5924"},{"taxonomy":"product_cat","embeddable":true,"href":"https:\/\/kraftiapet.com\/fr\/wp-json\/wp\/v2\/product_cat?post=5924"},{"taxonomy":"product_tag","embeddable":true,"href":"https:\/\/kraftiapet.com\/fr\/wp-json\/wp\/v2\/product_tag?post=5924"}],"curies":[{"name":"wp","href":"https:\/\/api.w.org\/{rel}","templated":true}]}}