{"id":5938,"date":"2025-10-10T11:52:54","date_gmt":"2025-10-10T11:52:54","guid":{"rendered":"https:\/\/kraftiapet.com\/?post_type=product&#038;p=5938"},"modified":"2026-04-20T12:08:31","modified_gmt":"2026-04-20T12:08:31","slug":"skin-coat","status":"publish","type":"product","link":"https:\/\/kraftiapet.com\/fr\/produit\/skin-coat\/","title":{"rendered":"Skin &amp; Coat"},"content":{"rendered":"<p data-start=\"249\" data-end=\"352\"><strong>Mode d&#8217;emploi<\/strong>: 1 distributeur (2,7 gr) ou 1 comprim\u00e9 par 15 kg de masse corporelle par jour.<\/p>\n<p data-start=\"249\" data-end=\"352\">Administrer le(s) comprim\u00e9(s) \u00e0 croquer <strong data-start=\"280\" data-end=\"294\">une fois par jour<\/strong> selon la posologie recommand\u00e9e. Le comprim\u00e9 peut \u00eatre : <\/p>\n<ul data-start=\"353\" data-end=\"529\">\n<li data-start=\"353\" data-end=\"398\">\n<p data-start=\"355\" data-end=\"398\"><strong data-start=\"355\" data-end=\"373\">Donner directement<\/strong> au chien en guise de friandise.<\/p>\n<\/li>\n<li data-start=\"399\" data-end=\"448\">\n<p data-start=\"401\" data-end=\"448\"><strong data-start=\"401\" data-end=\"420\">M\u00e9lang\u00e9 \u00e0 la nourriture<\/strong> pour faciliter l&rsquo;acceptation.<\/p>\n<\/li>\n<li data-start=\"449\" data-end=\"529\">\n<p data-start=\"451\" data-end=\"529\"><strong data-start=\"451\" data-end=\"487\">Plac\u00e9 \u00e0 la base de la langue<\/strong> pour assurer une ingestion compl\u00e8te, si n\u00e9cessaire.<\/p>\n<\/li>\n<\/ul>\n<p data-start=\"531\" data-end=\"682\">Veillez \u00e0 ce que le chien ait toujours acc\u00e8s \u00e0 de l\u2019eau fra\u00eeche. Suivez les recommandations de votre v\u00e9t\u00e9rinaire concernant le dosage optimal et la dur\u00e9e d\u2019utilisation. <\/p>\n","protected":false},"excerpt":{"rendered":"<p>Un pelage doux et dense est la premi\u00e8re chose que l\u2019on remarque chez un chien, et l\u2019apparence du pelage est en r\u00e9alit\u00e9 le reflet de la sant\u00e9 de la peau. Notre compl\u00e9ment pour la peau et le pelage des chiens fournit des nutriments essentiels qui contribuent \u00e0 maintenir l\u2019\u00e9quilibre et la brillance. Diff\u00e9rentes carences nutritionnelles se manifestent souvent par des probl\u00e8mes de peau et de pelage, et la peau, en tant qu\u2019organe particuli\u00e8rement expos\u00e9 aux agressions ext\u00e9rieures au quotidien, n\u00e9cessite souvent des soins et une protection sp\u00e9cifiques.  <\/p>\n<p><strong>QUAND LA PEAU ET LE PELAGE ?<\/strong><\/p>\n<ul>\n<li>Pr\u00e9serve la sant\u00e9 de la peau et du pelage<\/li>\n<li>Comme pr\u00e9vention en cas d&rsquo;allergies et d&rsquo;irritations cutan\u00e9es (avec Allergy Relief)<\/li>\n<li>Soulage les inconforts de la peau s\u00e8che et irrit\u00e9e<\/li>\n<li>En pr\u00e9vention en cas de risque de maladies cutan\u00e9es, d&rsquo;hypersensibilit\u00e9<\/li>\n<li>Traitement de soutien en cas d&rsquo;alop\u00e9cie caus\u00e9e par des parasites de la peau<\/li>\n<\/ul>\n","protected":false},"featured_media":5942,"comment_status":"open","ping_status":"closed","template":"","meta":{"_acf_changed":false},"pwb-brand":[],"product_brand":[453],"product_cat":[408,454],"product_tag":[],"class_list":{"0":"post-5938","1":"product","2":"type-product","3":"status-publish","4":"has-post-thumbnail","6":"product_brand-regalena","7":"product_cat-dog-food","8":"product_cat-dog-supplements","10":"first","11":"instock","12":"taxable","13":"shipping-taxable","14":"product-type-variable"},"acf":[],"brands":[],"_links":{"self":[{"href":"https:\/\/kraftiapet.com\/fr\/wp-json\/wp\/v2\/product\/5938","targetHints":{"allow":["GET"]}}],"collection":[{"href":"https:\/\/kraftiapet.com\/fr\/wp-json\/wp\/v2\/product"}],"about":[{"href":"https:\/\/kraftiapet.com\/fr\/wp-json\/wp\/v2\/types\/product"}],"replies":[{"embeddable":true,"href":"https:\/\/kraftiapet.com\/fr\/wp-json\/wp\/v2\/comments?post=5938"}],"wp:featuredmedia":[{"embeddable":true,"href":"https:\/\/kraftiapet.com\/fr\/wp-json\/wp\/v2\/media\/5942"}],"wp:attachment":[{"href":"https:\/\/kraftiapet.com\/fr\/wp-json\/wp\/v2\/media?parent=5938"}],"wp:term":[{"taxonomy":"pwb-brand","embeddable":true,"href":"https:\/\/kraftiapet.com\/fr\/wp-json\/wp\/v2\/pwb-brand?post=5938"},{"taxonomy":"product_brand","embeddable":true,"href":"https:\/\/kraftiapet.com\/fr\/wp-json\/wp\/v2\/product_brand?post=5938"},{"taxonomy":"product_cat","embeddable":true,"href":"https:\/\/kraftiapet.com\/fr\/wp-json\/wp\/v2\/product_cat?post=5938"},{"taxonomy":"product_tag","embeddable":true,"href":"https:\/\/kraftiapet.com\/fr\/wp-json\/wp\/v2\/product_tag?post=5938"}],"curies":[{"name":"wp","href":"https:\/\/api.w.org\/{rel}","templated":true}]}}