{"id":5948,"date":"2025-10-13T06:59:05","date_gmt":"2025-10-13T06:59:05","guid":{"rendered":"https:\/\/kraftiapet.com\/?post_type=product&#038;p=5948"},"modified":"2026-04-20T12:08:29","modified_gmt":"2026-04-20T12:08:29","slug":"immune-boost","status":"publish","type":"product","link":"https:\/\/kraftiapet.com\/fr\/produit\/immune-boost\/","title":{"rendered":"Immune Boost"},"content":{"rendered":"<p data-start=\"249\" data-end=\"352\"><strong>Mode d&#8217;emploi<\/strong>: 1 comprim\u00e9 par 10 kg de masse corporelle par jour.<\/p>\n<p data-start=\"249\" data-end=\"352\">Administrer le(s) comprim\u00e9(s) \u00e0 croquer <strong data-start=\"280\" data-end=\"294\">une fois par jour<\/strong> selon la posologie recommand\u00e9e. Le comprim\u00e9 peut \u00eatre : <\/p>\n<ul data-start=\"353\" data-end=\"529\">\n<li data-start=\"353\" data-end=\"398\">\n<p data-start=\"355\" data-end=\"398\"><strong data-start=\"355\" data-end=\"373\">Donner directement<\/strong> au chien en guise de friandise.<\/p>\n<\/li>\n<li data-start=\"399\" data-end=\"448\">\n<p data-start=\"401\" data-end=\"448\"><strong data-start=\"401\" data-end=\"420\">M\u00e9lang\u00e9 \u00e0 la nourriture<\/strong> pour faciliter l&rsquo;acceptation.<\/p>\n<\/li>\n<li data-start=\"449\" data-end=\"529\">\n<p data-start=\"451\" data-end=\"529\"><strong data-start=\"451\" data-end=\"487\">Plac\u00e9 \u00e0 la base de la langue<\/strong> pour assurer une ingestion compl\u00e8te, si n\u00e9cessaire.<\/p>\n<\/li>\n<\/ul>\n<p data-start=\"531\" data-end=\"682\">Veillez \u00e0 ce que le chien ait toujours acc\u00e8s \u00e0 de l&rsquo;eau potable fra\u00eeche. Suivez les recommandations de votre v\u00e9t\u00e9rinaire en ce qui concerne le dosage optimal et la dur\u00e9e d&rsquo;utilisation. <\/p>\n","protected":false},"excerpt":{"rendered":"<p>Une alimentation riche et vari\u00e9e, une activit\u00e9 physique r\u00e9guli\u00e8re et une suppl\u00e9mentation adapt\u00e9e sont essentielles pour maintenir un syst\u00e8me immunitaire fort et \u00e9quilibr\u00e9, en particulier lors des p\u00e9riodes de risque accru de rhumes, de fatigue et d\u2019\u00e9puisement de l\u2019organisme. Notre compl\u00e9ment immunitaire pour chiens aide \u00e0 renforcer les d\u00e9fenses de l\u2019organisme, \u00e0 favoriser la r\u00e9cup\u00e9ration et \u00e0 maintenir la vitalit\u00e9 \u00e0 chaque \u00e9tape de la vie. <\/p>\n<p><strong>QUAND RENFORCER LE SYST\u00c8ME IMMUNITAIRE ?<\/strong><\/p>\n<ul>\n<li>Pour les infections bact\u00e9riennes, fongiques et virales fr\u00e9quentes<\/li>\n<li>Dans l&rsquo;inflammation des poumons et de l&rsquo;oreille<\/li>\n<li>Dans les maladies chroniques<\/li>\n<li>Pour le corps \u00e9puis\u00e9<\/li>\n<li>En cas de manque d&rsquo;app\u00e9tit<\/li>\n<li>Pendant la p\u00e9riode de convalescence<\/li>\n<\/ul>\n","protected":false},"featured_media":5949,"comment_status":"open","ping_status":"closed","template":"","meta":{"_acf_changed":false},"pwb-brand":[],"product_brand":[453],"product_cat":[408,454],"product_tag":[],"class_list":{"0":"post-5948","1":"product","2":"type-product","3":"status-publish","4":"has-post-thumbnail","6":"product_brand-regalena","7":"product_cat-dog-food","8":"product_cat-dog-supplements","10":"first","11":"instock","12":"taxable","13":"shipping-taxable","14":"product-type-variable"},"acf":[],"brands":[],"_links":{"self":[{"href":"https:\/\/kraftiapet.com\/fr\/wp-json\/wp\/v2\/product\/5948","targetHints":{"allow":["GET"]}}],"collection":[{"href":"https:\/\/kraftiapet.com\/fr\/wp-json\/wp\/v2\/product"}],"about":[{"href":"https:\/\/kraftiapet.com\/fr\/wp-json\/wp\/v2\/types\/product"}],"replies":[{"embeddable":true,"href":"https:\/\/kraftiapet.com\/fr\/wp-json\/wp\/v2\/comments?post=5948"}],"wp:featuredmedia":[{"embeddable":true,"href":"https:\/\/kraftiapet.com\/fr\/wp-json\/wp\/v2\/media\/5949"}],"wp:attachment":[{"href":"https:\/\/kraftiapet.com\/fr\/wp-json\/wp\/v2\/media?parent=5948"}],"wp:term":[{"taxonomy":"pwb-brand","embeddable":true,"href":"https:\/\/kraftiapet.com\/fr\/wp-json\/wp\/v2\/pwb-brand?post=5948"},{"taxonomy":"product_brand","embeddable":true,"href":"https:\/\/kraftiapet.com\/fr\/wp-json\/wp\/v2\/product_brand?post=5948"},{"taxonomy":"product_cat","embeddable":true,"href":"https:\/\/kraftiapet.com\/fr\/wp-json\/wp\/v2\/product_cat?post=5948"},{"taxonomy":"product_tag","embeddable":true,"href":"https:\/\/kraftiapet.com\/fr\/wp-json\/wp\/v2\/product_tag?post=5948"}],"curies":[{"name":"wp","href":"https:\/\/api.w.org\/{rel}","templated":true}]}}