{"id":5951,"date":"2025-10-10T12:28:20","date_gmt":"2025-10-10T12:28:20","guid":{"rendered":"https:\/\/kraftiapet.com\/?post_type=product&#038;p=5951"},"modified":"2026-04-20T12:08:31","modified_gmt":"2026-04-20T12:08:31","slug":"liver-support","status":"publish","type":"product","link":"https:\/\/kraftiapet.com\/fr\/produit\/liver-support\/","title":{"rendered":"Liver Support"},"content":{"rendered":"<p data-start=\"249\" data-end=\"352\"><strong>Mode d&#8217;emploi<\/strong>: 1 comprim\u00e9 par 10 kg de masse corporelle par jour pendant les 10 premiers jours.<\/p>\n<p data-start=\"249\" data-end=\"352\">Administrer le(s) comprim\u00e9(s) \u00e0 croquer <strong data-start=\"280\" data-end=\"294\">une fois par jour<\/strong> selon la posologie recommand\u00e9e. Le comprim\u00e9 peut \u00eatre : <\/p>\n<ul data-start=\"353\" data-end=\"529\">\n<li data-start=\"353\" data-end=\"398\">\n<p data-start=\"355\" data-end=\"398\"><strong data-start=\"355\" data-end=\"373\">Donner directement<\/strong> au chien en guise de friandise.<\/p>\n<\/li>\n<li data-start=\"399\" data-end=\"448\">\n<p data-start=\"401\" data-end=\"448\"><strong data-start=\"401\" data-end=\"420\">M\u00e9lang\u00e9 \u00e0 la nourriture<\/strong> pour faciliter l&rsquo;acceptation.<\/p>\n<\/li>\n<li data-start=\"449\" data-end=\"529\">\n<p data-start=\"451\" data-end=\"529\"><strong data-start=\"451\" data-end=\"487\">Plac\u00e9 \u00e0 la base de la langue<\/strong> pour assurer une ingestion compl\u00e8te, si n\u00e9cessaire.<\/p>\n<\/li>\n<\/ul>\n<p data-start=\"531\" data-end=\"682\">Veillez \u00e0 ce que le chien ait toujours acc\u00e8s \u00e0 de l&rsquo;eau potable fra\u00eeche. Suivez les recommandations de votre v\u00e9t\u00e9rinaire en ce qui concerne le dosage optimal et la dur\u00e9e d&rsquo;utilisation. <\/p>\n","protected":false},"excerpt":{"rendered":"<p>Le foie joue un r\u00f4le important dans le m\u00e9tabolisme et assure de nombreuses fonctions : il \u00e9limine les toxines, produit des prot\u00e9ines sanguines et participe \u00e0 la digestion. Notre compl\u00e9ment pour le foie des chiens aide \u00e0 prot\u00e9ger les cellules h\u00e9patiques, soutient la r\u00e9g\u00e9n\u00e9ration et favorise un m\u00e9tabolisme sain. En raison de son r\u00f4le central, le foie est toutefois expos\u00e9 \u00e0 de nombreux probl\u00e8mes pouvant menacer la sant\u00e9 du chien, c\u2019est pourquoi il est toujours pr\u00e9f\u00e9rable de mettre en place une prise en charge pr\u00e9ventive afin d\u2019optimiser la fonction h\u00e9patique et de la prot\u00e9ger.  <\/p>\n<p><strong>QUAND LE SOUTIEN H\u00c9PATIQUE ?<\/strong><\/p>\n<ul>\n<li>En cas de st\u00e9atose h\u00e9patique<\/li>\n<li>Lors de l&rsquo;utilisation de m\u00e9dicaments h\u00e9patotoxiques<\/li>\n<li>Pour lutter contre les h\u00e9patites (ad\u00e9novirus, leptospirose, toxoplasmose)<\/li>\n<li>En cas d&rsquo;intoxication aux m\u00e9taux lourds<\/li>\n<li>Pour les kystes du foie<\/li>\n<li>En cas d&rsquo;obstruction des voies biliaires<\/li>\n<\/ul>\n","protected":false},"featured_media":5954,"comment_status":"open","ping_status":"closed","template":"","meta":{"_acf_changed":false},"pwb-brand":[],"product_brand":[453],"product_cat":[408,454],"product_tag":[],"class_list":{"0":"post-5951","1":"product","2":"type-product","3":"status-publish","4":"has-post-thumbnail","6":"product_brand-regalena","7":"product_cat-dog-food","8":"product_cat-dog-supplements","10":"first","11":"instock","12":"taxable","13":"shipping-taxable","14":"product-type-variable"},"acf":[],"brands":[],"_links":{"self":[{"href":"https:\/\/kraftiapet.com\/fr\/wp-json\/wp\/v2\/product\/5951","targetHints":{"allow":["GET"]}}],"collection":[{"href":"https:\/\/kraftiapet.com\/fr\/wp-json\/wp\/v2\/product"}],"about":[{"href":"https:\/\/kraftiapet.com\/fr\/wp-json\/wp\/v2\/types\/product"}],"replies":[{"embeddable":true,"href":"https:\/\/kraftiapet.com\/fr\/wp-json\/wp\/v2\/comments?post=5951"}],"wp:featuredmedia":[{"embeddable":true,"href":"https:\/\/kraftiapet.com\/fr\/wp-json\/wp\/v2\/media\/5954"}],"wp:attachment":[{"href":"https:\/\/kraftiapet.com\/fr\/wp-json\/wp\/v2\/media?parent=5951"}],"wp:term":[{"taxonomy":"pwb-brand","embeddable":true,"href":"https:\/\/kraftiapet.com\/fr\/wp-json\/wp\/v2\/pwb-brand?post=5951"},{"taxonomy":"product_brand","embeddable":true,"href":"https:\/\/kraftiapet.com\/fr\/wp-json\/wp\/v2\/product_brand?post=5951"},{"taxonomy":"product_cat","embeddable":true,"href":"https:\/\/kraftiapet.com\/fr\/wp-json\/wp\/v2\/product_cat?post=5951"},{"taxonomy":"product_tag","embeddable":true,"href":"https:\/\/kraftiapet.com\/fr\/wp-json\/wp\/v2\/product_tag?post=5951"}],"curies":[{"name":"wp","href":"https:\/\/api.w.org\/{rel}","templated":true}]}}