{"id":5958,"date":"2025-10-13T07:09:13","date_gmt":"2025-10-13T07:09:13","guid":{"rendered":"https:\/\/kraftiapet.com\/?post_type=product&#038;p=5958"},"modified":"2026-04-20T12:08:29","modified_gmt":"2026-04-20T12:08:29","slug":"urinary-care","status":"publish","type":"product","link":"https:\/\/kraftiapet.com\/fr\/produit\/urinary-care\/","title":{"rendered":"Urinary Care"},"content":{"rendered":"<p data-start=\"249\" data-end=\"352\"><strong>Mode d&#8217;emploi<\/strong>: 1 comprim\u00e9 pour 15 BM (masse corporelle) par jour pendant 6 mois.<\/p>\n<p data-start=\"249\" data-end=\"352\">Administrer le(s) comprim\u00e9(s) \u00e0 croquer <strong data-start=\"280\" data-end=\"294\">une fois par jour<\/strong> selon la posologie recommand\u00e9e. Le comprim\u00e9 peut \u00eatre : <\/p>\n<ul data-start=\"353\" data-end=\"529\">\n<li data-start=\"353\" data-end=\"398\">\n<p data-start=\"355\" data-end=\"398\"><strong data-start=\"355\" data-end=\"373\">Donner directement<\/strong> au chien en guise de friandise.<\/p>\n<\/li>\n<li data-start=\"399\" data-end=\"448\">\n<p data-start=\"401\" data-end=\"448\"><strong data-start=\"401\" data-end=\"420\">M\u00e9lang\u00e9 \u00e0 la nourriture<\/strong> pour faciliter l&rsquo;acceptation.<\/p>\n<\/li>\n<li data-start=\"449\" data-end=\"529\">\n<p data-start=\"451\" data-end=\"529\"><strong data-start=\"451\" data-end=\"487\">Plac\u00e9 \u00e0 la base de la langue<\/strong> pour assurer une ingestion compl\u00e8te, si n\u00e9cessaire.<\/p>\n<\/li>\n<\/ul>\n<p data-start=\"531\" data-end=\"682\">Veillez \u00e0 ce que le chien ait toujours acc\u00e8s \u00e0 de l&rsquo;eau potable fra\u00eeche. Suivez les recommandations de votre v\u00e9t\u00e9rinaire en ce qui concerne le dosage optimal et la dur\u00e9e d&rsquo;utilisation. <\/p>\n","protected":false},"excerpt":{"rendered":"<p>Les infections urinaires sont un probl\u00e8me fr\u00e9quent auquel les chiens sont fr\u00e9quemment expos\u00e9s, et dans 90 % des cas, Escherichia coli en est la cause. Notre compl\u00e9ment urinaire pour chiens soutient l\u2019\u00e9limination naturelle des bact\u00e9ries, renforce le syst\u00e8me immunitaire et aide \u00e0 pr\u00e9venir les r\u00e9infections. Les antibiotiques sont souvent utilis\u00e9s en association avec des approches naturelles afin d\u2019\u00e9liminer les bact\u00e9ries des voies urinaires et de soutenir les d\u00e9fenses immunitaires, aidant ainsi \u00e0 prot\u00e9ger les animaux de compagnie contre les r\u00e9cidives.  <\/p>\n<p><strong>QUAND LES SOINS URINAIRES ?<\/strong><\/p>\n<ul>\n<li>Pour les inflammations aigu\u00ebs, chroniques et r\u00e9currentes des voies urinaires<\/li>\n<li>En pr\u00e9vention des calculs r\u00e9naux<\/li>\n<li>Contre les cristaux et les calculs dans la vessie<\/li>\n<li>Apr\u00e8s un cath\u00e9t\u00e9risme et des interventions chirurgicales<\/li>\n<li>En compl\u00e9ment de la th\u00e9rapie conventionnelle prescrite<\/li>\n<li>Pour l&rsquo;hypertrophie de la prostate<\/li>\n<li>Comme pr\u00e9vention dans les races de chiens pr\u00e9dispos\u00e9es<\/li>\n<li>Pour une meilleure qualit\u00e9 de sperme<\/li>\n<\/ul>\n","protected":false},"featured_media":5959,"comment_status":"open","ping_status":"closed","template":"","meta":{"_acf_changed":false},"pwb-brand":[],"product_brand":[453],"product_cat":[408,454],"product_tag":[],"class_list":{"0":"post-5958","1":"product","2":"type-product","3":"status-publish","4":"has-post-thumbnail","6":"product_brand-regalena","7":"product_cat-dog-food","8":"product_cat-dog-supplements","10":"first","11":"instock","12":"taxable","13":"shipping-taxable","14":"product-type-variable"},"acf":[],"brands":[],"_links":{"self":[{"href":"https:\/\/kraftiapet.com\/fr\/wp-json\/wp\/v2\/product\/5958","targetHints":{"allow":["GET"]}}],"collection":[{"href":"https:\/\/kraftiapet.com\/fr\/wp-json\/wp\/v2\/product"}],"about":[{"href":"https:\/\/kraftiapet.com\/fr\/wp-json\/wp\/v2\/types\/product"}],"replies":[{"embeddable":true,"href":"https:\/\/kraftiapet.com\/fr\/wp-json\/wp\/v2\/comments?post=5958"}],"wp:featuredmedia":[{"embeddable":true,"href":"https:\/\/kraftiapet.com\/fr\/wp-json\/wp\/v2\/media\/5959"}],"wp:attachment":[{"href":"https:\/\/kraftiapet.com\/fr\/wp-json\/wp\/v2\/media?parent=5958"}],"wp:term":[{"taxonomy":"pwb-brand","embeddable":true,"href":"https:\/\/kraftiapet.com\/fr\/wp-json\/wp\/v2\/pwb-brand?post=5958"},{"taxonomy":"product_brand","embeddable":true,"href":"https:\/\/kraftiapet.com\/fr\/wp-json\/wp\/v2\/product_brand?post=5958"},{"taxonomy":"product_cat","embeddable":true,"href":"https:\/\/kraftiapet.com\/fr\/wp-json\/wp\/v2\/product_cat?post=5958"},{"taxonomy":"product_tag","embeddable":true,"href":"https:\/\/kraftiapet.com\/fr\/wp-json\/wp\/v2\/product_tag?post=5958"}],"curies":[{"name":"wp","href":"https:\/\/api.w.org\/{rel}","templated":true}]}}