{"id":5970,"date":"2025-10-13T07:18:25","date_gmt":"2025-10-13T07:18:25","guid":{"rendered":"https:\/\/kraftiapet.com\/?post_type=product&#038;p=5970"},"modified":"2026-04-20T12:08:29","modified_gmt":"2026-04-20T12:08:29","slug":"allergy-relief","status":"publish","type":"product","link":"https:\/\/kraftiapet.com\/fr\/produit\/allergy-relief\/","title":{"rendered":"Allergy Relief"},"content":{"rendered":"<p data-start=\"249\" data-end=\"352\"><strong>Mode d&#8217;emploi<\/strong>: 1 comprim\u00e9 par 15 kg de masse corporelle par jour.<\/p>\n<p data-start=\"249\" data-end=\"352\">Administrer le(s) comprim\u00e9(s) \u00e0 croquer <strong data-start=\"280\" data-end=\"294\">une fois par jour<\/strong> selon la posologie recommand\u00e9e. Le comprim\u00e9 peut \u00eatre : <\/p>\n<ul data-start=\"353\" data-end=\"529\">\n<li data-start=\"353\" data-end=\"398\">\n<p data-start=\"355\" data-end=\"398\"><strong data-start=\"355\" data-end=\"373\">Donner directement<\/strong> au chien en guise de friandise.<\/p>\n<\/li>\n<li data-start=\"399\" data-end=\"448\">\n<p data-start=\"401\" data-end=\"448\"><strong data-start=\"401\" data-end=\"420\">M\u00e9lang\u00e9 \u00e0 la nourriture<\/strong> pour faciliter l&rsquo;acceptation.<\/p>\n<\/li>\n<li data-start=\"449\" data-end=\"529\">\n<p data-start=\"451\" data-end=\"529\"><strong data-start=\"451\" data-end=\"487\">Plac\u00e9 \u00e0 la base de la langue<\/strong> pour assurer une ingestion compl\u00e8te, si n\u00e9cessaire.<\/p>\n<\/li>\n<\/ul>\n<p data-start=\"531\" data-end=\"682\">Veillez \u00e0 ce que le chien ait toujours acc\u00e8s \u00e0 de l&rsquo;eau potable fra\u00eeche. Suivez les recommandations de votre v\u00e9t\u00e9rinaire en ce qui concerne le dosage optimal et la dur\u00e9e d&rsquo;utilisation. <\/p>\n","protected":false},"excerpt":{"rendered":"<p>Tout comme les humains, certains chiens pr\u00e9sentent un syst\u00e8me immunitaire hyperr\u00e9actif, entra\u00eenant une forte r\u00e9action \u00e0 des facteurs pourtant relativement inoffensifs tels que le pollen, les acariens, le soleil ou certains aliments. Notre compl\u00e9ment anti-allergies pour chiens aide \u00e0 soutenir le syst\u00e8me immunitaire et \u00e0 mieux r\u00e9guler sa r\u00e9ponse aux allerg\u00e8nes. Les antihistaminiques et les immunomodulateurs sont souvent n\u00e9cessaires pour soulager les sympt\u00f4mes allergiques, et il est reconnu que le renforcement du syst\u00e8me immunitaire joue \u00e9galement un r\u00f4le important dans la capacit\u00e9 de l\u2019organisme \u00e0 faire face aux allerg\u00e8nes probl\u00e9matiques.  <\/p>\n<p><strong>QUAND SOULAGER LES ALLERGIES ?<\/strong><\/p>\n<ul>\n<li>Dans tous les types d&rsquo;atopie &#8211; syst\u00e9mique et locale<\/li>\n<li>Soulage les d\u00e9mangeaisons, les yeux larmoyants, le nez qui coule et les gonflements.<\/li>\n<li>Calme le syst\u00e8me immunitaire irrit\u00e9<\/li>\n<li>R\u00e9duit les processus inflammatoires<\/li>\n<li>Action pr\u00e9ventive, avant l&rsquo;exposition aux allerg\u00e8nes<\/li>\n<\/ul>\n","protected":false},"featured_media":5971,"comment_status":"open","ping_status":"closed","template":"","meta":{"_acf_changed":false},"pwb-brand":[],"product_brand":[453],"product_cat":[408,454],"product_tag":[],"class_list":{"0":"post-5970","1":"product","2":"type-product","3":"status-publish","4":"has-post-thumbnail","6":"product_brand-regalena","7":"product_cat-dog-food","8":"product_cat-dog-supplements","10":"first","11":"instock","12":"taxable","13":"shipping-taxable","14":"product-type-variable"},"acf":[],"brands":[],"_links":{"self":[{"href":"https:\/\/kraftiapet.com\/fr\/wp-json\/wp\/v2\/product\/5970","targetHints":{"allow":["GET"]}}],"collection":[{"href":"https:\/\/kraftiapet.com\/fr\/wp-json\/wp\/v2\/product"}],"about":[{"href":"https:\/\/kraftiapet.com\/fr\/wp-json\/wp\/v2\/types\/product"}],"replies":[{"embeddable":true,"href":"https:\/\/kraftiapet.com\/fr\/wp-json\/wp\/v2\/comments?post=5970"}],"wp:featuredmedia":[{"embeddable":true,"href":"https:\/\/kraftiapet.com\/fr\/wp-json\/wp\/v2\/media\/5971"}],"wp:attachment":[{"href":"https:\/\/kraftiapet.com\/fr\/wp-json\/wp\/v2\/media?parent=5970"}],"wp:term":[{"taxonomy":"pwb-brand","embeddable":true,"href":"https:\/\/kraftiapet.com\/fr\/wp-json\/wp\/v2\/pwb-brand?post=5970"},{"taxonomy":"product_brand","embeddable":true,"href":"https:\/\/kraftiapet.com\/fr\/wp-json\/wp\/v2\/product_brand?post=5970"},{"taxonomy":"product_cat","embeddable":true,"href":"https:\/\/kraftiapet.com\/fr\/wp-json\/wp\/v2\/product_cat?post=5970"},{"taxonomy":"product_tag","embeddable":true,"href":"https:\/\/kraftiapet.com\/fr\/wp-json\/wp\/v2\/product_tag?post=5970"}],"curies":[{"name":"wp","href":"https:\/\/api.w.org\/{rel}","templated":true}]}}