{"id":5972,"date":"2025-10-13T06:12:30","date_gmt":"2025-10-13T06:12:30","guid":{"rendered":"https:\/\/kraftiapet.com\/?post_type=product&#038;p=5972"},"modified":"2026-04-20T12:08:30","modified_gmt":"2026-04-20T12:08:30","slug":"mobility-hip-joint","status":"publish","type":"product","link":"https:\/\/kraftiapet.com\/fr\/produit\/mobility-hip-joint\/","title":{"rendered":"Mobility + Hip &amp; Joint"},"content":{"rendered":"<p data-start=\"249\" data-end=\"352\"><strong>Mode d&#8217;emploi<\/strong>: 1 comprim\u00e9 par 20 kg de masse corporelle par jour.<\/p>\n<p data-start=\"249\" data-end=\"352\">Administrer le(s) comprim\u00e9(s) \u00e0 croquer <strong data-start=\"280\" data-end=\"294\">une fois par jour<\/strong> selon la posologie recommand\u00e9e. Le comprim\u00e9 peut \u00eatre : <\/p>\n<ul data-start=\"353\" data-end=\"529\">\n<li data-start=\"353\" data-end=\"398\">\n<p data-start=\"355\" data-end=\"398\"><strong data-start=\"355\" data-end=\"373\">Donner directement<\/strong> au chien en guise de friandise.<\/p>\n<\/li>\n<li data-start=\"399\" data-end=\"448\">\n<p data-start=\"401\" data-end=\"448\"><strong data-start=\"401\" data-end=\"420\">M\u00e9lang\u00e9 \u00e0 la nourriture<\/strong> pour faciliter l&rsquo;acceptation.<\/p>\n<\/li>\n<li data-start=\"449\" data-end=\"529\">\n<p data-start=\"451\" data-end=\"529\"><strong data-start=\"451\" data-end=\"487\">Plac\u00e9 \u00e0 la base de la langue<\/strong> pour assurer une ingestion compl\u00e8te, si n\u00e9cessaire.<\/p>\n<\/li>\n<\/ul>\n<p data-start=\"531\" data-end=\"682\">Veillez \u00e0 ce que le chien ait toujours acc\u00e8s \u00e0 de l&rsquo;eau potable fra\u00eeche. Suivez les recommandations de votre v\u00e9t\u00e9rinaire en ce qui concerne le dosage optimal et la dur\u00e9e d&rsquo;utilisation. <\/p>\n","protected":false},"excerpt":{"rendered":"<p>Au cours du vieillissement, sous l\u2019effet du poids et des charges importantes, le cartilage articulaire des chiens s\u2019use progressivement. Notre compl\u00e9ment pour les articulations des chiens soutient la flexibilit\u00e9, contribue \u00e0 la r\u00e9g\u00e9n\u00e9ration du cartilage et aide \u00e0 r\u00e9duire l\u2019inconfort chez les chiens \u00e2g\u00e9s ou actifs. Avec la perte d\u2019\u00e9lasticit\u00e9, des douleurs d\u2019intensit\u00e9 variable apparaissent et n\u00e9cessitent une prise en charge, et une suppl\u00e9mentation est particuli\u00e8rement recommand\u00e9e.  <\/p>\n<p><strong>QUAND MOBILITY PLUS Hanche et articulation ?<\/strong><\/p>\n<ul>\n<li>Dans l&rsquo;arthrose<\/li>\n<li>Pour les maladies articulaires d\u00e9g\u00e9n\u00e9ratives<\/li>\n<li>Pour la dysplasie de l&rsquo;articulation de la hanche et du coude<\/li>\n<li>Postop\u00e9ratoire, apr\u00e8s une fracture<\/li>\n<li>Dans les articulations expos\u00e9es \u00e0 une activit\u00e9 physique intense<\/li>\n<li>En cas de l\u00e9sions articulaires<\/li>\n<li>En pr\u00e9vention chez les chiens ob\u00e8ses<\/li>\n<li>R\u00e9duit la douleur en descendant, en grimpant, en montant dans une voiture<\/li>\n<li>Pr\u00e9vention chez les chiens lourds et pr\u00e9dispos\u00e9s, les grandes races<\/li>\n<\/ul>\n","protected":false},"featured_media":5976,"comment_status":"open","ping_status":"closed","template":"","meta":{"_acf_changed":false},"pwb-brand":[],"product_brand":[453],"product_cat":[408,454],"product_tag":[],"class_list":{"0":"post-5972","1":"product","2":"type-product","3":"status-publish","4":"has-post-thumbnail","6":"product_brand-regalena","7":"product_cat-dog-food","8":"product_cat-dog-supplements","10":"first","11":"instock","12":"taxable","13":"shipping-taxable","14":"product-type-variable"},"acf":[],"brands":[],"_links":{"self":[{"href":"https:\/\/kraftiapet.com\/fr\/wp-json\/wp\/v2\/product\/5972","targetHints":{"allow":["GET"]}}],"collection":[{"href":"https:\/\/kraftiapet.com\/fr\/wp-json\/wp\/v2\/product"}],"about":[{"href":"https:\/\/kraftiapet.com\/fr\/wp-json\/wp\/v2\/types\/product"}],"replies":[{"embeddable":true,"href":"https:\/\/kraftiapet.com\/fr\/wp-json\/wp\/v2\/comments?post=5972"}],"wp:featuredmedia":[{"embeddable":true,"href":"https:\/\/kraftiapet.com\/fr\/wp-json\/wp\/v2\/media\/5976"}],"wp:attachment":[{"href":"https:\/\/kraftiapet.com\/fr\/wp-json\/wp\/v2\/media?parent=5972"}],"wp:term":[{"taxonomy":"pwb-brand","embeddable":true,"href":"https:\/\/kraftiapet.com\/fr\/wp-json\/wp\/v2\/pwb-brand?post=5972"},{"taxonomy":"product_brand","embeddable":true,"href":"https:\/\/kraftiapet.com\/fr\/wp-json\/wp\/v2\/product_brand?post=5972"},{"taxonomy":"product_cat","embeddable":true,"href":"https:\/\/kraftiapet.com\/fr\/wp-json\/wp\/v2\/product_cat?post=5972"},{"taxonomy":"product_tag","embeddable":true,"href":"https:\/\/kraftiapet.com\/fr\/wp-json\/wp\/v2\/product_tag?post=5972"}],"curies":[{"name":"wp","href":"https:\/\/api.w.org\/{rel}","templated":true}]}}