{"id":5980,"date":"2025-10-13T08:59:55","date_gmt":"2025-10-13T08:59:55","guid":{"rendered":"https:\/\/kraftiapet.com\/?post_type=product&#038;p=5980"},"modified":"2026-04-20T12:08:29","modified_gmt":"2026-04-20T12:08:29","slug":"senior","status":"publish","type":"product","link":"https:\/\/kraftiapet.com\/fr\/produit\/senior\/","title":{"rendered":"Senior +"},"content":{"rendered":"<p data-start=\"249\" data-end=\"352\"><strong>Mode d&#8217;emploi<\/strong>: 1 dose (2,7 g) par 15 kg de masse corporelle par jour, m\u00e9lang\u00e9e \u00e0 la nourriture.<\/p>\n<p data-start=\"249\" data-end=\"352\">Administrer le(s) comprim\u00e9(s) \u00e0 croquer <strong data-start=\"280\" data-end=\"294\">une fois par jour<\/strong> selon la posologie recommand\u00e9e. Le comprim\u00e9 peut \u00eatre : <\/p>\n<ul data-start=\"353\" data-end=\"529\">\n<li data-start=\"353\" data-end=\"398\">\n<p data-start=\"355\" data-end=\"398\"><strong data-start=\"355\" data-end=\"373\">Donner directement<\/strong> au chien en guise de friandise.<\/p>\n<\/li>\n<li data-start=\"399\" data-end=\"448\">\n<p data-start=\"401\" data-end=\"448\"><strong data-start=\"401\" data-end=\"420\">M\u00e9lang\u00e9 \u00e0 la nourriture<\/strong> pour faciliter l&rsquo;acceptation.<\/p>\n<\/li>\n<li data-start=\"449\" data-end=\"529\">\n<p data-start=\"451\" data-end=\"529\"><strong data-start=\"451\" data-end=\"487\">Plac\u00e9 \u00e0 la base de la langue<\/strong> pour assurer une ingestion compl\u00e8te, si n\u00e9cessaire.<\/p>\n<\/li>\n<\/ul>\n<p data-start=\"531\" data-end=\"682\">Veillez \u00e0 ce que le chien ait toujours acc\u00e8s \u00e0 de l&rsquo;eau potable fra\u00eeche. Suivez les recommandations de votre v\u00e9t\u00e9rinaire en ce qui concerne le dosage optimal et la dur\u00e9e d&rsquo;utilisation. <\/p>\n","protected":false},"excerpt":{"rendered":"<p>Le vieillissement est un processus graduel et continu au cours duquel les chiens subissent des changements internes et externes sp\u00e9cifiques. Notre compl\u00e9ment pour chiens seniors soutient la mobilit\u00e9, la cognition, la fonction cardiaque et la vitalit\u00e9 g\u00e9n\u00e9rale des chiens \u00e2g\u00e9s. Poil gris, gain de poids, dysplasie de la hanche ou du coude, mais aussi fonction cardiaque affaiblie, d\u00e9sorientation et diminution des d\u00e9fenses immunitaires ne sont que quelques-uns des d\u00e9fis auxquels les chiens seniors sont confront\u00e9s.  <\/p>\n<p><strong>QUAND SENIOR PLUS ?<\/strong><\/p>\n<ul>\n<li>Chez les chiens \u00e2g\u00e9s (7 ans et plus) souffrant de probl\u00e8mes articulaires<\/li>\n<li>Pour les chiens souffrant de troubles du mouvement et de raideur<\/li>\n<li>En cas d&rsquo;affaiblissement de la fonction cardiaque d\u00fb \u00e0 une cardiomyopathie<\/li>\n<li>Chez les chiens confus et d\u00e9sorient\u00e9s<\/li>\n<li>Pour l&rsquo;am\u00e9lioration du syst\u00e8me immunitaire<\/li>\n<\/ul>\n","protected":false},"featured_media":5981,"comment_status":"open","ping_status":"closed","template":"","meta":{"_acf_changed":false},"pwb-brand":[],"product_brand":[453],"product_cat":[408,454],"product_tag":[],"class_list":{"0":"post-5980","1":"product","2":"type-product","3":"status-publish","4":"has-post-thumbnail","6":"product_brand-regalena","7":"product_cat-dog-food","8":"product_cat-dog-supplements","10":"first","11":"instock","12":"taxable","13":"shipping-taxable","14":"product-type-variable"},"acf":[],"brands":[],"_links":{"self":[{"href":"https:\/\/kraftiapet.com\/fr\/wp-json\/wp\/v2\/product\/5980","targetHints":{"allow":["GET"]}}],"collection":[{"href":"https:\/\/kraftiapet.com\/fr\/wp-json\/wp\/v2\/product"}],"about":[{"href":"https:\/\/kraftiapet.com\/fr\/wp-json\/wp\/v2\/types\/product"}],"replies":[{"embeddable":true,"href":"https:\/\/kraftiapet.com\/fr\/wp-json\/wp\/v2\/comments?post=5980"}],"wp:featuredmedia":[{"embeddable":true,"href":"https:\/\/kraftiapet.com\/fr\/wp-json\/wp\/v2\/media\/5981"}],"wp:attachment":[{"href":"https:\/\/kraftiapet.com\/fr\/wp-json\/wp\/v2\/media?parent=5980"}],"wp:term":[{"taxonomy":"pwb-brand","embeddable":true,"href":"https:\/\/kraftiapet.com\/fr\/wp-json\/wp\/v2\/pwb-brand?post=5980"},{"taxonomy":"product_brand","embeddable":true,"href":"https:\/\/kraftiapet.com\/fr\/wp-json\/wp\/v2\/product_brand?post=5980"},{"taxonomy":"product_cat","embeddable":true,"href":"https:\/\/kraftiapet.com\/fr\/wp-json\/wp\/v2\/product_cat?post=5980"},{"taxonomy":"product_tag","embeddable":true,"href":"https:\/\/kraftiapet.com\/fr\/wp-json\/wp\/v2\/product_tag?post=5980"}],"curies":[{"name":"wp","href":"https:\/\/api.w.org\/{rel}","templated":true}]}}