{"id":4612,"date":"2025-08-28T13:01:01","date_gmt":"2025-08-28T13:01:01","guid":{"rendered":"https:\/\/kraftiapet.com\/?page_id=4612"},"modified":"2026-03-20T10:14:32","modified_gmt":"2026-03-20T10:14:32","slug":"postanite-distributer","status":"publish","type":"page","link":"https:\/\/kraftiapet.com\/hr\/postanite-distributer\/","title":{"rendered":"Postanite distributer"},"content":{"rendered":"\n<div class=\"wp-block-media-text is-stacked-on-mobile has-palette-color-4-color has-palette-color-5-background-color has-text-color has-background has-link-color has-medium-font-size wp-elements-4f095b340be3fac113a3c0f871d759aa\" style=\"margin-top:var(--wp--preset--spacing--80);margin-bottom:var(--wp--preset--spacing--80);padding-top:var(--wp--preset--spacing--40);padding-bottom:var(--wp--preset--spacing--40);grid-template-columns:35% auto\"><figure class=\"wp-block-media-text__media\"><img loading=\"lazy\" decoding=\"async\" width=\"1024\" height=\"683\" src=\"https:\/\/kraftiapet.com\/wp-content\/uploads\/2025\/09\/C3A2127-1024x683.jpg\" alt=\"\" class=\"wp-image-448 size-full\" srcset=\"https:\/\/kraftiapet.com\/wp-content\/uploads\/2025\/09\/C3A2127-1024x683.jpg 1024w, https:\/\/kraftiapet.com\/wp-content\/uploads\/2025\/09\/C3A2127-scaled-600x400.jpg 600w, https:\/\/kraftiapet.com\/wp-content\/uploads\/2025\/09\/C3A2127-300x200.jpg 300w, https:\/\/kraftiapet.com\/wp-content\/uploads\/2025\/09\/C3A2127-768x512.jpg 768w, https:\/\/kraftiapet.com\/wp-content\/uploads\/2025\/09\/C3A2127-1536x1024.jpg 1536w, https:\/\/kraftiapet.com\/wp-content\/uploads\/2025\/09\/C3A2127-2048x1365.jpg 2048w\" sizes=\"auto, (max-width: 1024px) 100vw, 1024px\" \/><\/figure><div class=\"wp-block-media-text__content\">\n<p class=\"has-text-align-left has-palette-color-3-color has-text-color has-link-color wp-elements-54b5c003f90b33e45fb3ff70f9f72a8a\">Preuzmite <strong>distribuciju<\/strong> jedne ili vi\u0161e na\u0161ih <strong>linija proizvoda<\/strong>. Osigurajte <strong>teritorijalnu ekskluzivnost<\/strong>, pristupite na\u0161em <strong>rje\u0161enju za e-trgovinu<\/strong> i u\u017eivajte u potpunoj marketin\u0161koj podr\u0161ci \u2014 sve \u0161to trebate u\u010diniti je po\u010deti prodavati. <\/p>\n<\/div><\/div>\n\n<h2 class=\"wp-block-heading has-large-font-size\">Ispunite obrazac kako biste se povezali s nama i istra\u017eili mogu\u0107nosti partnerstva:<\/h2>\n\n<div class=\"wp-block-group is-layout-constrained wp-block-group-is-layout-constrained\"><style id=\"wpforms-css-vars-255-block-b195ae87-3b68-4536-a357-ed307270c8e0\">\n\t\t\t\t#wpforms-255.wpforms-block-b195ae87-3b68-4536-a357-ed307270c8e0 {\n\t\t\t\t--wpforms-field-size-input-height: 43px;\n--wpforms-field-size-input-spacing: 15px;\n--wpforms-field-size-font-size: 16px;\n--wpforms-field-size-line-height: 19px;\n--wpforms-field-size-padding-h: 14px;\n--wpforms-field-size-checkbox-size: 16px;\n--wpforms-field-size-sublabel-spacing: 5px;\n--wpforms-field-size-icon-size: 1;\n--wpforms-label-size-font-size: 16px;\n--wpforms-label-size-line-height: 19px;\n--wpforms-label-size-sublabel-font-size: 14px;\n--wpforms-label-size-sublabel-line-height: 17px;\n--wpforms-button-size-font-size: 17px;\n--wpforms-button-size-height: 41px;\n--wpforms-button-size-padding-h: 15px;\n--wpforms-button-size-margin-top: 10px;\n\t\t\t}\n\t\t\t<\/style><div class=\"wpforms-container wpforms-container-full wpforms-block wpforms-block-b195ae87-3b68-4536-a357-ed307270c8e0 wpforms-render-modern\" id=\"wpforms-255\"><form id=\"wpforms-form-255\" class=\"wpforms-validate wpforms-form wpforms-ajax-form\" data-formid=\"255\" method=\"post\" enctype=\"multipart\/form-data\" action=\"\/hr\/wp-json\/wp\/v2\/pages\/4612\" data-token=\"ed0f599bcefd6f9681538778c9a9e32f\" data-token-time=\"1776286134\"><noscript class=\"wpforms-error-noscript\">Please enable JavaScript in your browser to complete this form.<\/noscript><div id=\"wpforms-error-noscript\" style=\"display: none;\">Please enable JavaScript in your browser to complete this form.<\/div><div class=\"wpforms-field-container\"><div id=\"wpforms-255-field_1-container\" class=\"wpforms-field wpforms-field-text\" data-field-id=\"1\"><label class=\"wpforms-field-label\" for=\"wpforms-255-field_1\">Full Name <span class=\"wpforms-required-label\" aria-hidden=\"true\">*<\/span><\/label><input type=\"text\" id=\"wpforms-255-field_1\" class=\"wpforms-field-medium wpforms-field-required\" name=\"wpforms[fields][1]\" placeholder=\"e.g. Jonh Smith\" aria-errormessage=\"wpforms-255-field_1-error\" aria-describedby=\"wpforms-255-field_1-description\" required><div id=\"wpforms-255-field_1-description\" class=\"wpforms-field-description\">Please enter your personal full name<\/div><\/div><div id=\"wpforms-255-field_4-container\" class=\"wpforms-field wpforms-field-text\" data-field-id=\"4\"><label class=\"wpforms-field-label\" for=\"wpforms-255-field_4\">Your Position <span class=\"wpforms-required-label\" aria-hidden=\"true\">*<\/span><\/label><input type=\"text\" id=\"wpforms-255-field_4\" class=\"wpforms-field-medium wpforms-field-required\" name=\"wpforms[fields][4]\" placeholder=\"e.g., Chief Business Development Officer\" aria-errormessage=\"wpforms-255-field_4-error\" aria-describedby=\"wpforms-255-field_4-description\" required><div id=\"wpforms-255-field_4-description\" class=\"wpforms-field-description\">Please enter your position inside your company<\/div><\/div><div id=\"wpforms-255-field_5-container\" class=\"wpforms-field wpforms-field-text\" data-field-id=\"5\"><label class=\"wpforms-field-label\" for=\"wpforms-255-field_5\">Your Email <span class=\"wpforms-required-label\" aria-hidden=\"true\">*<\/span><\/label><input type=\"text\" id=\"wpforms-255-field_5\" class=\"wpforms-field-medium wpforms-field-required\" name=\"wpforms[fields][5]\" aria-errormessage=\"wpforms-255-field_5-error\" aria-describedby=\"wpforms-255-field_5-description\" required><div id=\"wpforms-255-field_5-description\" class=\"wpforms-field-description\">Please enter your email adress<\/div><\/div><div id=\"wpforms-255-field_2-container\" class=\"wpforms-field wpforms-field-text\" data-field-id=\"2\"><label class=\"wpforms-field-label\" for=\"wpforms-255-field_2\">Name of your Business Entity <span class=\"wpforms-required-label\" aria-hidden=\"true\">*<\/span><\/label><input type=\"text\" id=\"wpforms-255-field_2\" class=\"wpforms-field-medium wpforms-field-required\" name=\"wpforms[fields][2]\" aria-errormessage=\"wpforms-255-field_2-error\" aria-describedby=\"wpforms-255-field_2-description\" required><div id=\"wpforms-255-field_2-description\" class=\"wpforms-field-description\">Please enter the name of your business<\/div><\/div><div id=\"wpforms-255-field_7-container\" class=\"wpforms-field wpforms-field-text\" data-field-id=\"7\"><label class=\"wpforms-field-label\" for=\"wpforms-255-field_7\">Country <span class=\"wpforms-required-label\" aria-hidden=\"true\">*<\/span><\/label><input type=\"text\" id=\"wpforms-255-field_7\" class=\"wpforms-field-medium wpforms-field-required\" name=\"wpforms[fields][7]\" aria-errormessage=\"wpforms-255-field_7-error\" aria-describedby=\"wpforms-255-field_7-description\" required><div id=\"wpforms-255-field_7-description\" class=\"wpforms-field-description\">Please enter name of the country in which your business is located<\/div><\/div><div id=\"wpforms-255-field_3-container\" class=\"wpforms-field wpforms-field-text\" data-field-id=\"3\"><label class=\"wpforms-field-label\" for=\"wpforms-255-field_3\">Full Adress <span class=\"wpforms-required-label\" aria-hidden=\"true\">*<\/span><\/label><input type=\"text\" id=\"wpforms-255-field_3\" class=\"wpforms-field-medium wpforms-field-required\" name=\"wpforms[fields][3]\" aria-errormessage=\"wpforms-255-field_3-error\" aria-describedby=\"wpforms-255-field_3-description\" required><div id=\"wpforms-255-field_3-description\" class=\"wpforms-field-description\">Please enter full adress of your buisiness<\/div><\/div>\t\t<div id=\"wpforms-255-field_10-container\"\n\t\t\tclass=\"wpforms-field wpforms-field-text\"\n\t\t\tdata-field-type=\"text\"\n\t\t\tdata-field-id=\"10\"\n\t\t\t>\n\t\t\t<label class=\"wpforms-field-label\" for=\"wpforms-255-field_10\" >Full products? business<\/label>\n\t\t\t<input type=\"text\" id=\"wpforms-255-field_10\" class=\"wpforms-field-medium\" name=\"wpforms[fields][10]\" >\n\t\t<\/div>\n\t\t<div id=\"wpforms-255-field_8-container\" class=\"wpforms-field wpforms-field-radio\" data-field-id=\"8\"><fieldset><legend class=\"wpforms-field-label\">Is your business already into pet care products? <span class=\"wpforms-required-label\" aria-hidden=\"true\">*<\/span><\/legend><ul id=\"wpforms-255-field_8\" class=\"wpforms-field-required\"><li class=\"choice-1 depth-1\"><input type=\"radio\" id=\"wpforms-255-field_8_1\" name=\"wpforms[fields][8]\" value=\"Yes\" aria-errormessage=\"wpforms-255-field_8_1-error\" required ><label class=\"wpforms-field-label-inline\" for=\"wpforms-255-field_8_1\">Yes<\/label><\/li><li class=\"choice-2 depth-1\"><input type=\"radio\" id=\"wpforms-255-field_8_2\" name=\"wpforms[fields][8]\" value=\"No\" aria-errormessage=\"wpforms-255-field_8_2-error\" required ><label class=\"wpforms-field-label-inline\" for=\"wpforms-255-field_8_2\">No<\/label><\/li><\/ul><\/fieldset><\/div><div id=\"wpforms-255-field_9-container\" class=\"wpforms-field wpforms-field-number\" data-field-id=\"9\"><label class=\"wpforms-field-label\" for=\"wpforms-255-field_9\">Your Company\u2019s Last Year\u2019s Revenue in USD<\/label><input type=\"number\" id=\"wpforms-255-field_9\" class=\"wpforms-field-medium\" name=\"wpforms[fields][9]\" step=\"any\" aria-errormessage=\"wpforms-255-field_9-error\" aria-describedby=\"wpforms-255-field_9-description\" ><div id=\"wpforms-255-field_9-description\" class=\"wpforms-field-description\">Please enter your company\u2019s last year\u2019s revenue in USD<\/div><\/div><div id=\"wpforms-255-field_6-container\" class=\"wpforms-field wpforms-field-checkbox\" data-field-id=\"6\"><fieldset><legend class=\"wpforms-field-label\">Checkboxes <span class=\"wpforms-required-label\" aria-hidden=\"true\">*<\/span><\/legend><ul id=\"wpforms-255-field_6\" class=\"wpforms-field-required\"><li class=\"choice-1 depth-1 wpforms-selected\"><input type=\"checkbox\" id=\"wpforms-255-field_6_1\" name=\"wpforms[fields][6][]\" value=\"I agree that Kraftia&#039;s representative can contact me\" aria-errormessage=\"wpforms-255-field_6_1-error\" required  checked='checked'><label class=\"wpforms-field-label-inline\" for=\"wpforms-255-field_6_1\">I agree that Kraftia&#8217;s representative can contact me<\/label><\/li><\/ul><\/fieldset><\/div><script>\n\t\t\t\t( function() {\n\t\t\t\t\tconst style = document.createElement( 'style' );\n\t\t\t\t\tstyle.appendChild( document.createTextNode( '#wpforms-255-field_10-container { position: absolute !important; overflow: hidden !important; display: inline !important; height: 1px !important; width: 1px !important; z-index: -1000 !important; padding: 0 !important; } #wpforms-255-field_10-container input { visibility: hidden; } #wpforms-conversational-form-page #wpforms-255-field_10-container label { counter-increment: none; }' ) );\n\t\t\t\t\tdocument.head.appendChild( style );\n\t\t\t\t\tdocument.currentScript?.remove();\n\t\t\t\t} )();\n\t\t\t<\/script><\/div><!-- .wpforms-field-container --><div class=\"wpforms-submit-container\" ><input type=\"hidden\" name=\"wpforms[id]\" value=\"255\"><input type=\"hidden\" name=\"page_title\" value=\"\"><input type=\"hidden\" name=\"page_url\" value=\"https:\/\/kraftiapet.com\/hr\/wp-json\/wp\/v2\/pages\/4612\"><input type=\"hidden\" name=\"url_referer\" value=\"\"><button type=\"submit\" name=\"wpforms[submit]\" id=\"wpforms-submit-255\" class=\"wpforms-submit\" data-alt-text=\"Sending...\" data-submit-text=\"Submit\" aria-live=\"assertive\" value=\"wpforms-submit\">Submit<\/button><img loading=\"lazy\" decoding=\"async\" src=\"https:\/\/kraftiapet.com\/wp-content\/plugins\/wpforms-lite\/assets\/images\/submit-spin.svg\" class=\"wpforms-submit-spinner\" style=\"display: none;\" width=\"26\" height=\"26\" alt=\"Loading\"><\/div><\/form><\/div>  <!-- .wpforms-container --><\/div>\n\n<p><\/p>\n","protected":false},"excerpt":{"rendered":"<p>Preuzmite distribuciju jedne ili vi\u0161e na\u0161ih linija proizvoda. Osigurajte teritorijalnu ekskluzivnost, pristupite na\u0161em rje\u0161enju za e-trgovinu i u\u017eivajte u potpunoj marketin\u0161koj podr\u0161ci \u2014 sve \u0161to trebate u\u010diniti je po\u010deti prodavati. Ispunite obrazac kako biste se povezali s nama i istra\u017eili mogu\u0107nosti partnerstva:<\/p>\n","protected":false},"author":1,"featured_media":0,"parent":0,"menu_order":0,"comment_status":"closed","ping_status":"closed","template":"","meta":{"_acf_changed":false,"footnotes":""},"class_list":["post-4612","page","type-page","status-publish","hentry"],"blocksy_meta":[],"acf":[],"_links":{"self":[{"href":"https:\/\/kraftiapet.com\/hr\/wp-json\/wp\/v2\/pages\/4612","targetHints":{"allow":["GET"]}}],"collection":[{"href":"https:\/\/kraftiapet.com\/hr\/wp-json\/wp\/v2\/pages"}],"about":[{"href":"https:\/\/kraftiapet.com\/hr\/wp-json\/wp\/v2\/types\/page"}],"author":[{"embeddable":true,"href":"https:\/\/kraftiapet.com\/hr\/wp-json\/wp\/v2\/users\/1"}],"replies":[{"embeddable":true,"href":"https:\/\/kraftiapet.com\/hr\/wp-json\/wp\/v2\/comments?post=4612"}],"version-history":[{"count":2,"href":"https:\/\/kraftiapet.com\/hr\/wp-json\/wp\/v2\/pages\/4612\/revisions"}],"predecessor-version":[{"id":4615,"href":"https:\/\/kraftiapet.com\/hr\/wp-json\/wp\/v2\/pages\/4612\/revisions\/4615"}],"wp:attachment":[{"href":"https:\/\/kraftiapet.com\/hr\/wp-json\/wp\/v2\/media?parent=4612"}],"curies":[{"name":"wp","href":"https:\/\/api.w.org\/{rel}","templated":true}]}}