{"id":4622,"date":"2025-10-03T10:56:37","date_gmt":"2025-10-03T10:56:37","guid":{"rendered":"https:\/\/kraftiapet.com\/?page_id=4622"},"modified":"2026-03-20T10:00:28","modified_gmt":"2026-03-20T10:00:28","slug":"karijere","status":"publish","type":"page","link":"https:\/\/kraftiapet.com\/hr\/karijere\/","title":{"rendered":"Karijere"},"content":{"rendered":"\n<div class=\"wp-block-cover alignfull is-light\" style=\"min-height:20vw;aspect-ratio:unset;\"><img loading=\"lazy\" decoding=\"async\" width=\"1920\" height=\"549\" class=\"wp-block-cover__image-background wp-image-2384 size-full\" alt=\"\" src=\"https:\/\/kraftiapet.com\/wp-content\/uploads\/2025\/10\/sampling.webp\" style=\"object-position:59% 62%\" data-object-fit=\"cover\" data-object-position=\"59% 62%\" srcset=\"https:\/\/kraftiapet.com\/wp-content\/uploads\/2025\/10\/sampling.webp 1920w, https:\/\/kraftiapet.com\/wp-content\/uploads\/2025\/10\/sampling-300x86.webp 300w, https:\/\/kraftiapet.com\/wp-content\/uploads\/2025\/10\/sampling-1024x293.webp 1024w, https:\/\/kraftiapet.com\/wp-content\/uploads\/2025\/10\/sampling-768x220.webp 768w, https:\/\/kraftiapet.com\/wp-content\/uploads\/2025\/10\/sampling-1536x439.webp 1536w, https:\/\/kraftiapet.com\/wp-content\/uploads\/2025\/10\/sampling-600x172.webp 600w\" sizes=\"auto, (max-width: 1920px) 100vw, 1920px\" \/><span aria-hidden=\"true\" class=\"wp-block-cover__background has-background-dim-0 has-background-dim\" style=\"background-color:#9f908a\"><\/span><div class=\"wp-block-cover__inner-container is-layout-constrained wp-block-cover-is-layout-constrained\">\n<div class=\"wp-block-group is-content-justification-center is-nowrap is-layout-flex wp-container-core-group-is-layout-23441af8 wp-block-group-is-layout-flex\">\n<div class=\"wp-block-buttons is-content-justification-center is-layout-flex wp-container-core-buttons-is-layout-a89b3969 wp-block-buttons-is-layout-flex\"><\/div>\n\n\n\n<div class=\"wp-block-buttons is-content-justification-center is-layout-flex wp-container-core-buttons-is-layout-a89b3969 wp-block-buttons-is-layout-flex\"><\/div>\n<\/div>\n<\/div><\/div>\n\n<h2 class=\"wp-block-heading has-text-align-center has-palette-color-3-color has-text-color has-link-color wp-elements-b6525a0536a09a08ac369b7cfc6ae49c\">Karijere &#8211; Pridru\u017eite se na\u0161em \u010doporu<\/h2>\n\n<p><\/p>\n\n<p class=\"has-text-align-center\"><strong>Nema otvorenih pozicija? Nema problema. <\/strong><br\/>Po\u0161aljite svoj \u017eivotopis i motivacijsko pismo na <strong><a href=\"mailto:hr@kraftiapet.com\">hr@kraftiapet.com<\/a><\/strong>.<\/p>\n\n<p><\/p>\n","protected":false},"excerpt":{"rendered":"<p>Karijere &#8211; Pridru\u017eite se na\u0161em \u010doporu Nema otvorenih pozicija? Nema problema. Po\u0161aljite svoj \u017eivotopis i motivacijsko pismo na hr@kraftiapet.com.<\/p>\n","protected":false},"author":1,"featured_media":0,"parent":0,"menu_order":0,"comment_status":"closed","ping_status":"closed","template":"","meta":{"_acf_changed":false,"footnotes":""},"class_list":["post-4622","page","type-page","status-publish","hentry"],"blocksy_meta":[],"acf":[],"_links":{"self":[{"href":"https:\/\/kraftiapet.com\/hr\/wp-json\/wp\/v2\/pages\/4622","targetHints":{"allow":["GET"]}}],"collection":[{"href":"https:\/\/kraftiapet.com\/hr\/wp-json\/wp\/v2\/pages"}],"about":[{"href":"https:\/\/kraftiapet.com\/hr\/wp-json\/wp\/v2\/types\/page"}],"author":[{"embeddable":true,"href":"https:\/\/kraftiapet.com\/hr\/wp-json\/wp\/v2\/users\/1"}],"replies":[{"embeddable":true,"href":"https:\/\/kraftiapet.com\/hr\/wp-json\/wp\/v2\/comments?post=4622"}],"version-history":[{"count":2,"href":"https:\/\/kraftiapet.com\/hr\/wp-json\/wp\/v2\/pages\/4622\/revisions"}],"predecessor-version":[{"id":4625,"href":"https:\/\/kraftiapet.com\/hr\/wp-json\/wp\/v2\/pages\/4622\/revisions\/4625"}],"wp:attachment":[{"href":"https:\/\/kraftiapet.com\/hr\/wp-json\/wp\/v2\/media?parent=4622"}],"curies":[{"name":"wp","href":"https:\/\/api.w.org\/{rel}","templated":true}]}}