{"id":4626,"date":"2025-10-22T10:57:23","date_gmt":"2025-10-22T10:57:23","guid":{"rendered":"https:\/\/kraftiapet.com\/?page_id=4626"},"modified":"2026-03-20T10:03:47","modified_gmt":"2026-03-20T10:03:47","slug":"vijesti","status":"publish","type":"page","link":"https:\/\/kraftiapet.com\/hr\/vijesti\/","title":{"rendered":"Vijesti"},"content":{"rendered":"\n<h2 class=\"wp-block-heading has-text-align-center has-palette-color-3-color has-text-color has-link-color wp-elements-9f03393d92b6e5f8a13dba8d11ae0a0a\" style=\"margin-top:0;margin-bottom:0;padding-top:var(--wp--preset--spacing--40);padding-bottom:var(--wp--preset--spacing--40);font-size:clamp(21.027px, 1.314rem + ((1vw - 3.2px) * 1.014), 34px);font-style:normal;font-weight:700\">Kraftia vijesti &#8211; Dobrodo\u0161li<\/h2>\n\n<p class=\"has-text-align-left\">Prona\u0111ite slu\u017ebene objave, medijske materijale i a\u017euriranja o Kraftia brendovima, inicijativama i doga\u0111ajima na globalnim tr\u017ei\u0161tima.<\/p>\n\n<div class=\"wp-block-media-text is-stacked-on-mobile has-palette-color-6-background-color has-background\" style=\"margin-top:0;margin-bottom:0;padding-top:var(--wp--preset--spacing--60);padding-right:var(--wp--preset--spacing--60);padding-bottom:var(--wp--preset--spacing--60);padding-left:var(--wp--preset--spacing--60);grid-template-columns:26% auto\"><figure class=\"wp-block-media-text__media\"><img loading=\"lazy\" decoding=\"async\" width=\"600\" height=\"848\" src=\"https:\/\/kraftiapet.com\/wp-content\/uploads\/2025\/10\/catalog-kraftia-web-eng-1.webp\" alt=\"\" class=\"wp-image-2360 size-full\" srcset=\"https:\/\/kraftiapet.com\/wp-content\/uploads\/2025\/10\/catalog-kraftia-web-eng-1.webp 600w, https:\/\/kraftiapet.com\/wp-content\/uploads\/2025\/10\/catalog-kraftia-web-eng-1-212x300.webp 212w, https:\/\/kraftiapet.com\/wp-content\/uploads\/2025\/10\/catalog-kraftia-web-eng-1-300x424.webp 300w\" sizes=\"auto, (max-width: 600px) 100vw, 600px\" \/><\/figure><div class=\"wp-block-media-text__content\">\n<p class=\"has-text-align-center has-palette-color-3-color has-text-color has-link-color has-medium-font-size wp-elements-ca43711ea7f415b594bef8e49271474f\" style=\"font-style:normal;font-weight:600\">Kraftia katalog proizvoda<\/p>\n\n\n\n<div class=\"wp-block-buttons is-content-justification-center is-layout-flex wp-container-core-buttons-is-layout-a89b3969 wp-block-buttons-is-layout-flex\">\n<div class=\"wp-block-button\"><a class=\"wp-block-button__link wp-element-button\" href=\"https:\/\/kraftiapet.com\/wp-content\/uploads\/2025\/10\/catalog-kraftia-web-eng.pdf\" style=\"border-radius:17px\" target=\"_blank\" rel=\"noreferrer noopener\">Pregled \/ Preuzimanje kataloga<\/a><\/div>\n<\/div>\n<\/div><\/div>\n\n<div class=\"wp-block-media-text is-stacked-on-mobile has-palette-color-6-background-color has-background\" style=\"margin-top:0;margin-bottom:0;padding-top:var(--wp--preset--spacing--60);padding-right:var(--wp--preset--spacing--60);padding-bottom:var(--wp--preset--spacing--60);padding-left:var(--wp--preset--spacing--60);grid-template-columns:26% auto\"><figure class=\"wp-block-media-text__media\"><img loading=\"lazy\" decoding=\"async\" width=\"600\" height=\"600\" src=\"https:\/\/kraftiapet.com\/wp-content\/uploads\/2025\/10\/regalena-web-eng-cover.webp\" alt=\"\" class=\"wp-image-2382 size-full\" srcset=\"https:\/\/kraftiapet.com\/wp-content\/uploads\/2025\/10\/regalena-web-eng-cover.webp 600w, https:\/\/kraftiapet.com\/wp-content\/uploads\/2025\/10\/regalena-web-eng-cover-300x300.webp 300w, https:\/\/kraftiapet.com\/wp-content\/uploads\/2025\/10\/regalena-web-eng-cover-150x150.webp 150w, https:\/\/kraftiapet.com\/wp-content\/uploads\/2025\/10\/regalena-web-eng-cover-100x100.webp 100w\" sizes=\"auto, (max-width: 600px) 100vw, 600px\" \/><\/figure><div class=\"wp-block-media-text__content\">\n<p class=\"has-text-align-center has-palette-color-3-color has-text-color has-link-color has-medium-font-size wp-elements-d7943c7b2b137ed1cdf2f59d76a45bc2\" style=\"font-style:normal;font-weight:600\">Regalena katalog proizvoda<\/p>\n\n\n\n<div class=\"wp-block-buttons is-content-justification-center is-layout-flex wp-container-core-buttons-is-layout-a89b3969 wp-block-buttons-is-layout-flex\">\n<div class=\"wp-block-button\"><a class=\"wp-block-button__link wp-element-button\" href=\"https:\/\/kraftiapet.com\/wp-content\/uploads\/2025\/10\/regalena-web-eng.pdf\" style=\"border-radius:17px\" target=\"_blank\" rel=\"noreferrer noopener\">Pregled \/ Preuzimanje kataloga<\/a><\/div>\n<\/div>\n<\/div><\/div>\n\n<p><\/p>\n","protected":false},"excerpt":{"rendered":"<p>Kraftia vijesti &#8211; Dobrodo\u0161li Prona\u0111ite slu\u017ebene objave, medijske materijale i a\u017euriranja o Kraftia brendovima, inicijativama i doga\u0111ajima na globalnim tr\u017ei\u0161tima.<\/p>\n","protected":false},"author":1,"featured_media":0,"parent":0,"menu_order":0,"comment_status":"closed","ping_status":"closed","template":"","meta":{"_acf_changed":false,"footnotes":""},"class_list":["post-4626","page","type-page","status-publish","hentry"],"blocksy_meta":[],"acf":[],"_links":{"self":[{"href":"https:\/\/kraftiapet.com\/hr\/wp-json\/wp\/v2\/pages\/4626","targetHints":{"allow":["GET"]}}],"collection":[{"href":"https:\/\/kraftiapet.com\/hr\/wp-json\/wp\/v2\/pages"}],"about":[{"href":"https:\/\/kraftiapet.com\/hr\/wp-json\/wp\/v2\/types\/page"}],"author":[{"embeddable":true,"href":"https:\/\/kraftiapet.com\/hr\/wp-json\/wp\/v2\/users\/1"}],"replies":[{"embeddable":true,"href":"https:\/\/kraftiapet.com\/hr\/wp-json\/wp\/v2\/comments?post=4626"}],"version-history":[{"count":2,"href":"https:\/\/kraftiapet.com\/hr\/wp-json\/wp\/v2\/pages\/4626\/revisions"}],"predecessor-version":[{"id":4628,"href":"https:\/\/kraftiapet.com\/hr\/wp-json\/wp\/v2\/pages\/4626\/revisions\/4628"}],"wp:attachment":[{"href":"https:\/\/kraftiapet.com\/hr\/wp-json\/wp\/v2\/media?parent=4626"}],"curies":[{"name":"wp","href":"https:\/\/api.w.org\/{rel}","templated":true}]}}