{"id":4629,"date":"2025-08-29T10:58:25","date_gmt":"2025-08-29T10:58:25","guid":{"rendered":"https:\/\/kraftiapet.com\/?page_id=4629"},"modified":"2026-03-20T10:06:07","modified_gmt":"2026-03-20T10:06:07","slug":"rawival","status":"publish","type":"page","link":"https:\/\/kraftiapet.com\/hr\/rawival\/","title":{"rendered":"Rawival"},"content":{"rendered":"\n<figure class=\"wp-block-image size-large\" style=\"margin-top:0;margin-bottom:0\"><img loading=\"lazy\" decoding=\"async\" width=\"1024\" height=\"280\" src=\"https:\/\/kraftiapet.com\/wp-content\/uploads\/2025\/10\/border_koli-1024x280.webp\" alt=\"\" class=\"wp-image-2323\" srcset=\"https:\/\/kraftiapet.com\/wp-content\/uploads\/2025\/10\/border_koli-1024x280.webp 1024w, https:\/\/kraftiapet.com\/wp-content\/uploads\/2025\/10\/border_koli-300x82.webp 300w, https:\/\/kraftiapet.com\/wp-content\/uploads\/2025\/10\/border_koli-768x210.webp 768w, https:\/\/kraftiapet.com\/wp-content\/uploads\/2025\/10\/border_koli-1536x420.webp 1536w, https:\/\/kraftiapet.com\/wp-content\/uploads\/2025\/10\/border_koli-600x164.webp 600w, https:\/\/kraftiapet.com\/wp-content\/uploads\/2025\/10\/border_koli.webp 1920w\" sizes=\"auto, (max-width: 1024px) 100vw, 1024px\" \/><\/figure>\n\n<div class=\"wp-block-media-text is-stacked-on-mobile has-palette-color-5-background-color has-background\" style=\"margin-top:0;margin-bottom:0;padding-top:var(--wp--preset--spacing--30);padding-bottom:var(--wp--preset--spacing--30);grid-template-columns:15% auto\"><figure class=\"wp-block-media-text__media\"><img loading=\"lazy\" decoding=\"async\" width=\"1024\" height=\"1024\" src=\"https:\/\/kraftiapet.com\/wp-content\/uploads\/2025\/09\/3-1024x1024.png\" alt=\"\" class=\"wp-image-431 size-full\" srcset=\"https:\/\/kraftiapet.com\/wp-content\/uploads\/2025\/09\/3-1024x1024.png 1024w, https:\/\/kraftiapet.com\/wp-content\/uploads\/2025\/09\/3-300x300.png 300w, https:\/\/kraftiapet.com\/wp-content\/uploads\/2025\/09\/3-100x100.png 100w, https:\/\/kraftiapet.com\/wp-content\/uploads\/2025\/09\/3-600x600.png 600w, https:\/\/kraftiapet.com\/wp-content\/uploads\/2025\/09\/3-150x150.png 150w, https:\/\/kraftiapet.com\/wp-content\/uploads\/2025\/09\/3-768x768.png 768w, https:\/\/kraftiapet.com\/wp-content\/uploads\/2025\/09\/3.png 1080w\" sizes=\"auto, (max-width: 1024px) 100vw, 1024px\" \/><\/figure><div class=\"wp-block-media-text__content\">\n<h2 class=\"wp-block-heading\" style=\"font-size:clamp(14.082px, 0.88rem + ((1vw - 3.2px) * 0.54), 21px);\">RAWIVAL<\/h2>\n\n\n\n<p>Prihva\u0107aju\u0107i pravu prirodu ku\u0107nih ljubimaca, po\u0161tuju\u0107i pretke ku\u0107nih ljubimaca i na\u010din na koji su \u017eivjeli i hranili\u00a0se, stvorili smo prehranu s najve\u0107om koli\u010dinom svje\u017ee pripremljenog mesa \u2013 RAWIVAL. Sve o ovom proizvodu, njegovim sastojcima, na\u0161oj ljubavi i po\u0161tovanju prema ku\u0107nim ljubimcima je upravo takvo \u2013 sirovo. <\/p>\n<\/div><\/div>\n\n<div class=\"wp-block-columns has-palette-color-6-background-color has-background is-layout-flex wp-container-core-columns-is-layout-28f84493 wp-block-columns-is-layout-flex\">\n<div class=\"wp-block-column is-layout-flow wp-block-column-is-layout-flow\" style=\"flex-basis:66.66%\">\n<figure class=\"wp-block-image size-full\"><img loading=\"lazy\" decoding=\"async\" width=\"420\" height=\"247\" src=\"https:\/\/kraftiapet.com\/wp-content\/uploads\/2025\/10\/rawival-range.webp\" alt=\"Rawival asortiman\" class=\"wp-image-2296\" srcset=\"https:\/\/kraftiapet.com\/wp-content\/uploads\/2025\/10\/rawival-range.webp 420w, https:\/\/kraftiapet.com\/wp-content\/uploads\/2025\/10\/rawival-range-300x176.webp 300w\" sizes=\"auto, (max-width: 420px) 100vw, 420px\" \/><\/figure>\n<\/div>\n\n\n\n<div class=\"wp-block-column is-layout-flow wp-block-column-is-layout-flow\" style=\"padding-top:0;padding-bottom:0;flex-basis:33.33%\">\n<div class=\"wp-block-columns is-layout-flex wp-container-core-columns-is-layout-28f84493 wp-block-columns-is-layout-flex\">\n<div class=\"wp-block-column is-layout-flow wp-block-column-is-layout-flow\"><\/div>\n\n\n\n<div class=\"wp-block-column is-layout-flow wp-block-column-is-layout-flow\" style=\"padding-top:var(--wp--preset--spacing--80);padding-bottom:var(--wp--preset--spacing--80)\">\n<div class=\"wp-block-buttons is-content-justification-center is-layout-flex wp-container-core-buttons-is-layout-a89b3969 wp-block-buttons-is-layout-flex\">\n<div class=\"wp-block-button\"><a class=\"wp-block-button__link has-custom-font-size wp-element-button\" href=\"https:\/\/kraftiapet.com\/brands\/rawival\/?fproduct=cat-food\" style=\"border-radius:20px;padding-top:0;padding-bottom:0;font-size:clamp(14px, 0.875rem + ((1vw - 3.2px) * 0.078), 15px);\">Za ma\u010dke<\/a><\/div>\n\n\n\n<div class=\"wp-block-button\"><a class=\"wp-block-button__link has-custom-font-size wp-element-button\" href=\"https:\/\/kraftiapet.com\/brands\/rawival\/?fproduct=dog-food\" style=\"border-radius:20px;font-size:14px\">Za pse<\/a><\/div>\n<\/div>\n<\/div>\n<\/div>\n<\/div>\n<\/div>\n\n<p><\/p>\n","protected":false},"excerpt":{"rendered":"<p>RAWIVAL Prihva\u0107aju\u0107i pravu prirodu ku\u0107nih ljubimaca, po\u0161tuju\u0107i pretke ku\u0107nih ljubimaca i na\u010din na koji su \u017eivjeli i hranili\u00a0se, stvorili smo prehranu s najve\u0107om koli\u010dinom svje\u017ee pripremljenog mesa \u2013 RAWIVAL. Sve o ovom proizvodu, njegovim sastojcima, na\u0161oj ljubavi i po\u0161tovanju prema ku\u0107nim ljubimcima je upravo takvo \u2013 sirovo.<\/p>\n","protected":false},"author":1,"featured_media":0,"parent":0,"menu_order":0,"comment_status":"closed","ping_status":"closed","template":"","meta":{"_acf_changed":false,"footnotes":""},"class_list":["post-4629","page","type-page","status-publish","hentry"],"blocksy_meta":[],"acf":[],"_links":{"self":[{"href":"https:\/\/kraftiapet.com\/hr\/wp-json\/wp\/v2\/pages\/4629","targetHints":{"allow":["GET"]}}],"collection":[{"href":"https:\/\/kraftiapet.com\/hr\/wp-json\/wp\/v2\/pages"}],"about":[{"href":"https:\/\/kraftiapet.com\/hr\/wp-json\/wp\/v2\/types\/page"}],"author":[{"embeddable":true,"href":"https:\/\/kraftiapet.com\/hr\/wp-json\/wp\/v2\/users\/1"}],"replies":[{"embeddable":true,"href":"https:\/\/kraftiapet.com\/hr\/wp-json\/wp\/v2\/comments?post=4629"}],"version-history":[{"count":6,"href":"https:\/\/kraftiapet.com\/hr\/wp-json\/wp\/v2\/pages\/4629\/revisions"}],"predecessor-version":[{"id":4670,"href":"https:\/\/kraftiapet.com\/hr\/wp-json\/wp\/v2\/pages\/4629\/revisions\/4670"}],"wp:attachment":[{"href":"https:\/\/kraftiapet.com\/hr\/wp-json\/wp\/v2\/media?parent=4629"}],"curies":[{"name":"wp","href":"https:\/\/api.w.org\/{rel}","templated":true}]}}