{"id":4660,"date":"2025-08-29T12:31:49","date_gmt":"2025-08-29T12:31:49","guid":{"rendered":"https:\/\/kraftiapet.com\/?page_id=4660"},"modified":"2026-03-20T10:02:05","modified_gmt":"2026-03-20T10:02:05","slug":"kvaliteta-i-znanost","status":"publish","type":"page","link":"https:\/\/kraftiapet.com\/hr\/kvaliteta-i-znanost\/","title":{"rendered":"Kvaliteta i znanost"},"content":{"rendered":"\n<h2 class=\"wp-block-heading has-vivid-cyan-blue-color has-text-color has-link-color wp-elements-5d484eb64ca28e1c9d8f78bc5a16d6b1\" style=\"margin-top:var(--wp--preset--spacing--80);margin-bottom:var(--wp--preset--spacing--80)\">Sigurnost hrane i standardi<\/h2>\n\n<div class=\"wp-block-columns is-layout-flex wp-container-core-columns-is-layout-28f84493 wp-block-columns-is-layout-flex\">\n<div class=\"wp-block-column is-layout-flow wp-block-column-is-layout-flow\" style=\"flex-basis:33.33%\">\n<p class=\"has-palette-color-3-color has-palette-color-5-background-color has-text-color has-background has-link-color has-medium-font-size wp-elements-c665795210ef86aec66caf746d367c49\" style=\"margin-top:var(--wp--preset--spacing--30);margin-bottom:var(--wp--preset--spacing--30)\"><strong>\u201eSvaki proizvod koji izra\u0111ujemo prolazi stroge sigurnosne provjere kako bi se osigurala najvi\u0161a kvaliteta i nutritivna vrijednost za ku\u0107ne ljubimce.\u201c<\/strong><\/p>\n<\/div>\n\n\n\n<div class=\"wp-block-column is-layout-flow wp-block-column-is-layout-flow\" style=\"flex-basis:66.66%\">\n<p style=\"margin-top:var(--wp--preset--spacing--30);margin-bottom:var(--wp--preset--spacing--30);font-size:clamp(14px, 0.875rem + ((1vw - 3.2px) * 0.469), 20px);\">U Kraftiji smo predani najvi\u0161im sigurnosnim protokolima, osiguravaju\u0107i da svaki proizvod ispunjava stroge standarde kvalitete. Svaki proizvod koji proizvodimo prolazi temeljite sigurnosne inspekcije kako bi se jam\u010dila vrhunska kvaliteta i optimalna prehrana. <\/p>\n<\/div>\n<\/div>\n\n<figure class=\"wp-block-image alignright size-large is-resized\"><img loading=\"lazy\" decoding=\"async\" width=\"1024\" height=\"714\" src=\"https:\/\/kraftiapet.com\/wp-content\/uploads\/2025\/10\/quality-1024x714.webp\" alt=\"\" class=\"wp-image-2516\" style=\"width:370px;height:auto\" srcset=\"https:\/\/kraftiapet.com\/wp-content\/uploads\/2025\/10\/quality-1024x714.webp 1024w, https:\/\/kraftiapet.com\/wp-content\/uploads\/2025\/10\/quality-300x209.webp 300w, https:\/\/kraftiapet.com\/wp-content\/uploads\/2025\/10\/quality-768x536.webp 768w, https:\/\/kraftiapet.com\/wp-content\/uploads\/2025\/10\/quality-1536x1071.webp 1536w, https:\/\/kraftiapet.com\/wp-content\/uploads\/2025\/10\/quality-600x418.webp 600w, https:\/\/kraftiapet.com\/wp-content\/uploads\/2025\/10\/quality.webp 1920w\" sizes=\"auto, (max-width: 1024px) 100vw, 1024px\" \/><\/figure>\n\n<p class=\"has-medium-font-size\"><strong>Globalni standardi i uskla\u0111enost<\/strong><\/p>\n\n<p class=\"has-palette-color-3-color has-text-color has-link-color wp-elements-05c617e671b8e4b6af22449836fb77c8\">Najstro\u017ei me\u0111unarodni standardi:<br\/>Integrirani standardi (<strong>ISO 9001, ISO 14001, ISO 45001<\/strong>)<br\/>Op\u0107a na\u010dela higijene hrane (<strong>GHP<\/strong>) i sustav <strong>HACCP<\/strong> (Quality Austria)<br\/><strong>FS 8.0<\/strong> &#8211; me\u0111unarodni standard sigurnosti hrane (Bureau Veritas), s ocjenom od 97,25 % na vi\u0161oj razini i IFS Star statusom, potvr\u0111enim nenajavljenom inspekcijom.<br\/>Ispunjavamo regulatorne standarde svake zemlje u koju izvozimo. (Ne samo EU i lokalne). Na\u0161i proizvodi razvijeni su i proizvedeni u skladu sa zakonima i izvoznim propisima svih odredi\u0161nih tr\u017ei\u0161ta.<br\/>Na\u0161a proizvodnja ispunjava nacionalne i me\u0111unarodne veterinarske standarde kako bi se osigurala sigurnost i kvaliteta proizvoda. Strogo se pridr\u017eavamo veterinarskih propisa i svih zakonskih zahtjeva relevantnih za sigurnost hrane za ku\u0107ne ljubimce. <\/p>\n\n<h2 class=\"wp-block-heading has-palette-color-3-color has-text-color has-link-color has-medium-font-size wp-elements-16803ddd35d1ca0889420e0654a5a661\">Kontrola sirovina<\/h2>\n\n<div class=\"wp-block-columns is-layout-flex wp-container-core-columns-is-layout-28f84493 wp-block-columns-is-layout-flex\">\n<div class=\"wp-block-column is-layout-flow wp-block-column-is-layout-flow\" style=\"flex-basis:33.33%\"><\/div>\n\n\n\n<div class=\"wp-block-column is-layout-flow wp-block-column-is-layout-flow\" style=\"flex-basis:66.67%\">\n<h2 class=\"wp-block-heading has-text-align-right has-palette-color-3-color has-palette-color-5-background-color has-text-color has-background has-link-color has-medium-font-size wp-elements-5de9f4bc68f4d528fa4adcc7d1f99919\">\u201eBez kompromisa po pitanju kvalitete sastojaka.\u201c<\/h2>\n<\/div>\n<\/div>\n\n<p>Radimo isklju\u010divo s odobrenim dobavlja\u010dima, pa\u017eljivo odabranima kroz na\u0161 interni proces kvalifikacije. Sve sirovine podlije\u017eu rigoroznim ulaznim inspekcijama, uklju\u010duju\u0107i mikrobiolo\u0161ko testiranje, nutritivnu analizu i provjeru kontaminanata. <\/p>\n\n<h2 class=\"wp-block-heading has-palette-color-3-color has-text-color has-link-color has-medium-font-size wp-elements-1cbea0d7a16380d3ea58c0da95c3a7dc\">Sigurnost proizvodnog procesa<\/h2>\n\n<p>Svaka faza na\u0161eg proizvodnog procesa nadzire se i kontrolira kroz jasno definirane <strong>kontrolne to\u010dke<\/strong> kako bi se osigurala sigurnost i dosljednost proizvoda.<br\/><br\/>Na\u0161 sustav kontrole podr\u017ean je automatiziranim tehnologijama koje nadziru i reguliraju klju\u010dne parametre.<br\/><br\/>Pogoni prolaze redovite interne revizije i inspekcije tre\u0107ih strana kako bi se osigurala uskla\u0111enost sa standardima sigurnosti proizvoda i potaknulo kontinuirano pobolj\u0161anje.<\/p>\n\n<h2 class=\"wp-block-heading has-palette-color-3-color has-text-color has-link-color has-medium-font-size wp-elements-f7f6496055dd0fe55313e57602a767a9\">Testiranje i kontrola kvalitete<\/h2>\n\n<p>Svi gotovi proizvodi prolaze laboratorijsku analizu kako bi se osigurala dosljedna <strong>kvaliteta i sigurnost<\/strong>. Protokoli testiranja uklju\u010duju provjere nutritivnog sastava, mikrobiolo\u0161ke sigurnosti, te\u0161kih metala i mikotoksina &#8211; u potpunoj uskla\u0111enosti s primjenjivim regulatornim standardima. Svaka proizvodna serija pojedina\u010dno se testira i prati je <strong>certifikat specifi\u010dan za seriju<\/strong>, osiguravaju\u0107i potpunu sljedivost i jamstvo proizvoda.  <\/p>\n\n<h2 class=\"wp-block-heading has-palette-color-3-color has-text-color has-link-color has-medium-font-size wp-elements-635347b9f7b07adc15823c9aa8fc058b\">Sljedivost i transparentnost<\/h2>\n\n<p>Vjerujemo u potpunu transparentnost \u2014 od nabave sirovina do isporuke gotovog proizvoda. Na\u0161i digitalni sustavi prate svaki korak (SAP, WMS), dok svako pakiranje dolazi s QR kodom, EAN kodom i brojem serije za potpunu sljedivost i povjerenje. <\/p>\n\n<h2 class=\"wp-block-heading has-palette-color-3-color has-text-color has-link-color has-medium-font-size wp-elements-767540d0f0026a204340fa766d124454\">Certifikati i revizije<\/h2>\n\n<p>Za popis svih certificiranih standarda i izvje\u0161\u0107a molimo kontaktirajte na\u0161u direktoricu Tatjanu Spai\u0107.<\/p>\n\n<h2 class=\"wp-block-heading has-palette-color-3-color has-text-color has-link-color has-medium-font-size wp-elements-febf89d65ed7730ce38d6e427cab5abd\">Kontinuirano pobolj\u0161anje<\/h2>\n\n<p>U Kraftiji smo predani kontinuiranom pobolj\u0161anju kroz stalna ulaganja u tehnologiju i obuku zaposlenika. Uskom suradnjom s veterinarima, nutricionistima i znanstvenim institucijama osiguravamo da na\u0161i proizvodi i prakse uvijek evoluiraju kako bi ispunili najvi\u0161e standarde. <\/p>\n\n<h2 class=\"wp-block-heading has-text-align-left has-vivid-cyan-blue-color has-text-color has-link-color wp-elements-2975ed4e238d9406dcc493b7732b5f71\"><br\/>Istra\u017eivanje i razvoj (R&amp;D)<br\/><\/h2>\n\n<div class=\"wp-block-columns is-layout-flex wp-container-core-columns-is-layout-28f84493 wp-block-columns-is-layout-flex\">\n<div class=\"wp-block-column is-layout-flow wp-block-column-is-layout-flow\" style=\"flex-basis:66.66%\">\n<h2 class=\"wp-block-heading has-palette-color-3-color has-text-color has-link-color has-medium-font-size wp-elements-ffee9e2eda4d60e605c0c65624ed7d43\">Izvrsne formulacije koje su izradili stru\u010dnjaci<\/h2>\n\n\n\n<p>U srcu na\u0161e premium linije hrane za ku\u0107ne ljubimce le\u017ei predanost znanstvenoj izvrsnosti. Na\u0161 tim veterinara, nutricionista i prehrambenih znanstvenika radi zajedno kako bi stvorio pomno izra\u0111ene recepte dizajnirane da nadma\u0161e najvi\u0161e standarde zdravlja i dobrobiti ku\u0107nih ljubimaca. <\/p>\n<\/div>\n\n\n\n<div class=\"wp-block-column is-layout-flow wp-block-column-is-layout-flow\" style=\"flex-basis:33.33%\">\n<h2 class=\"wp-block-heading has-palette-color-3-color has-palette-color-5-background-color has-text-color has-background has-link-color has-medium-font-size wp-elements-383fe584102b9a7781eb45ce6fdfb17c\">\u201eU Kraftiji, prehrana je vo\u0111ena znano\u0161\u0107u. Na\u0161 tim za istra\u017eivanje i razvoj osigurava da je svaki recept potkrijepljen<br\/>istra\u017eivanjem i prilago\u0111en stvarnim potrebama ku\u0107nih ljubimaca.\u201c <\/h2>\n<\/div>\n<\/div>\n\n<h2 class=\"wp-block-heading has-palette-color-3-color has-text-color has-link-color has-medium-font-size wp-elements-a7d01c999ed1476acc162a0d9e3aa0ee\">Napredna nutritivna preciznost<\/h2>\n\n<p>Koristimo najsuvremenija istra\u017eivanja u prehrani ku\u0107nih ljubimaca kako bismo pru\u017eili prilago\u0111ene formule specifi\u010dne za vrste. Bilo da se radi o osjetljivoj probavi va\u0161e ma\u010dke ili optimalnim energetskim potrebama va\u0161eg psa, na\u0161 R&amp;D proces jam\u010di da je svaki sastojak i omjer nutrijenata odabran s prioritetom na zdravlje va\u0161eg ljubimca. <\/p>\n\n<p><\/p>\n","protected":false},"excerpt":{"rendered":"<p>Sigurnost hrane i standardi \u201eSvaki proizvod koji izra\u0111ujemo prolazi stroge sigurnosne provjere kako bi se osigurala najvi\u0161a kvaliteta i nutritivna vrijednost za ku\u0107ne ljubimce.\u201c U Kraftiji smo predani najvi\u0161im sigurnosnim protokolima, osiguravaju\u0107i da svaki proizvod ispunjava stroge standarde kvalitete. Svaki proizvod koji proizvodimo prolazi temeljite sigurnosne inspekcije kako bi se jam\u010dila vrhunska kvaliteta i optimalna [&hellip;]<\/p>\n","protected":false},"author":1,"featured_media":0,"parent":0,"menu_order":0,"comment_status":"closed","ping_status":"closed","template":"","meta":{"_acf_changed":false,"footnotes":""},"class_list":["post-4660","page","type-page","status-publish","hentry"],"blocksy_meta":[],"acf":[],"_links":{"self":[{"href":"https:\/\/kraftiapet.com\/hr\/wp-json\/wp\/v2\/pages\/4660","targetHints":{"allow":["GET"]}}],"collection":[{"href":"https:\/\/kraftiapet.com\/hr\/wp-json\/wp\/v2\/pages"}],"about":[{"href":"https:\/\/kraftiapet.com\/hr\/wp-json\/wp\/v2\/types\/page"}],"author":[{"embeddable":true,"href":"https:\/\/kraftiapet.com\/hr\/wp-json\/wp\/v2\/users\/1"}],"replies":[{"embeddable":true,"href":"https:\/\/kraftiapet.com\/hr\/wp-json\/wp\/v2\/comments?post=4660"}],"version-history":[{"count":2,"href":"https:\/\/kraftiapet.com\/hr\/wp-json\/wp\/v2\/pages\/4660\/revisions"}],"predecessor-version":[{"id":4662,"href":"https:\/\/kraftiapet.com\/hr\/wp-json\/wp\/v2\/pages\/4660\/revisions\/4662"}],"wp:attachment":[{"href":"https:\/\/kraftiapet.com\/hr\/wp-json\/wp\/v2\/media?parent=4660"}],"curies":[{"name":"wp","href":"https:\/\/api.w.org\/{rel}","templated":true}]}}