{"id":4671,"date":"2025-09-29T11:19:40","date_gmt":"2025-09-29T11:19:40","guid":{"rendered":"https:\/\/kraftiapet.com\/?post_type=product&#038;p=4671"},"modified":"2026-03-20T11:03:28","modified_gmt":"2026-03-20T11:03:28","slug":"lamb-with-quail-2","status":"publish","type":"product","link":"https:\/\/kraftiapet.com\/hr\/proizvod\/lamb-with-quail-2\/","title":{"rendered":"Lamb with Quail"},"content":{"rendered":"","protected":false},"excerpt":{"rendered":"<p>Craftia Natura Lamb with Quail je prirodna hrana za \u0161tenad srednjih i velikih pasmina s janjetinom i prepelicom. Janjetina iz travnog uzgoja i prepelica \u010dine savr\u0161en spoj, pru\u017eaju\u0107i prirodnu hipoalergensku mje\u0161avinu bogatu lako probavljivim proteinima i vitalnim hranjivim tvarima. Stvaraju harmoniju za organizam i podr\u017eavaju zdrav imunolo\u0161ki sustav.  <\/p>\n","protected":false},"featured_media":4672,"comment_status":"open","ping_status":"closed","template":"","meta":{"_acf_changed":false},"pwb-brand":[],"product_brand":[319],"product_cat":[321,320],"product_tag":[],"class_list":{"0":"post-4671","1":"product","2":"type-product","3":"status-publish","4":"has-post-thumbnail","6":"product_brand-craftia-natura","7":"product_cat-puppy","8":"product_cat-dog-food","10":"first","11":"instock","12":"taxable","13":"shipping-taxable","14":"product-type-variable"},"acf":[],"brands":[],"_links":{"self":[{"href":"https:\/\/kraftiapet.com\/hr\/wp-json\/wp\/v2\/product\/4671","targetHints":{"allow":["GET"]}}],"collection":[{"href":"https:\/\/kraftiapet.com\/hr\/wp-json\/wp\/v2\/product"}],"about":[{"href":"https:\/\/kraftiapet.com\/hr\/wp-json\/wp\/v2\/types\/product"}],"replies":[{"embeddable":true,"href":"https:\/\/kraftiapet.com\/hr\/wp-json\/wp\/v2\/comments?post=4671"}],"wp:featuredmedia":[{"embeddable":true,"href":"https:\/\/kraftiapet.com\/hr\/wp-json\/wp\/v2\/media\/4672"}],"wp:attachment":[{"href":"https:\/\/kraftiapet.com\/hr\/wp-json\/wp\/v2\/media?parent=4671"}],"wp:term":[{"taxonomy":"pwb-brand","embeddable":true,"href":"https:\/\/kraftiapet.com\/hr\/wp-json\/wp\/v2\/pwb-brand?post=4671"},{"taxonomy":"product_brand","embeddable":true,"href":"https:\/\/kraftiapet.com\/hr\/wp-json\/wp\/v2\/product_brand?post=4671"},{"taxonomy":"product_cat","embeddable":true,"href":"https:\/\/kraftiapet.com\/hr\/wp-json\/wp\/v2\/product_cat?post=4671"},{"taxonomy":"product_tag","embeddable":true,"href":"https:\/\/kraftiapet.com\/hr\/wp-json\/wp\/v2\/product_tag?post=4671"}],"curies":[{"name":"wp","href":"https:\/\/api.w.org\/{rel}","templated":true}]}}