{"id":4706,"date":"2025-09-29T10:38:16","date_gmt":"2025-09-29T10:38:16","guid":{"rendered":"https:\/\/kraftiapet.com\/?post_type=product&#038;p=4706"},"modified":"2026-03-20T11:03:29","modified_gmt":"2026-03-20T11:03:29","slug":"lamb-with-quail-4","status":"publish","type":"product","link":"https:\/\/kraftiapet.com\/hr\/proizvod\/lamb-with-quail-4\/","title":{"rendered":"Lamb with Quail"},"content":{"rendered":"","protected":false},"excerpt":{"rendered":"<p>Craftia Natura Lamb with Quail je premium prirodna hrana za pse srednjih i velikih pasmina s janjetinom i prepelicama. Janjetina s pa\u0161njaka i prepelica su savr\u0161en spoj koji pru\u017ea prirodnu hipoalergensku mje\u0161avinu bogatu lako probavljivim proteinima i vitalnim hranjivim tvarima. Stvaraju harmoniju za organizam i podr\u017eavaju zdrav imunolo\u0161ki sustav.  <\/p>\n","protected":false},"featured_media":4707,"comment_status":"open","ping_status":"closed","template":"","meta":{"_acf_changed":false},"pwb-brand":[],"product_brand":[319],"product_cat":[320,325],"product_tag":[],"class_list":{"0":"post-4706","1":"product","2":"type-product","3":"status-publish","4":"has-post-thumbnail","6":"product_brand-craftia-natura","7":"product_cat-dog-food","8":"product_cat-adult-dog","10":"first","11":"instock","12":"taxable","13":"shipping-taxable","14":"product-type-variable"},"acf":[],"brands":[],"_links":{"self":[{"href":"https:\/\/kraftiapet.com\/hr\/wp-json\/wp\/v2\/product\/4706","targetHints":{"allow":["GET"]}}],"collection":[{"href":"https:\/\/kraftiapet.com\/hr\/wp-json\/wp\/v2\/product"}],"about":[{"href":"https:\/\/kraftiapet.com\/hr\/wp-json\/wp\/v2\/types\/product"}],"replies":[{"embeddable":true,"href":"https:\/\/kraftiapet.com\/hr\/wp-json\/wp\/v2\/comments?post=4706"}],"wp:featuredmedia":[{"embeddable":true,"href":"https:\/\/kraftiapet.com\/hr\/wp-json\/wp\/v2\/media\/4707"}],"wp:attachment":[{"href":"https:\/\/kraftiapet.com\/hr\/wp-json\/wp\/v2\/media?parent=4706"}],"wp:term":[{"taxonomy":"pwb-brand","embeddable":true,"href":"https:\/\/kraftiapet.com\/hr\/wp-json\/wp\/v2\/pwb-brand?post=4706"},{"taxonomy":"product_brand","embeddable":true,"href":"https:\/\/kraftiapet.com\/hr\/wp-json\/wp\/v2\/product_brand?post=4706"},{"taxonomy":"product_cat","embeddable":true,"href":"https:\/\/kraftiapet.com\/hr\/wp-json\/wp\/v2\/product_cat?post=4706"},{"taxonomy":"product_tag","embeddable":true,"href":"https:\/\/kraftiapet.com\/hr\/wp-json\/wp\/v2\/product_tag?post=4706"}],"curies":[{"name":"wp","href":"https:\/\/api.w.org\/{rel}","templated":true}]}}