{"id":4716,"date":"2025-09-26T11:01:26","date_gmt":"2025-09-26T11:01:26","guid":{"rendered":"https:\/\/kraftiapet.com\/?post_type=product&#038;p=4716"},"modified":"2026-03-20T11:03:05","modified_gmt":"2026-03-20T11:03:05","slug":"chicken-fish","status":"publish","type":"product","link":"https:\/\/kraftiapet.com\/hr\/proizvod\/chicken-fish\/","title":{"rendered":"Chicken &amp; Fish"},"content":{"rendered":"","protected":false},"excerpt":{"rendered":"<p>Craftia Harmona Chicken &amp; Fish je premium hrana za ma\u010di\u0107e s piletinom i ribom. Piletina i riba \u010dine izvrsnu ukusnu kombinaciju: obje pru\u017eaju zdrav izvor proteina, neophodnih za ma\u010dke, poma\u017eu\u0107i u odr\u017eavanju i podr\u0161ci jakih i agilnih mi\u0161i\u0107a. Riba i riblje ulje va\u017eni su za odr\u017eavanje zdrave ko\u017ee i sjajne dlake.  <\/p>\n","protected":false},"featured_media":4717,"comment_status":"open","ping_status":"closed","template":"","meta":{"_acf_changed":false},"pwb-brand":[],"product_brand":[335],"product_cat":[336,339],"product_tag":[],"class_list":{"0":"post-4716","1":"product","2":"type-product","3":"status-publish","4":"has-post-thumbnail","6":"product_brand-craftia-harmona","7":"product_cat-cat-food","8":"product_cat-kitten","10":"first","11":"instock","12":"taxable","13":"shipping-taxable","14":"product-type-variable"},"acf":[],"brands":[],"_links":{"self":[{"href":"https:\/\/kraftiapet.com\/hr\/wp-json\/wp\/v2\/product\/4716","targetHints":{"allow":["GET"]}}],"collection":[{"href":"https:\/\/kraftiapet.com\/hr\/wp-json\/wp\/v2\/product"}],"about":[{"href":"https:\/\/kraftiapet.com\/hr\/wp-json\/wp\/v2\/types\/product"}],"replies":[{"embeddable":true,"href":"https:\/\/kraftiapet.com\/hr\/wp-json\/wp\/v2\/comments?post=4716"}],"wp:featuredmedia":[{"embeddable":true,"href":"https:\/\/kraftiapet.com\/hr\/wp-json\/wp\/v2\/media\/4717"}],"wp:attachment":[{"href":"https:\/\/kraftiapet.com\/hr\/wp-json\/wp\/v2\/media?parent=4716"}],"wp:term":[{"taxonomy":"pwb-brand","embeddable":true,"href":"https:\/\/kraftiapet.com\/hr\/wp-json\/wp\/v2\/pwb-brand?post=4716"},{"taxonomy":"product_brand","embeddable":true,"href":"https:\/\/kraftiapet.com\/hr\/wp-json\/wp\/v2\/product_brand?post=4716"},{"taxonomy":"product_cat","embeddable":true,"href":"https:\/\/kraftiapet.com\/hr\/wp-json\/wp\/v2\/product_cat?post=4716"},{"taxonomy":"product_tag","embeddable":true,"href":"https:\/\/kraftiapet.com\/hr\/wp-json\/wp\/v2\/product_tag?post=4716"}],"curies":[{"name":"wp","href":"https:\/\/api.w.org\/{rel}","templated":true}]}}