{"id":4720,"date":"2025-09-26T11:51:16","date_gmt":"2025-09-26T11:51:16","guid":{"rendered":"https:\/\/kraftiapet.com\/?post_type=product&#038;p=4720"},"modified":"2026-03-20T11:03:04","modified_gmt":"2026-03-20T11:03:04","slug":"duck-turkey-for-sterilised-cats","status":"publish","type":"product","link":"https:\/\/kraftiapet.com\/hr\/proizvod\/duck-turkey-for-sterilised-cats\/","title":{"rendered":"Duck &amp; Turkey for Sterilised Cats"},"content":{"rendered":"","protected":false},"excerpt":{"rendered":"<p>Craftia Harmona Duck &amp; Turkey for Sterilised Cats je premium suha hrana za sterilizirane ma\u010dke s patkom i puricom. Patka i purica pru\u017eaju lako probavljive proteine, poma\u017eu\u0107i u odr\u017eavanju zdravog imunolo\u0161kog sustava, zdravog srca te zdravih, sna\u017enih i agilnih mi\u0161i\u0107a. Kombinacija mesa patke i purice pru\u017ea okus koji \u0107e ma\u010dke obo\u017eavati.  <\/p>\n","protected":false},"featured_media":4721,"comment_status":"open","ping_status":"closed","template":"","meta":{"_acf_changed":false},"pwb-brand":[],"product_brand":[335],"product_cat":[336,337],"product_tag":[],"class_list":{"0":"post-4720","1":"product","2":"type-product","3":"status-publish","4":"has-post-thumbnail","6":"product_brand-craftia-harmona","7":"product_cat-cat-food","8":"product_cat-adult-cat","10":"first","11":"instock","12":"taxable","13":"shipping-taxable","14":"product-type-variable"},"acf":[],"brands":[],"_links":{"self":[{"href":"https:\/\/kraftiapet.com\/hr\/wp-json\/wp\/v2\/product\/4720","targetHints":{"allow":["GET"]}}],"collection":[{"href":"https:\/\/kraftiapet.com\/hr\/wp-json\/wp\/v2\/product"}],"about":[{"href":"https:\/\/kraftiapet.com\/hr\/wp-json\/wp\/v2\/types\/product"}],"replies":[{"embeddable":true,"href":"https:\/\/kraftiapet.com\/hr\/wp-json\/wp\/v2\/comments?post=4720"}],"wp:featuredmedia":[{"embeddable":true,"href":"https:\/\/kraftiapet.com\/hr\/wp-json\/wp\/v2\/media\/4721"}],"wp:attachment":[{"href":"https:\/\/kraftiapet.com\/hr\/wp-json\/wp\/v2\/media?parent=4720"}],"wp:term":[{"taxonomy":"pwb-brand","embeddable":true,"href":"https:\/\/kraftiapet.com\/hr\/wp-json\/wp\/v2\/pwb-brand?post=4720"},{"taxonomy":"product_brand","embeddable":true,"href":"https:\/\/kraftiapet.com\/hr\/wp-json\/wp\/v2\/product_brand?post=4720"},{"taxonomy":"product_cat","embeddable":true,"href":"https:\/\/kraftiapet.com\/hr\/wp-json\/wp\/v2\/product_cat?post=4720"},{"taxonomy":"product_tag","embeddable":true,"href":"https:\/\/kraftiapet.com\/hr\/wp-json\/wp\/v2\/product_tag?post=4720"}],"curies":[{"name":"wp","href":"https:\/\/api.w.org\/{rel}","templated":true}]}}