{"id":4735,"date":"2025-09-26T12:43:59","date_gmt":"2025-09-26T12:43:59","guid":{"rendered":"https:\/\/kraftiapet.com\/?post_type=product&#038;p=4735"},"modified":"2026-03-20T11:03:04","modified_gmt":"2026-03-20T11:03:04","slug":"lamb-with-venison-for-sterilised-cats","status":"publish","type":"product","link":"https:\/\/kraftiapet.com\/hr\/proizvod\/lamb-with-venison-for-sterilised-cats\/","title":{"rendered":"Lamb with Venison for Sterilised Cats"},"content":{"rendered":"","protected":false},"excerpt":{"rendered":"<p>Craftia Harmona Janjetina s divlja\u010dju je premium suha hrana za sterilizirane ma\u010dke. S visokokvalitetnom janjetinom i divlja\u010dju kao glavnim izvorima proteina, poma\u017ee u odr\u017eavanju mr\u0161ave mi\u0161i\u0107ne mase i zdrave tjelesne te\u017eine. Oboga\u0107ena vitaminima, mineralima i prirodnim vlaknima za potporu probavi, imunitetu i zdravlju mokra\u0107nog sustava \u2014 bez ikakvih umjetnih dodataka.  <\/p>\n","protected":false},"featured_media":4736,"comment_status":"open","ping_status":"closed","template":"","meta":{"_acf_changed":false},"pwb-brand":[],"product_brand":[335],"product_cat":[336,337],"product_tag":[],"class_list":{"0":"post-4735","1":"product","2":"type-product","3":"status-publish","4":"has-post-thumbnail","6":"product_brand-craftia-harmona","7":"product_cat-cat-food","8":"product_cat-adult-cat","10":"first","11":"instock","12":"taxable","13":"shipping-taxable","14":"product-type-variable"},"acf":[],"brands":[],"_links":{"self":[{"href":"https:\/\/kraftiapet.com\/hr\/wp-json\/wp\/v2\/product\/4735","targetHints":{"allow":["GET"]}}],"collection":[{"href":"https:\/\/kraftiapet.com\/hr\/wp-json\/wp\/v2\/product"}],"about":[{"href":"https:\/\/kraftiapet.com\/hr\/wp-json\/wp\/v2\/types\/product"}],"replies":[{"embeddable":true,"href":"https:\/\/kraftiapet.com\/hr\/wp-json\/wp\/v2\/comments?post=4735"}],"wp:featuredmedia":[{"embeddable":true,"href":"https:\/\/kraftiapet.com\/hr\/wp-json\/wp\/v2\/media\/4736"}],"wp:attachment":[{"href":"https:\/\/kraftiapet.com\/hr\/wp-json\/wp\/v2\/media?parent=4735"}],"wp:term":[{"taxonomy":"pwb-brand","embeddable":true,"href":"https:\/\/kraftiapet.com\/hr\/wp-json\/wp\/v2\/pwb-brand?post=4735"},{"taxonomy":"product_brand","embeddable":true,"href":"https:\/\/kraftiapet.com\/hr\/wp-json\/wp\/v2\/product_brand?post=4735"},{"taxonomy":"product_cat","embeddable":true,"href":"https:\/\/kraftiapet.com\/hr\/wp-json\/wp\/v2\/product_cat?post=4735"},{"taxonomy":"product_tag","embeddable":true,"href":"https:\/\/kraftiapet.com\/hr\/wp-json\/wp\/v2\/product_tag?post=4735"}],"curies":[{"name":"wp","href":"https:\/\/api.w.org\/{rel}","templated":true}]}}