{"id":4750,"date":"2025-10-07T11:11:41","date_gmt":"2025-10-07T11:11:41","guid":{"rendered":"https:\/\/kraftiapet.com\/?post_type=product&#038;p=4750"},"modified":"2026-03-20T11:05:56","modified_gmt":"2026-03-20T11:05:56","slug":"hc-hepatic-care","status":"publish","type":"product","link":"https:\/\/kraftiapet.com\/hr\/proizvod\/hc-hepatic-care\/","title":{"rendered":"HC Hepatic Care"},"content":{"rendered":"","protected":false},"excerpt":{"rendered":"<p>HC Hepatic Care \u2013 Galena Veterinary je potpuna dijetetska hrana za pse, razvijena kao veterinarska hrana za pse za podr\u0161ku jetre i hepati\u010dku njegu. Formulirana je za podr\u0161ku funkciji jetre u slu\u010dajevima kroni\u010dne jetrene insuficijencije i smanjenje optere\u0107enja jetre. Ovaj recept sadr\u017ei umjerenu razinu odabranih, visoko probavljivih proteina koji poti\u010du optimalan metabolizam i poma\u017eu u procesima detoksikacije.  <\/p>\n<p><strong>KADA GALENA HEPATIC CARE?<\/strong><\/p>\n<ul>\n<li>Za kroni\u010dnu ili akutnu jetrenu insuficijenciju<\/li>\n<li>Podr\u017eava regeneraciju i detoksikaciju jetre<\/li>\n<li>Sadr\u017ei umjerene razine visokokvalitetnih, probavljivih proteina<\/li>\n<li>Poma\u017ee u smanjenju jetrenog stresa i upale<\/li>\n<li>Preporu\u010duje se za pse s o\u0161te\u0107enom funkcijom jetre<\/li>\n<\/ul>\n","protected":false},"featured_media":4751,"comment_status":"open","ping_status":"closed","template":"","meta":{"_acf_changed":false},"pwb-brand":[],"product_brand":[344],"product_cat":[320,325],"product_tag":[],"class_list":{"0":"post-4750","1":"product","2":"type-product","3":"status-publish","4":"has-post-thumbnail","6":"product_brand-craftia-galena","7":"product_cat-dog-food","8":"product_cat-adult-dog","10":"first","11":"instock","12":"taxable","13":"shipping-taxable","14":"product-type-variable"},"acf":[],"brands":[],"_links":{"self":[{"href":"https:\/\/kraftiapet.com\/hr\/wp-json\/wp\/v2\/product\/4750","targetHints":{"allow":["GET"]}}],"collection":[{"href":"https:\/\/kraftiapet.com\/hr\/wp-json\/wp\/v2\/product"}],"about":[{"href":"https:\/\/kraftiapet.com\/hr\/wp-json\/wp\/v2\/types\/product"}],"replies":[{"embeddable":true,"href":"https:\/\/kraftiapet.com\/hr\/wp-json\/wp\/v2\/comments?post=4750"}],"wp:featuredmedia":[{"embeddable":true,"href":"https:\/\/kraftiapet.com\/hr\/wp-json\/wp\/v2\/media\/4751"}],"wp:attachment":[{"href":"https:\/\/kraftiapet.com\/hr\/wp-json\/wp\/v2\/media?parent=4750"}],"wp:term":[{"taxonomy":"pwb-brand","embeddable":true,"href":"https:\/\/kraftiapet.com\/hr\/wp-json\/wp\/v2\/pwb-brand?post=4750"},{"taxonomy":"product_brand","embeddable":true,"href":"https:\/\/kraftiapet.com\/hr\/wp-json\/wp\/v2\/product_brand?post=4750"},{"taxonomy":"product_cat","embeddable":true,"href":"https:\/\/kraftiapet.com\/hr\/wp-json\/wp\/v2\/product_cat?post=4750"},{"taxonomy":"product_tag","embeddable":true,"href":"https:\/\/kraftiapet.com\/hr\/wp-json\/wp\/v2\/product_tag?post=4750"}],"curies":[{"name":"wp","href":"https:\/\/api.w.org\/{rel}","templated":true}]}}