{"id":4754,"date":"2025-10-06T12:22:23","date_gmt":"2025-10-06T12:22:23","guid":{"rendered":"https:\/\/kraftiapet.com\/?post_type=product&#038;p=4754"},"modified":"2026-03-20T11:05:17","modified_gmt":"2026-03-20T11:05:17","slug":"rcc-recovery-convalescence-care-2","status":"publish","type":"product","link":"https:\/\/kraftiapet.com\/hr\/proizvod\/rcc-recovery-convalescence-care-2\/","title":{"rendered":"RCC Recovery &amp; Convalescence Care"},"content":{"rendered":"","protected":false},"excerpt":{"rendered":"<p>RCC Recovery &amp; Convalescence Care \u2013 Craftia Galena Veterinary je potpuna dijetetska hrana za ma\u010dke, formulirana kao veterinarska hrana za ma\u010dke za oporavak i rekonvalescenciju. Podr\u017eava nutritivnu obnovu tijekom bolesti, operacija ili razdoblja oporavka pru\u017eaju\u0107i visoku energetsku gusto\u0107u, esencijalne hranjive tvari i lako probavljive sastojke. Formula poma\u017ee vratiti apetit, potaknuti regeneraciju tkiva i podr\u017eati metaboli\u010dki oporavak kod oslabljenih ili pothranjenih ma\u010daka.  <\/p>\n<p><strong>KADA KORISTITI GALENA RCC Recovery &amp; Convalescence Care?<\/strong><\/p>\n<ul>\n<li>Za nutritivnu obnovu nakon bolesti ili operacije<\/li>\n<li>Podr\u017eava rekonvalescenciju i oporavak energije<\/li>\n<li>Visokoenergetska formula bogata hranjivim tvarima<\/li>\n<li>Poti\u010de apetit i vitalnost<\/li>\n<li>Preporu\u010duje se za oslabljene ili pothranjene ma\u010dke<\/li>\n<\/ul>\n","protected":false},"featured_media":4755,"comment_status":"open","ping_status":"closed","template":"","meta":{"_acf_changed":false},"pwb-brand":[],"product_brand":[344],"product_cat":[336,337],"product_tag":[],"class_list":{"0":"post-4754","1":"product","2":"type-product","3":"status-publish","4":"has-post-thumbnail","6":"product_brand-craftia-galena","7":"product_cat-cat-food","8":"product_cat-adult-cat","10":"first","11":"instock","12":"taxable","13":"shipping-taxable","14":"product-type-variable"},"acf":[],"brands":[],"_links":{"self":[{"href":"https:\/\/kraftiapet.com\/hr\/wp-json\/wp\/v2\/product\/4754","targetHints":{"allow":["GET"]}}],"collection":[{"href":"https:\/\/kraftiapet.com\/hr\/wp-json\/wp\/v2\/product"}],"about":[{"href":"https:\/\/kraftiapet.com\/hr\/wp-json\/wp\/v2\/types\/product"}],"replies":[{"embeddable":true,"href":"https:\/\/kraftiapet.com\/hr\/wp-json\/wp\/v2\/comments?post=4754"}],"wp:featuredmedia":[{"embeddable":true,"href":"https:\/\/kraftiapet.com\/hr\/wp-json\/wp\/v2\/media\/4755"}],"wp:attachment":[{"href":"https:\/\/kraftiapet.com\/hr\/wp-json\/wp\/v2\/media?parent=4754"}],"wp:term":[{"taxonomy":"pwb-brand","embeddable":true,"href":"https:\/\/kraftiapet.com\/hr\/wp-json\/wp\/v2\/pwb-brand?post=4754"},{"taxonomy":"product_brand","embeddable":true,"href":"https:\/\/kraftiapet.com\/hr\/wp-json\/wp\/v2\/product_brand?post=4754"},{"taxonomy":"product_cat","embeddable":true,"href":"https:\/\/kraftiapet.com\/hr\/wp-json\/wp\/v2\/product_cat?post=4754"},{"taxonomy":"product_tag","embeddable":true,"href":"https:\/\/kraftiapet.com\/hr\/wp-json\/wp\/v2\/product_tag?post=4754"}],"curies":[{"name":"wp","href":"https:\/\/api.w.org\/{rel}","templated":true}]}}