{"id":4758,"date":"2025-10-06T12:29:44","date_gmt":"2025-10-06T12:29:44","guid":{"rendered":"https:\/\/kraftiapet.com\/?post_type=product&#038;p=4758"},"modified":"2026-03-20T11:05:16","modified_gmt":"2026-03-20T11:05:16","slug":"hdc-hypoallergenic-derm-care","status":"publish","type":"product","link":"https:\/\/kraftiapet.com\/hr\/proizvod\/hdc-hypoallergenic-derm-care\/","title":{"rendered":"HDC Hypoallergenic Derm Care"},"content":{"rendered":"","protected":false},"excerpt":{"rendered":"<p>HDC Hypoallergenic Derm Care \u2013 Craftia Galena Veterinary je potpuna dijetetska hrana za ma\u010dke, formulirana kao veterinarska hrana za ma\u010dke za ko\u017ene alergije i dermatoze. Podr\u017eava funkciju ko\u017ee u slu\u010dajevima dermatoze i prekomjernog gubitka dlake te poma\u017ee smanjiti intolerancije na sastojke i hranjive tvari. Formula sadr\u017ei visoke razine linolne kiseline (LA), eikozapentaenske kiseline (EPA) i dokozaheksaenske kiseline (DHA) za njegu ko\u017ee, pobolj\u0161anje kvalitete dlake i odr\u017eavanje prirodne za\u0161titne barijere.  <\/p>\n<p><strong>KADA KORISTITI GALENA HDC Hypoallergenic Derm Care?<\/strong><\/p>\n<ul>\n<li>Za ma\u010dke s intolerancijom na sastojke ili hranjive tvari<\/li>\n<li>U slu\u010dajevima dermatoze ili prekomjernog gubitka dlake<\/li>\n<li>Podr\u017eava zdravu regeneraciju ko\u017ee<\/li>\n<li>Poma\u017ee smanjiti svrbe\u017e i iritaciju<\/li>\n<li>Promi\u010de sjajnu i zdravu dlaku<\/li>\n<li>Preporu\u010duje se za ma\u010dke sklone alergijskim ko\u017enim reakcijama<\/li>\n<\/ul>\n","protected":false},"featured_media":4759,"comment_status":"open","ping_status":"closed","template":"","meta":{"_acf_changed":false},"pwb-brand":[],"product_brand":[344],"product_cat":[336,337],"product_tag":[],"class_list":{"0":"post-4758","1":"product","2":"type-product","3":"status-publish","4":"has-post-thumbnail","6":"product_brand-craftia-galena","7":"product_cat-cat-food","8":"product_cat-adult-cat","10":"first","11":"instock","12":"taxable","13":"shipping-taxable","14":"product-type-variable"},"acf":[],"brands":[],"_links":{"self":[{"href":"https:\/\/kraftiapet.com\/hr\/wp-json\/wp\/v2\/product\/4758","targetHints":{"allow":["GET"]}}],"collection":[{"href":"https:\/\/kraftiapet.com\/hr\/wp-json\/wp\/v2\/product"}],"about":[{"href":"https:\/\/kraftiapet.com\/hr\/wp-json\/wp\/v2\/types\/product"}],"replies":[{"embeddable":true,"href":"https:\/\/kraftiapet.com\/hr\/wp-json\/wp\/v2\/comments?post=4758"}],"wp:featuredmedia":[{"embeddable":true,"href":"https:\/\/kraftiapet.com\/hr\/wp-json\/wp\/v2\/media\/4759"}],"wp:attachment":[{"href":"https:\/\/kraftiapet.com\/hr\/wp-json\/wp\/v2\/media?parent=4758"}],"wp:term":[{"taxonomy":"pwb-brand","embeddable":true,"href":"https:\/\/kraftiapet.com\/hr\/wp-json\/wp\/v2\/pwb-brand?post=4758"},{"taxonomy":"product_brand","embeddable":true,"href":"https:\/\/kraftiapet.com\/hr\/wp-json\/wp\/v2\/product_brand?post=4758"},{"taxonomy":"product_cat","embeddable":true,"href":"https:\/\/kraftiapet.com\/hr\/wp-json\/wp\/v2\/product_cat?post=4758"},{"taxonomy":"product_tag","embeddable":true,"href":"https:\/\/kraftiapet.com\/hr\/wp-json\/wp\/v2\/product_tag?post=4758"}],"curies":[{"name":"wp","href":"https:\/\/api.w.org\/{rel}","templated":true}]}}