{"id":4766,"date":"2025-10-06T12:07:59","date_gmt":"2025-10-06T12:07:59","guid":{"rendered":"https:\/\/kraftiapet.com\/?post_type=product&#038;p=4766"},"modified":"2026-03-20T11:05:17","modified_gmt":"2026-03-20T11:05:17","slug":"rc-renal-care-2","status":"publish","type":"product","link":"https:\/\/kraftiapet.com\/hr\/proizvod\/rc-renal-care-2\/","title":{"rendered":"RC Renal Care"},"content":{"rendered":"","protected":false},"excerpt":{"rendered":"<p>RC Renal Care \u2013 Craftia Galena Veterinary je potpuna dijetetska hrana za ma\u010dke, formulirana kao veterinarska hrana za ma\u010dke za podr\u0161ku bubrezima i njegu bubrega. Dizajnirana je za podr\u0161ku bubre\u017enoj funkciji u slu\u010dajevima kroni\u010dne ili privremene bubre\u017ene insuficijencije. Formula poma\u017ee u smanjenju optere\u0107enja bubrega, odr\u017eavanju uravnote\u017eenih razina minerala te podr\u0161ci apetitu i vitalnosti kod ma\u010daka s o\u0161te\u0107enjem bubrega.  <\/p>\n<p><strong>KADA GALENA RENAL CARE?<\/strong><\/p>\n<ul>\n<li>Za kroni\u010dnu ili privremenu bubre\u017enu insuficijenciju<\/li>\n<li>Podr\u017eava funkciju bubrega i detoksikaciju<\/li>\n<li>Poma\u017ee u uravnote\u017eenju razina fosfora i natrija<\/li>\n<li>Poti\u010de hidrataciju i apetit<\/li>\n<li>Preporu\u010duje se za ma\u010dke s bubre\u017enim ili dobnim poreme\u0107ajima bubrega<\/li>\n<\/ul>\n","protected":false},"featured_media":4767,"comment_status":"open","ping_status":"closed","template":"","meta":{"_acf_changed":false},"pwb-brand":[],"product_brand":[344],"product_cat":[336,337],"product_tag":[],"class_list":{"0":"post-4766","1":"product","2":"type-product","3":"status-publish","4":"has-post-thumbnail","6":"product_brand-craftia-galena","7":"product_cat-cat-food","8":"product_cat-adult-cat","10":"first","11":"instock","12":"taxable","13":"shipping-taxable","14":"product-type-variable"},"acf":[],"brands":[],"_links":{"self":[{"href":"https:\/\/kraftiapet.com\/hr\/wp-json\/wp\/v2\/product\/4766","targetHints":{"allow":["GET"]}}],"collection":[{"href":"https:\/\/kraftiapet.com\/hr\/wp-json\/wp\/v2\/product"}],"about":[{"href":"https:\/\/kraftiapet.com\/hr\/wp-json\/wp\/v2\/types\/product"}],"replies":[{"embeddable":true,"href":"https:\/\/kraftiapet.com\/hr\/wp-json\/wp\/v2\/comments?post=4766"}],"wp:featuredmedia":[{"embeddable":true,"href":"https:\/\/kraftiapet.com\/hr\/wp-json\/wp\/v2\/media\/4767"}],"wp:attachment":[{"href":"https:\/\/kraftiapet.com\/hr\/wp-json\/wp\/v2\/media?parent=4766"}],"wp:term":[{"taxonomy":"pwb-brand","embeddable":true,"href":"https:\/\/kraftiapet.com\/hr\/wp-json\/wp\/v2\/pwb-brand?post=4766"},{"taxonomy":"product_brand","embeddable":true,"href":"https:\/\/kraftiapet.com\/hr\/wp-json\/wp\/v2\/product_brand?post=4766"},{"taxonomy":"product_cat","embeddable":true,"href":"https:\/\/kraftiapet.com\/hr\/wp-json\/wp\/v2\/product_cat?post=4766"},{"taxonomy":"product_tag","embeddable":true,"href":"https:\/\/kraftiapet.com\/hr\/wp-json\/wp\/v2\/product_tag?post=4766"}],"curies":[{"name":"wp","href":"https:\/\/api.w.org\/{rel}","templated":true}]}}